{"id":710744,"date":"2025-08-27T16:38:55","date_gmt":"2025-08-27T13:38:55","guid":{"rendered":"https:\/\/roveyayinevi.com.tr\/index.php\/urun\/elifin-olaganustu-dusleri\/"},"modified":"2026-04-16T02:19:24","modified_gmt":"2026-04-15T23:19:24","slug":"elifin-olaganustu-dusleri","status":"publish","type":"product","link":"https:\/\/roveyayinevi.com.tr\/index.php\/urun\/elifin-olaganustu-dusleri\/","title":{"rendered":"Elif\u2019in Ola\u011fan\u00fcst\u00fc D\u00fc\u015fleri"},"content":{"rendered":"<p>Ge\u00e7mi\u015f o kadar uzak de\u011fil, gelecek \u00e7ok yak\u0131nda&#8230; Kapat g\u00f6zlerini, sen de d\u00fc\u015f kur!   D\u00fc\u015flerinin i\u00e7inde ge\u00e7mi\u015fe ve gelece\u011fe seyahat eden merakl\u0131 m\u0131 merakl\u0131 bir k\u0131z Elif: Kimi zaman bir uzay gemisinin kaptan\u0131 olarak \u0131\u015f\u0131k h\u0131z\u0131n\u0131n \u00fczerine \u00e7\u0131k\u0131yor, kimi zaman buzul \u00e7a\u011f\u0131nda ya\u015fayan bir anne olarak bebe\u011fi i\u00e7in avlan\u0131yor, kimi zaman da \u0131ss\u0131z bir adada hayatta kalman\u0131n yollar\u0131n\u0131 ar\u0131yor. Zek\u00e2s\u0131 ve cesaretiyle ola\u011fan\u00fcst\u00fc maceralar\u0131n kahraman\u0131 olan Elif\u2019in d\u00fc\u015fleri, b\u00fct\u00fcn \u00e7ocuklara ilham veriyor. <\/p>\n","protected":false},"excerpt":{"rendered":"<p>Ge\u00e7mi\u015f o kadar uzak de\u011fil, gelecek \u00e7ok yak\u0131nda&#8230; Kapat g\u00f6zlerini, sen de d\u00fc\u015f kur! D\u00fc\u015flerinin i\u00e7inde ge\u00e7mi\u015fe ve gelece\u011fe seyahat eden merakl\u0131 m\u0131 merakl\u0131 bir k\u0131z<span class=\"excerpt-hellip\"> [\u2026]<\/span><\/p>\n","protected":false},"featured_media":0,"template":"","meta":{"_monsterinsights_skip_tracking":false,"_monsterinsights_sitenote_active":false,"_monsterinsights_sitenote_note":"","_monsterinsights_sitenote_category":0},"product_brand":[],"product_cat":[12274,12284],"product_tag":[],"class_list":{"0":"post-710744","1":"product","2":"type-product","3":"status-publish","5":"product_cat-cocuk-ve-genclik-kitaplari","6":"product_cat-hikayeler","7":"pa_cilt-ciltsiz","8":"pa_tur-kitap","9":"pa_yayinevi-yapi-kredi-yayinlari","10":"pa_yazar-bilgin-adali","12":"first","13":"instock","14":"sale","15":"shipping-taxable","16":"purchasable","17":"product-type-simple"},"_links":{"self":[{"href":"https:\/\/roveyayinevi.com.tr\/index.php\/wp-json\/wp\/v2\/product\/710744","targetHints":{"allow":["GET"]}}],"collection":[{"href":"https:\/\/roveyayinevi.com.tr\/index.php\/wp-json\/wp\/v2\/product"}],"about":[{"href":"https:\/\/roveyayinevi.com.tr\/index.php\/wp-json\/wp\/v2\/types\/product"}],"wp:attachment":[{"href":"https:\/\/roveyayinevi.com.tr\/index.php\/wp-json\/wp\/v2\/media?parent=710744"}],"wp:term":[{"taxonomy":"product_brand","embeddable":true,"href":"https:\/\/roveyayinevi.com.tr\/index.php\/wp-json\/wp\/v2\/product_brand?post=710744"},{"taxonomy":"product_cat","embeddable":true,"href":"https:\/\/roveyayinevi.com.tr\/index.php\/wp-json\/wp\/v2\/product_cat?post=710744"},{"taxonomy":"product_tag","embeddable":true,"href":"https:\/\/roveyayinevi.com.tr\/index.php\/wp-json\/wp\/v2\/product_tag?post=710744"}],"curies":[{"name":"wp","href":"https:\/\/api.w.org\/{rel}","templated":true}]}}