{"id":710743,"date":"2025-08-27T16:38:54","date_gmt":"2025-08-27T13:38:54","guid":{"rendered":"https:\/\/roveyayinevi.com.tr\/index.php\/urun\/buyuk-dunya-arastirmasi\/"},"modified":"2026-04-11T02:24:51","modified_gmt":"2026-04-10T23:24:51","slug":"buyuk-dunya-arastirmasi","status":"publish","type":"product","link":"https:\/\/roveyayinevi.com.tr\/index.php\/urun\/buyuk-dunya-arastirmasi\/","title":{"rendered":"B\u00fcy\u00fck D\u00fcnya Ara\u015ft\u0131rmas\u0131"},"content":{"rendered":"<p>Maceraperestler i\u00e7in yola \u00e7\u0131kma vakti. S\u0131rt \u00e7antan\u0131z\u0131 haz\u0131rlay\u0131n! B\u00fcy\u00fck Hala Margigold\u2019un size harika bir hediyesi var: Bir d\u00fcnya turu bileti! Bu yolculukta \u00e7\u00f6z\u00fclecek bulmacalar, aray\u0131p bulman\u0131z gereken hediyeler ve sizi bir sonraki dura\u011f\u0131n\u0131za ta\u015f\u0131yacak bir s\u00fcr\u00fc ipucu var. B\u00fcy\u00fck D\u00fcnya Ara\u015ft\u0131rmas\u0131 saatlerce s\u00fcrecek bulmaca heyecan\u0131na ek olarak ke\u015ffedece\u011finiz ilgin\u00e7 yerlerdeki k\u00fclt\u00fcr ve ya\u015fam \u00fczerine merak uyand\u0131ran bilgiler veriyor. <\/p>\n","protected":false},"excerpt":{"rendered":"<p>Maceraperestler i\u00e7in yola \u00e7\u0131kma vakti. S\u0131rt \u00e7antan\u0131z\u0131 haz\u0131rlay\u0131n! B\u00fcy\u00fck Hala Margigold\u2019un size harika bir hediyesi var: Bir d\u00fcnya turu bileti! Bu yolculukta \u00e7\u00f6z\u00fclecek bulmacalar, aray\u0131p bulman\u0131z<span class=\"excerpt-hellip\"> [\u2026]<\/span><\/p>\n","protected":false},"featured_media":0,"template":"","meta":{"_monsterinsights_skip_tracking":false,"_monsterinsights_sitenote_active":false,"_monsterinsights_sitenote_note":"","_monsterinsights_sitenote_category":0},"product_brand":[],"product_cat":[12274,12284],"product_tag":[],"class_list":{"0":"post-710743","1":"product","2":"type-product","3":"status-publish","5":"product_cat-cocuk-ve-genclik-kitaplari","6":"product_cat-hikayeler","7":"pa_cilt-ciltsiz","8":"pa_tur-kitap","9":"pa_yayinevi-yapi-kredi-yayinlari","10":"pa_yazar-kamini-khanduri","12":"first","13":"instock","14":"sale","15":"shipping-taxable","16":"purchasable","17":"product-type-simple"},"_links":{"self":[{"href":"https:\/\/roveyayinevi.com.tr\/index.php\/wp-json\/wp\/v2\/product\/710743","targetHints":{"allow":["GET"]}}],"collection":[{"href":"https:\/\/roveyayinevi.com.tr\/index.php\/wp-json\/wp\/v2\/product"}],"about":[{"href":"https:\/\/roveyayinevi.com.tr\/index.php\/wp-json\/wp\/v2\/types\/product"}],"wp:attachment":[{"href":"https:\/\/roveyayinevi.com.tr\/index.php\/wp-json\/wp\/v2\/media?parent=710743"}],"wp:term":[{"taxonomy":"product_brand","embeddable":true,"href":"https:\/\/roveyayinevi.com.tr\/index.php\/wp-json\/wp\/v2\/product_brand?post=710743"},{"taxonomy":"product_cat","embeddable":true,"href":"https:\/\/roveyayinevi.com.tr\/index.php\/wp-json\/wp\/v2\/product_cat?post=710743"},{"taxonomy":"product_tag","embeddable":true,"href":"https:\/\/roveyayinevi.com.tr\/index.php\/wp-json\/wp\/v2\/product_tag?post=710743"}],"curies":[{"name":"wp","href":"https:\/\/api.w.org\/{rel}","templated":true}]}}