{"id":710742,"date":"2025-08-27T16:38:54","date_gmt":"2025-08-27T13:38:54","guid":{"rendered":"https:\/\/roveyayinevi.com.tr\/index.php\/urun\/zoom-harflerden-hayvat-bahcesi\/"},"modified":"2026-04-16T02:19:24","modified_gmt":"2026-04-15T23:19:24","slug":"zoom-harflerden-hayvat-bahcesi","status":"publish","type":"product","link":"https:\/\/roveyayinevi.com.tr\/index.php\/urun\/zoom-harflerden-hayvat-bahcesi\/","title":{"rendered":"Zoo&#8217;m (Harflerden Hayvat Bah\u00e7esi)"},"content":{"rendered":"<p>\u201cBeni hayvanlara kendi hayvanlar\u0131m getirdi. Ya onlara, tek tek nas\u0131l gelmi\u015ftim? K\u0131ramad\u0131\u011f\u0131m yaln\u0131zl\u0131k, k\u0131rd\u0131rmad\u0131\u011f\u0131m gurur, ertelenen, hep ertelenen bir son karar ta\u015f\u0131m\u0131\u015f olsa gerekti beni: Akrebe. \u0130\u015fim, se\u00e7ti\u011fim u\u011fra\u015f, se\u00e7ti\u011fim u\u011fra\u015f\u0131n t\u00f6z\u00fc ve ekonomisi beni a\u011fla \u00f6zde\u015fle\u015ftirdi: \u00d6r\u00fcmcek. Hem ehlile\u015fen hem de yaban\u0131ll\u0131\u011f\u0131n\u0131 b\u00fct\u00fcn b\u00fct\u00fcne yitirmeyen duru\u015ftu: \u015eahin. B\u00e2k\u00ee evrende, sahte tarihte, k\u0131yamete s\u0131n\u0131rl\u0131 ve kay\u0131tl\u0131 gelecekte tek \u0131\u015f\u0131kt\u0131: Semender. Soyumun t\u00fckeni\u015fiydi: Gergedan. Ba\u015fkala\u015f\u0131m\u0131n i\u00e7indeki ayn\u0131 kal\u0131\u015f maskesiydi: Bukalemun. Merak b\u00f6ce\u011fi: Belki de s\u0131\u00e7rayan fasulyenin i\u00e7indeydi.\u201d <\/p>\n","protected":false},"excerpt":{"rendered":"<p>\u201cBeni hayvanlara kendi hayvanlar\u0131m getirdi. Ya onlara, tek tek nas\u0131l gelmi\u015ftim? K\u0131ramad\u0131\u011f\u0131m yaln\u0131zl\u0131k, k\u0131rd\u0131rmad\u0131\u011f\u0131m gurur, ertelenen, hep ertelenen bir son karar ta\u015f\u0131m\u0131\u015f olsa gerekti beni: Akrebe.<span class=\"excerpt-hellip\"> [\u2026]<\/span><\/p>\n","protected":false},"featured_media":0,"template":"","meta":{"_monsterinsights_skip_tracking":false,"_monsterinsights_sitenote_active":false,"_monsterinsights_sitenote_note":"","_monsterinsights_sitenote_category":0},"product_brand":[],"product_cat":[12777,12291],"product_tag":[],"class_list":{"0":"post-710742","1":"product","2":"type-product","3":"status-publish","5":"product_cat-deneme","6":"product_cat-edebiyat","7":"pa_cilt-ciltsiz","8":"pa_tur-kitap","9":"pa_yayinevi-kirmizi-kedi-yayinevi","10":"pa_yazar-enis-batur","12":"first","13":"instock","14":"sale","15":"shipping-taxable","16":"purchasable","17":"product-type-simple"},"_links":{"self":[{"href":"https:\/\/roveyayinevi.com.tr\/index.php\/wp-json\/wp\/v2\/product\/710742","targetHints":{"allow":["GET"]}}],"collection":[{"href":"https:\/\/roveyayinevi.com.tr\/index.php\/wp-json\/wp\/v2\/product"}],"about":[{"href":"https:\/\/roveyayinevi.com.tr\/index.php\/wp-json\/wp\/v2\/types\/product"}],"wp:attachment":[{"href":"https:\/\/roveyayinevi.com.tr\/index.php\/wp-json\/wp\/v2\/media?parent=710742"}],"wp:term":[{"taxonomy":"product_brand","embeddable":true,"href":"https:\/\/roveyayinevi.com.tr\/index.php\/wp-json\/wp\/v2\/product_brand?post=710742"},{"taxonomy":"product_cat","embeddable":true,"href":"https:\/\/roveyayinevi.com.tr\/index.php\/wp-json\/wp\/v2\/product_cat?post=710742"},{"taxonomy":"product_tag","embeddable":true,"href":"https:\/\/roveyayinevi.com.tr\/index.php\/wp-json\/wp\/v2\/product_tag?post=710742"}],"curies":[{"name":"wp","href":"https:\/\/api.w.org\/{rel}","templated":true}]}}