{"id":710737,"date":"2025-08-27T16:38:51","date_gmt":"2025-08-27T13:38:51","guid":{"rendered":"https:\/\/roveyayinevi.com.tr\/index.php\/urun\/ask-ve-gurur-2\/"},"modified":"2026-04-16T02:19:24","modified_gmt":"2026-04-15T23:19:24","slug":"ask-ve-gurur-2","status":"publish","type":"product","link":"https:\/\/roveyayinevi.com.tr\/index.php\/urun\/ask-ve-gurur-2\/","title":{"rendered":"A\u015fk ve Gurur"},"content":{"rendered":"<p>A\u015fk ve Gurur aile m\u00fclkiyetinden kaynaklanan bask\u0131lar\u0131n ve geleneksel sosyal d\u00fczenin a\u011f\u0131rl\u0131\u011f\u0131n\u0131n \u00f6n planda oldu\u011fu bir hik\u00e2yedir. \u0130lk bak\u0131\u015fta bunu a\u015fmay\u0131 ba\u015farm\u0131\u015f gibi g\u00f6r\u00fcnen Darcy ile Elizabeth adl\u0131 karakterler toplumsal ger\u00e7eklerden ka\u00e7ma giri\u015fiminde bulunurlar&#8230; <\/p>\n","protected":false},"excerpt":{"rendered":"<p>A\u015fk ve Gurur aile m\u00fclkiyetinden kaynaklanan bask\u0131lar\u0131n ve geleneksel sosyal d\u00fczenin a\u011f\u0131rl\u0131\u011f\u0131n\u0131n \u00f6n planda oldu\u011fu bir hik\u00e2yedir. \u0130lk bak\u0131\u015fta bunu a\u015fmay\u0131 ba\u015farm\u0131\u015f gibi g\u00f6r\u00fcnen Darcy ile<span class=\"excerpt-hellip\"> [\u2026]<\/span><\/p>\n","protected":false},"featured_media":0,"template":"","meta":{"_monsterinsights_skip_tracking":false,"_monsterinsights_sitenote_active":false,"_monsterinsights_sitenote_note":"","_monsterinsights_sitenote_category":0},"product_brand":[],"product_cat":[12291,12866],"product_tag":[],"class_list":{"0":"post-710737","1":"product","2":"type-product","3":"status-publish","5":"product_cat-edebiyat","6":"product_cat-ingiliz-edebiyati","7":"pa_cilt-ciltsiz","8":"pa_tur-kitap","9":"pa_yayinevi-ayrinti-yayinlari","10":"pa_yazar-jane-austen","12":"first","13":"instock","14":"sale","15":"shipping-taxable","16":"purchasable","17":"product-type-simple"},"_links":{"self":[{"href":"https:\/\/roveyayinevi.com.tr\/index.php\/wp-json\/wp\/v2\/product\/710737","targetHints":{"allow":["GET"]}}],"collection":[{"href":"https:\/\/roveyayinevi.com.tr\/index.php\/wp-json\/wp\/v2\/product"}],"about":[{"href":"https:\/\/roveyayinevi.com.tr\/index.php\/wp-json\/wp\/v2\/types\/product"}],"wp:attachment":[{"href":"https:\/\/roveyayinevi.com.tr\/index.php\/wp-json\/wp\/v2\/media?parent=710737"}],"wp:term":[{"taxonomy":"product_brand","embeddable":true,"href":"https:\/\/roveyayinevi.com.tr\/index.php\/wp-json\/wp\/v2\/product_brand?post=710737"},{"taxonomy":"product_cat","embeddable":true,"href":"https:\/\/roveyayinevi.com.tr\/index.php\/wp-json\/wp\/v2\/product_cat?post=710737"},{"taxonomy":"product_tag","embeddable":true,"href":"https:\/\/roveyayinevi.com.tr\/index.php\/wp-json\/wp\/v2\/product_tag?post=710737"}],"curies":[{"name":"wp","href":"https:\/\/api.w.org\/{rel}","templated":true}]}}