{"id":710734,"date":"2025-08-27T16:38:49","date_gmt":"2025-08-27T13:38:49","guid":{"rendered":"https:\/\/roveyayinevi.com.tr\/index.php\/urun\/itirazim-var\/"},"modified":"2026-04-16T02:19:24","modified_gmt":"2026-04-15T23:19:24","slug":"itirazim-var","status":"publish","type":"product","link":"https:\/\/roveyayinevi.com.tr\/index.php\/urun\/itirazim-var\/","title":{"rendered":"\u0130tiraz\u0131m Var!"},"content":{"rendered":"<p>Ya\u015fad\u0131\u011f\u0131m \u015fehirden \u00e7ok s\u0131k\u0131lm\u0131\u015ft\u0131m&#8230; On sekiz ya\u015f\u0131ma girmi\u015f, lise son s\u0131n\u0131fa gelmi\u015f ve art\u0131k bu \u015fehirden gitme zaman\u0131m\u0131n geldi\u011fini anlam\u0131\u015ft\u0131m.Kendi kendime, \u201cMert, o\u011flum bak, \u00fcniversiteyi mutlaka kazanman laz\u0131m!\u201d diyordum&#8230;Evet, \u00fcniversite s\u0131nav\u0131na girecek, b\u00fcy\u00fck \u015fehirlerden birindeki bir \u00fcniversiteyi kazanacak ve bu \u015fehirden kurtulacakt\u0131m&#8230; Okuyaca\u011f\u0131m b\u00f6l\u00fcm bile \u00f6nemli de\u011fildi. \u0130zmir veya \u0130stanbul\u2019daki \u00fcniversitelerden herhangi birindeki, herhangi bir b\u00f6l\u00fcme kapa\u011f\u0131 at\u0131p g\u00fcn\u00fcm\u00fc g\u00fcn ederek ya\u015faman\u0131n hayalini kuruyordum&#8230;Zaten ne\u015feli bir tipimdir, ortama al\u0131\u015ft\u0131\u011f\u0131m anda herkesi g\u00fcld\u00fcrmek ilk g\u00f6revim olur. Bu sayede k\u0131sa s\u00fcrede okulun en g\u00fczel k\u0131z\u0131n\u0131 tavlayacak, grubun pop\u00fcler \u00e7ocu\u011fu ben olacakt\u0131m&#8230;Bizim memleketin erkeklerinin bir hayali vard\u0131r; Amerikan filmlerindeki yak\u0131\u015f\u0131kl\u0131, zengin, herkesin pe\u015finden ko\u015ftu\u011fu adam olmak&#8230;Hah i\u015fte, ben de tam o adam olmak istiyordum&#8230; Ama nereden bileyim sonradan ba\u015f\u0131ma gelecekleri?Ba\u015f\u0131ma neler mi geldi? Yahu neler gelmedi ki&#8230; Dur dur, anlataca\u011f\u0131m hepsini.Abi, bildi\u011fin efsane&#8230;&#8230;Herkesin bir hik\u00e2yesi vard\u0131r, ama baz\u0131lar\u0131n\u0131nki biraz farkl\u0131d\u0131r&#8230; Bir taraf\u0131, \u201cBittin o\u011flum sen!\u201d raconu keserken, di\u011fer taraf\u0131 \u201c\u00d6yleyse yeniden ba\u015flar\u0131z abi!\u201d diyen Mert\u2019in s\u0131ra d\u0131\u015f\u0131 d\u00f6n\u00fc\u015f\u00fcm hik\u00e2yesini severek okuyacaks\u0131n\u0131z&#8230; <\/p>\n","protected":false},"excerpt":{"rendered":"<p>Ya\u015fad\u0131\u011f\u0131m \u015fehirden \u00e7ok s\u0131k\u0131lm\u0131\u015ft\u0131m&#8230; On sekiz ya\u015f\u0131ma girmi\u015f, lise son s\u0131n\u0131fa gelmi\u015f ve art\u0131k bu \u015fehirden gitme zaman\u0131m\u0131n geldi\u011fini anlam\u0131\u015ft\u0131m.Kendi kendime, \u201cMert, o\u011flum bak, \u00fcniversiteyi mutlaka<span class=\"excerpt-hellip\"> [\u2026]<\/span><\/p>\n","protected":false},"featured_media":0,"template":"","meta":{"_monsterinsights_skip_tracking":false,"_monsterinsights_sitenote_active":false,"_monsterinsights_sitenote_note":"","_monsterinsights_sitenote_category":0},"product_brand":[],"product_cat":[12291,12711],"product_tag":[],"class_list":{"0":"post-710734","1":"product","2":"type-product","3":"status-publish","5":"product_cat-edebiyat","6":"product_cat-roman-oyku","7":"pa_cilt-ciltsiz","8":"pa_tur-kitap","9":"pa_yayinevi-carpe-diem-kitaplari","10":"pa_yazar-yusuf-efe-gocer","12":"first","13":"instock","14":"sale","15":"shipping-taxable","16":"purchasable","17":"product-type-simple"},"_links":{"self":[{"href":"https:\/\/roveyayinevi.com.tr\/index.php\/wp-json\/wp\/v2\/product\/710734","targetHints":{"allow":["GET"]}}],"collection":[{"href":"https:\/\/roveyayinevi.com.tr\/index.php\/wp-json\/wp\/v2\/product"}],"about":[{"href":"https:\/\/roveyayinevi.com.tr\/index.php\/wp-json\/wp\/v2\/types\/product"}],"wp:attachment":[{"href":"https:\/\/roveyayinevi.com.tr\/index.php\/wp-json\/wp\/v2\/media?parent=710734"}],"wp:term":[{"taxonomy":"product_brand","embeddable":true,"href":"https:\/\/roveyayinevi.com.tr\/index.php\/wp-json\/wp\/v2\/product_brand?post=710734"},{"taxonomy":"product_cat","embeddable":true,"href":"https:\/\/roveyayinevi.com.tr\/index.php\/wp-json\/wp\/v2\/product_cat?post=710734"},{"taxonomy":"product_tag","embeddable":true,"href":"https:\/\/roveyayinevi.com.tr\/index.php\/wp-json\/wp\/v2\/product_tag?post=710734"}],"curies":[{"name":"wp","href":"https:\/\/api.w.org\/{rel}","templated":true}]}}