{"id":710731,"date":"2025-08-27T16:38:48","date_gmt":"2025-08-27T13:38:48","guid":{"rendered":"https:\/\/roveyayinevi.com.tr\/index.php\/urun\/kucuk-filozoflar-serisi-23-baskan-sokrates\/"},"modified":"2026-04-16T02:19:24","modified_gmt":"2026-04-15T23:19:24","slug":"kucuk-filozoflar-serisi-23-baskan-sokrates","status":"publish","type":"product","link":"https:\/\/roveyayinevi.com.tr\/index.php\/urun\/kucuk-filozoflar-serisi-23-baskan-sokrates\/","title":{"rendered":"K\u00fc\u00e7\u00fck Filozoflar Serisi 23 &#8211; Ba\u015fkan Sokrates!"},"content":{"rendered":"<p>Yeni kat\u0131lanlarla h\u0131ncah\u0131n\u00e7 dolan Tartaros\u2019un zindanlar\u0131 adaletsizlik yapm\u0131\u015f ruhlara art\u0131k dar geliyor. Tek \u00e7are, Sokrates\u2019in yery\u00fcz\u00fcne d\u00f6n\u00fcp ba\u015fkan olmas\u0131 ve insanlar\u0131 daha iyi birer ki\u015fi yapmas\u0131. Kendisine bir de yard\u0131mc\u0131 verilecek : a\u011fz\u0131 iyi laf yapan Gorgias. K\u00fc\u00e7\u00fck Filozoflar Dizisi, 9 &#8211; 14 ya\u015f \u00e7ocuklar\u0131 i\u00e7in filozoflar\u0131n hik\u00e2yelerini anlatan \u00e7ok g\u00fczel resimlenmi\u015f kitaplardan olu\u015fuyor. Diziyle \u00e7ocuklar\u0131n felsefeye zevkli bir giri\u015f yapmalar\u0131n\u0131, kendi sorular\u0131n\u0131n pe\u015finden gitme al\u0131\u015fkanl\u0131\u011f\u0131 kazanmalar\u0131n\u0131 ama\u00e7l\u0131yoruz. Ba\u015fkan Sokrates! dizinin yirmi \u00fc\u00e7\u00fcnc\u00fc kitab\u0131. <\/p>\n","protected":false},"excerpt":{"rendered":"<p>Yeni kat\u0131lanlarla h\u0131ncah\u0131n\u00e7 dolan Tartaros\u2019un zindanlar\u0131 adaletsizlik yapm\u0131\u015f ruhlara art\u0131k dar geliyor. Tek \u00e7are, Sokrates\u2019in yery\u00fcz\u00fcne d\u00f6n\u00fcp ba\u015fkan olmas\u0131 ve insanlar\u0131 daha iyi birer ki\u015fi yapmas\u0131.<span class=\"excerpt-hellip\"> [\u2026]<\/span><\/p>\n","protected":false},"featured_media":0,"template":"","meta":{"_monsterinsights_skip_tracking":false,"_monsterinsights_sitenote_active":false,"_monsterinsights_sitenote_note":"","_monsterinsights_sitenote_category":0},"product_brand":[],"product_cat":[12312,12304],"product_tag":[],"class_list":{"0":"post-710731","1":"product","2":"type-product","3":"status-publish","5":"product_cat-diger","6":"product_cat-tarih","7":"pa_cilt-ciltsiz","8":"pa_tur-kitap","9":"pa_yayinevi-metis-yayinlari","10":"pa_yazar-yan-marchand","12":"first","13":"instock","14":"sale","15":"shipping-taxable","16":"purchasable","17":"product-type-simple"},"_links":{"self":[{"href":"https:\/\/roveyayinevi.com.tr\/index.php\/wp-json\/wp\/v2\/product\/710731","targetHints":{"allow":["GET"]}}],"collection":[{"href":"https:\/\/roveyayinevi.com.tr\/index.php\/wp-json\/wp\/v2\/product"}],"about":[{"href":"https:\/\/roveyayinevi.com.tr\/index.php\/wp-json\/wp\/v2\/types\/product"}],"wp:attachment":[{"href":"https:\/\/roveyayinevi.com.tr\/index.php\/wp-json\/wp\/v2\/media?parent=710731"}],"wp:term":[{"taxonomy":"product_brand","embeddable":true,"href":"https:\/\/roveyayinevi.com.tr\/index.php\/wp-json\/wp\/v2\/product_brand?post=710731"},{"taxonomy":"product_cat","embeddable":true,"href":"https:\/\/roveyayinevi.com.tr\/index.php\/wp-json\/wp\/v2\/product_cat?post=710731"},{"taxonomy":"product_tag","embeddable":true,"href":"https:\/\/roveyayinevi.com.tr\/index.php\/wp-json\/wp\/v2\/product_tag?post=710731"}],"curies":[{"name":"wp","href":"https:\/\/api.w.org\/{rel}","templated":true}]}}