{"id":710730,"date":"2025-08-27T16:38:47","date_gmt":"2025-08-27T13:38:47","guid":{"rendered":"https:\/\/roveyayinevi.com.tr\/index.php\/urun\/sus-adi\/"},"modified":"2026-04-16T02:19:24","modified_gmt":"2026-04-15T23:19:24","slug":"sus-adi","status":"publish","type":"product","link":"https:\/\/roveyayinevi.com.tr\/index.php\/urun\/sus-adi\/","title":{"rendered":"Sus\/Ad\u0131"},"content":{"rendered":"<p>S\u00f6zc\u00fcklerin c\u00fcmlelerle maviliklerde \u00f6zg\u00fcrl\u00fc\u011fe mavice u\u00e7urtma u\u00e7urarak dans etti\u011fi, y\u00fcrek t\u0131n\u0131s\u0131na ila\u00e7 gelen, her derde deva bir \u015fiir kitab\u0131\u2026Ahmet Arif gibi hem yerelden evrensel, h\u00fcz\u00fcnlere yumu\u015fak\u00e7a dokunan hem de Naz\u0131m Hikmet gibi evrenselden masmavi a\u015fklara destanlar \u00e7izerek a\u015fk\u0131 zafer ve \u00f6l\u00fcm haberleri i\u00e7inde ba\u011f\u0131ra ba\u011f\u0131ra hayk\u0131r\u0131rcas\u0131na g\u00f6n\u00fclde s\u00f6zc\u00fcklerden ustaca \u00f6r\u00fclen \u015fiirler\u2026Herkesin bir \u015fiiri bir de \u015fiir kitab\u0131 olsa da herkesin mutlaka bu \u015fiir kitab\u0131 (Sus\/ad\u0131) olmal\u0131\u2026Murat BozkurtKoltu\u011funun alt\u0131nda, ad\u0131: Sus\/ad\u0131 olan bir kitap g\u00f6rece\u011finiz, Nevroz Serhat Odaba\u015f\u0131 isminde bir \u015fairle \u00e7ok yak\u0131n bir zamanda tan\u0131\u015facaks\u0131n\u0131z. Daha \u00f6nce bu ismi duymam\u0131\u015f olabilirsiniz, m\u00fcmk\u00fcnd\u00fcr, i\u015fin g\u00fczel taraf\u0131 bundan sonra \u00e7ok duyaca\u011f\u0131n\u0131z, \u015fiirlerini okuyaca\u011f\u0131n\u0131z ve kitab\u0131n\u0131 birbirinize hediye edece\u011finiz olmas\u0131d\u0131r.Abbas Karaku\u015fNevroz Serhat Odaba\u015f\u0131, okurla bulu\u015fan bu ilk kitab\u0131nda dile olan h\u00e2kimiyeti ve imge g\u00fcc\u00fcn\u00fc kullanma ustal\u0131\u011f\u0131 ile okura kendi i\u00e7 d\u00fcnyas\u0131n\u0131n kap\u0131lar\u0131n\u0131 a\u00e7\u0131yor. Yolun a\u00e7\u0131k olsun Nevroz Serhat Odaba\u015f\u0131!Mehmet O\u011fuz <\/p>\n","protected":false},"excerpt":{"rendered":"<p>S\u00f6zc\u00fcklerin c\u00fcmlelerle maviliklerde \u00f6zg\u00fcrl\u00fc\u011fe mavice u\u00e7urtma u\u00e7urarak dans etti\u011fi, y\u00fcrek t\u0131n\u0131s\u0131na ila\u00e7 gelen, her derde deva bir \u015fiir kitab\u0131\u2026Ahmet Arif gibi hem yerelden evrensel, h\u00fcz\u00fcnlere yumu\u015fak\u00e7a<span class=\"excerpt-hellip\"> [\u2026]<\/span><\/p>\n","protected":false},"featured_media":0,"template":"","meta":{"_monsterinsights_skip_tracking":false,"_monsterinsights_sitenote_active":false,"_monsterinsights_sitenote_note":"","_monsterinsights_sitenote_category":0},"product_brand":[],"product_cat":[12291,12509],"product_tag":[],"class_list":{"0":"post-710730","1":"product","2":"type-product","3":"status-publish","5":"product_cat-edebiyat","6":"product_cat-siir","7":"pa_cilt-ciltsiz","8":"pa_tur-kitap","9":"pa_yayinevi-imla-yayinevi","10":"pa_yazar-nevroz-serhat-odabasi","12":"first","13":"instock","14":"sale","15":"shipping-taxable","16":"purchasable","17":"product-type-simple"},"_links":{"self":[{"href":"https:\/\/roveyayinevi.com.tr\/index.php\/wp-json\/wp\/v2\/product\/710730","targetHints":{"allow":["GET"]}}],"collection":[{"href":"https:\/\/roveyayinevi.com.tr\/index.php\/wp-json\/wp\/v2\/product"}],"about":[{"href":"https:\/\/roveyayinevi.com.tr\/index.php\/wp-json\/wp\/v2\/types\/product"}],"wp:attachment":[{"href":"https:\/\/roveyayinevi.com.tr\/index.php\/wp-json\/wp\/v2\/media?parent=710730"}],"wp:term":[{"taxonomy":"product_brand","embeddable":true,"href":"https:\/\/roveyayinevi.com.tr\/index.php\/wp-json\/wp\/v2\/product_brand?post=710730"},{"taxonomy":"product_cat","embeddable":true,"href":"https:\/\/roveyayinevi.com.tr\/index.php\/wp-json\/wp\/v2\/product_cat?post=710730"},{"taxonomy":"product_tag","embeddable":true,"href":"https:\/\/roveyayinevi.com.tr\/index.php\/wp-json\/wp\/v2\/product_tag?post=710730"}],"curies":[{"name":"wp","href":"https:\/\/api.w.org\/{rel}","templated":true}]}}