{"id":710726,"date":"2025-08-27T16:38:45","date_gmt":"2025-08-27T13:38:45","guid":{"rendered":"https:\/\/roveyayinevi.com.tr\/index.php\/urun\/masallarla-yola-cik\/"},"modified":"2026-04-13T02:24:33","modified_gmt":"2026-04-12T23:24:33","slug":"masallarla-yola-cik","status":"publish","type":"product","link":"https:\/\/roveyayinevi.com.tr\/index.php\/urun\/masallarla-yola-cik\/","title":{"rendered":"Masallarla Yola \u00c7\u0131k"},"content":{"rendered":"<p>\u00c7ok ses getiren ve on binlerce okura ula\u015fan Masal Terapi\u2019nin yazar\u0131 Judith Malika Liberman\u2019dan hayalbazlar, oyunbazlar ve yolcular i\u00e7in 40 haftal\u0131k bir ser\u00fcven: Masallarla Yola \u00c7\u0131k. Bu 40 haftal\u0131k yolculu\u011fun belli bir g\u00fczerg\u00e2h\u0131 var. \u00d6nce orman. Korkular\u0131n karanl\u0131k d\u00fcnyas\u0131. Korkularla y\u00fczle\u015fmek ve onlar\u0131 g\u00f6zden ge\u00e7irmek gerek. Karanl\u0131\u011f\u0131n i\u00e7ine dalmadan \u0131\u015f\u0131k bulunamaz \u00e7\u00fcnk\u00fc. \ufffcTan\u0131t\u0131m Metni<\/p>\n","protected":false},"excerpt":{"rendered":"<p>\u00c7ok ses getiren ve on binlerce okura ula\u015fan Masal Terapi\u2019nin yazar\u0131 Judith Malika Liberman\u2019dan hayalbazlar, oyunbazlar ve yolcular i\u00e7in 40 haftal\u0131k bir ser\u00fcven: Masallarla Yola \u00c7\u0131k.<span class=\"excerpt-hellip\"> [\u2026]<\/span><\/p>\n","protected":false},"featured_media":0,"template":"","meta":{"_monsterinsights_skip_tracking":false,"_monsterinsights_sitenote_active":false,"_monsterinsights_sitenote_note":"","_monsterinsights_sitenote_category":0},"product_brand":[],"product_cat":[12364,12376],"product_tag":[],"class_list":{"0":"post-710726","1":"product","2":"type-product","3":"status-publish","5":"product_cat-genel-konular","6":"product_cat-kisisel-gelisim","7":"pa_cilt-ciltsiz","8":"pa_tur-kitap","9":"pa_yayinevi-hep-kitap","10":"pa_yazar-judith-malika-liberman","12":"first","13":"instock","14":"sale","15":"shipping-taxable","16":"purchasable","17":"product-type-simple"},"_links":{"self":[{"href":"https:\/\/roveyayinevi.com.tr\/index.php\/wp-json\/wp\/v2\/product\/710726","targetHints":{"allow":["GET"]}}],"collection":[{"href":"https:\/\/roveyayinevi.com.tr\/index.php\/wp-json\/wp\/v2\/product"}],"about":[{"href":"https:\/\/roveyayinevi.com.tr\/index.php\/wp-json\/wp\/v2\/types\/product"}],"wp:attachment":[{"href":"https:\/\/roveyayinevi.com.tr\/index.php\/wp-json\/wp\/v2\/media?parent=710726"}],"wp:term":[{"taxonomy":"product_brand","embeddable":true,"href":"https:\/\/roveyayinevi.com.tr\/index.php\/wp-json\/wp\/v2\/product_brand?post=710726"},{"taxonomy":"product_cat","embeddable":true,"href":"https:\/\/roveyayinevi.com.tr\/index.php\/wp-json\/wp\/v2\/product_cat?post=710726"},{"taxonomy":"product_tag","embeddable":true,"href":"https:\/\/roveyayinevi.com.tr\/index.php\/wp-json\/wp\/v2\/product_tag?post=710726"}],"curies":[{"name":"wp","href":"https:\/\/api.w.org\/{rel}","templated":true}]}}