{"id":710725,"date":"2025-08-27T16:38:44","date_gmt":"2025-08-27T13:38:44","guid":{"rendered":"https:\/\/roveyayinevi.com.tr\/index.php\/urun\/rakamlar-ve-buyuk-tasitlar\/"},"modified":"2026-04-16T02:19:24","modified_gmt":"2026-04-15T23:19:24","slug":"rakamlar-ve-buyuk-tasitlar","status":"publish","type":"product","link":"https:\/\/roveyayinevi.com.tr\/index.php\/urun\/rakamlar-ve-buyuk-tasitlar\/","title":{"rendered":"Rakamlar ve B\u00fcy\u00fck Ta\u015f\u0131tlar"},"content":{"rendered":"<p>Ka\u00e7 parma\u011f\u0131m\u0131z ve ka\u00e7 di\u015fimiz oldu\u011funu, etraf\u0131m\u0131zdaki nesnelerin, yedi\u011fimiz \u015fekerlemelerin say\u0131s\u0131n\u0131 rakamlarla anlat\u0131yoruz. Murat Celep Rakamlar ve B\u00fcy\u00fck Ta\u015f\u0131tlar\u2019da, b\u00fcy\u00fck nesneler rakamlardan olu\u015fsayd\u0131 nas\u0131l anlat\u0131rd\u0131k, nas\u0131l tan\u0131rd\u0131k sorular\u0131ndan yola \u00e7\u0131karak okurlar\u0131n\u0131 rakamlar\u0131n renkli ve e\u011flenceli d\u00fcnyas\u0131na davet ediyor. <\/p>\n","protected":false},"excerpt":{"rendered":"<p>Ka\u00e7 parma\u011f\u0131m\u0131z ve ka\u00e7 di\u015fimiz oldu\u011funu, etraf\u0131m\u0131zdaki nesnelerin, yedi\u011fimiz \u015fekerlemelerin say\u0131s\u0131n\u0131 rakamlarla anlat\u0131yoruz. Murat Celep Rakamlar ve B\u00fcy\u00fck Ta\u015f\u0131tlar\u2019da, b\u00fcy\u00fck nesneler rakamlardan olu\u015fsayd\u0131 nas\u0131l anlat\u0131rd\u0131k, nas\u0131l<span class=\"excerpt-hellip\"> [\u2026]<\/span><\/p>\n","protected":false},"featured_media":0,"template":"","meta":{"_monsterinsights_skip_tracking":false,"_monsterinsights_sitenote_active":false,"_monsterinsights_sitenote_note":"","_monsterinsights_sitenote_category":0},"product_brand":[],"product_cat":[13829,12274],"product_tag":[],"class_list":{"0":"post-710725","1":"product","2":"type-product","3":"status-publish","5":"product_cat-bilimsel-kitaplar","6":"product_cat-cocuk-ve-genclik-kitaplari","7":"pa_cilt-ciltsiz","8":"pa_tur-kitap","9":"pa_yayinevi-iletisim-yayinlari","10":"pa_yazar-murat-celep","12":"first","13":"instock","14":"sale","15":"shipping-taxable","16":"purchasable","17":"product-type-simple"},"_links":{"self":[{"href":"https:\/\/roveyayinevi.com.tr\/index.php\/wp-json\/wp\/v2\/product\/710725","targetHints":{"allow":["GET"]}}],"collection":[{"href":"https:\/\/roveyayinevi.com.tr\/index.php\/wp-json\/wp\/v2\/product"}],"about":[{"href":"https:\/\/roveyayinevi.com.tr\/index.php\/wp-json\/wp\/v2\/types\/product"}],"wp:attachment":[{"href":"https:\/\/roveyayinevi.com.tr\/index.php\/wp-json\/wp\/v2\/media?parent=710725"}],"wp:term":[{"taxonomy":"product_brand","embeddable":true,"href":"https:\/\/roveyayinevi.com.tr\/index.php\/wp-json\/wp\/v2\/product_brand?post=710725"},{"taxonomy":"product_cat","embeddable":true,"href":"https:\/\/roveyayinevi.com.tr\/index.php\/wp-json\/wp\/v2\/product_cat?post=710725"},{"taxonomy":"product_tag","embeddable":true,"href":"https:\/\/roveyayinevi.com.tr\/index.php\/wp-json\/wp\/v2\/product_tag?post=710725"}],"curies":[{"name":"wp","href":"https:\/\/api.w.org\/{rel}","templated":true}]}}