{"id":710724,"date":"2025-08-27T16:38:44","date_gmt":"2025-08-27T13:38:44","guid":{"rendered":"https:\/\/roveyayinevi.com.tr\/index.php\/urun\/ihtida-ve-irtidad-19-yuzyil-osmanli-devletinde\/"},"modified":"2026-04-16T02:19:24","modified_gmt":"2026-04-15T23:19:24","slug":"ihtida-ve-irtidad-19-yuzyil-osmanli-devletinde","status":"publish","type":"product","link":"https:\/\/roveyayinevi.com.tr\/index.php\/urun\/ihtida-ve-irtidad-19-yuzyil-osmanli-devletinde\/","title":{"rendered":"\u0130htida ve \u0130rtidad (19. Y\u00fczy\u0131l Osmanl\u0131 Devleti\u2019nde)"},"content":{"rendered":"<p>\u201cOsmanl\u0131 \u0130mparatorlu\u011fu\u2019nda 19. y\u00fczy\u0131ldaki ihtida [M\u00fcsl\u00fcmanl\u0131\u011f\u0131 kabul etmek] ve irtidad [M\u00fcsl\u00fcmanl\u0131ktan d\u00f6nmek, ba\u015fka bir dini se\u00e7mek] vakalar\u0131n\u0131n daha \u00f6nceki ihtida ve irtidad vakalar\u0131ndan fark\u0131 neydi? \u0130nsanlar neden geri \u00e7ekilmekte olan bir inanca giriyorlard\u0131? Makedonya\u2019daki bir ke\u00e7i \u00e7oban\u0131n\u0131n, diyelim 1657\u2019de M\u00fcsl\u00fcmanl\u0131\u011f\u0131 se\u00e7mesi, 1876\u2019da ayn\u0131 co\u011frafi b\u00f6lgedeki bir ke\u00e7i \u00e7oban\u0131n\u0131n M\u00fcsl\u00fcman olmas\u0131ndan neden \u00e7ok farkl\u0131yd\u0131?\u201dOsmanl\u0131 \u0130mparatorlu\u011fu\u2019nun son d\u00f6neminde ihtida ve irtidad politikalar\u0131na odaklanan bu ara\u015ft\u0131rma, 19. y\u00fczy\u0131l Osmanl\u0131 ba\u011flam\u0131nda ihtida ve irtidad\u0131 farkl\u0131 k\u0131lan noktalar\u0131 inceleyerek, etnik milliyet\u00e7ilik, vatanda\u015fl\u0131k, hayal\u00ee cemaate dahil olmak, hayal\u00ee cemaatten d\u0131\u015flanmak ve kimlik in\u015fas\u0131n\u0131n sosyal politikas\u0131 kavramlar\u0131 arac\u0131l\u0131\u011f\u0131yla kapsaml\u0131 bir tart\u0131\u015fma y\u00fcr\u00fct\u00fcyor.Selim Deringil, bir yandan farkl\u0131 etnik, milli ve din\u00ee cemaatlerin 19. y\u00fczy\u0131l boyunca ya\u015fad\u0131klar\u0131 d\u00f6n\u00fc\u015f\u00fcmleri, bu d\u00f6n\u00fc\u015f\u00fcmler s\u0131ras\u0131nda bi\u00e7imlenen milliyet\u00e7i perspektifleri ihtida ve irtidad vakalar\u0131 etraf\u0131nda ele al\u0131rken di\u011fer yandan Osmanl\u0131 \u0130mparatorlu\u011fu\u2019nun bu vakalar kar\u015f\u0131s\u0131ndaki tavr\u0131n\u0131 Tanzimat\u2019tan itibaren de\u011fi\u015fen ve sabit kalan ara\u00e7lar ve yakla\u015f\u0131mlar arac\u0131l\u0131\u011f\u0131yla de\u011ferlendirmeye t\u00e2bi tutuyor. Osmanl\u0131 devletinin ihtida ve irtidad kar\u015f\u0131s\u0131nda tercih etti\u011fi, y\u00fcr\u00fctt\u00fc\u011f\u00fc, g\u00f6rmezden geldi\u011fi ya da \u0131srarc\u0131 oldu\u011fu noktalar\u0131 ele alarak, imparatorlukta Tanzimat\u2019tan itibaren tebaaya\/vatanda\u015flara yakla\u015f\u0131m konusunda ya\u015fanan s\u00fcreklilik, de\u011fi\u015fim ve kesintileri de g\u00f6zler \u00f6n\u00fcne seriyor. <\/p>\n","protected":false},"excerpt":{"rendered":"<p>\u201cOsmanl\u0131 \u0130mparatorlu\u011fu\u2019nda 19. y\u00fczy\u0131ldaki ihtida [M\u00fcsl\u00fcmanl\u0131\u011f\u0131 kabul etmek] ve irtidad [M\u00fcsl\u00fcmanl\u0131ktan d\u00f6nmek, ba\u015fka bir dini se\u00e7mek] vakalar\u0131n\u0131n daha \u00f6nceki ihtida ve irtidad vakalar\u0131ndan fark\u0131 neydi? \u0130nsanlar<span class=\"excerpt-hellip\"> [\u2026]<\/span><\/p>\n","protected":false},"featured_media":0,"template":"","meta":{"_monsterinsights_skip_tracking":false,"_monsterinsights_sitenote_active":false,"_monsterinsights_sitenote_note":"","_monsterinsights_sitenote_category":0},"product_brand":[],"product_cat":[13590,12337],"product_tag":[],"class_list":{"0":"post-710724","1":"product","2":"type-product","3":"status-publish","5":"product_cat-arastirma-inceleme-politika-siyaset","6":"product_cat-politika-siyaset","7":"pa_cilt-ciltsiz","8":"pa_tur-kitap","9":"pa_yayinevi-iletisim-yayinlari","10":"pa_yazar-selim-deringil","12":"first","13":"instock","14":"sale","15":"shipping-taxable","16":"purchasable","17":"product-type-simple"},"_links":{"self":[{"href":"https:\/\/roveyayinevi.com.tr\/index.php\/wp-json\/wp\/v2\/product\/710724","targetHints":{"allow":["GET"]}}],"collection":[{"href":"https:\/\/roveyayinevi.com.tr\/index.php\/wp-json\/wp\/v2\/product"}],"about":[{"href":"https:\/\/roveyayinevi.com.tr\/index.php\/wp-json\/wp\/v2\/types\/product"}],"wp:attachment":[{"href":"https:\/\/roveyayinevi.com.tr\/index.php\/wp-json\/wp\/v2\/media?parent=710724"}],"wp:term":[{"taxonomy":"product_brand","embeddable":true,"href":"https:\/\/roveyayinevi.com.tr\/index.php\/wp-json\/wp\/v2\/product_brand?post=710724"},{"taxonomy":"product_cat","embeddable":true,"href":"https:\/\/roveyayinevi.com.tr\/index.php\/wp-json\/wp\/v2\/product_cat?post=710724"},{"taxonomy":"product_tag","embeddable":true,"href":"https:\/\/roveyayinevi.com.tr\/index.php\/wp-json\/wp\/v2\/product_tag?post=710724"}],"curies":[{"name":"wp","href":"https:\/\/api.w.org\/{rel}","templated":true}]}}