{"id":710723,"date":"2025-08-27T16:38:43","date_gmt":"2025-08-27T13:38:43","guid":{"rendered":"https:\/\/roveyayinevi.com.tr\/index.php\/urun\/gokten-uc-masal-dustu\/"},"modified":"2026-04-16T02:19:24","modified_gmt":"2026-04-15T23:19:24","slug":"gokten-uc-masal-dustu","status":"publish","type":"product","link":"https:\/\/roveyayinevi.com.tr\/index.php\/urun\/gokten-uc-masal-dustu\/","title":{"rendered":"G\u00f6kten \u00dc\u00e7 Masal D\u00fc\u015ft\u00fc"},"content":{"rendered":"<p>Anam evin ortas\u0131na eski sandalyelerden birini \u00e7eker, \u00fczerine s\u00fct ya da yo\u011furt ta\u015f\u0131makta kullan\u0131lan bakra\u00e7lardan en b\u00fcy\u00fc\u011f\u00fcn\u00fc tersinden koyar, onun \u00fcst\u00fcne de o zamanlar be\u015f numara diye tabir edilen gaz  lambas\u0131n\u0131 oturturdu. Bu gaz lambas\u0131n\u0131n on numaras\u0131 da vard\u0131 ama onun ya\u011f t\u00fcketimi fazla oldu\u011fundan \u00e7o\u011funlukla be\u015f numara gaz lambas\u0131 tercih edilirdi. Ablalar\u0131m \u00e7eyizlik i\u015flerini al\u0131r bu lamban\u0131n etraf\u0131na dizilmi\u015f minderlere otururlard\u0131. Ben de o g\u00fcnk\u00fc \u00f6devimi ayn\u0131 yerde tahta \u00e7antam\u0131n \u00fcze-rinde yapmaya \u00e7al\u0131\u015f\u0131rd\u0131m. Anam da bu gaz lambas\u0131n\u0131n \u0131\u015f\u0131\u011f\u0131nda bir yandan be\u015f mil ile y\u00fcn \u00e7oraplar, boyal\u0131 y\u00fcnden reng\u00e2renk eldivenler yaparken bir yandan da masallar anlat\u0131rd\u0131 bize. Tekrar tekrar dinledi\u011fimiz masallar bizi her seferinde ba\u015fka bir yere ta\u015f\u0131rd\u0131. Ben genelde padi\u015fah\u0131n o\u011flu ya da bey o\u011flu olurdum ama en \u00e7ok K\u0131rato\u011flu Mehmet olmak ho\u015fuma giderdi, \u00f6yle ki r\u00fcyalar\u0131ma girerdi. Korkard\u0131m&#8230;<\/p>\n","protected":false},"excerpt":{"rendered":"<p>Anam evin ortas\u0131na eski sandalyelerden birini \u00e7eker, \u00fczerine s\u00fct ya da yo\u011furt ta\u015f\u0131makta kullan\u0131lan bakra\u00e7lardan en b\u00fcy\u00fc\u011f\u00fcn\u00fc tersinden koyar, onun \u00fcst\u00fcne de o zamanlar be\u015f numara<span class=\"excerpt-hellip\"> [\u2026]<\/span><\/p>\n","protected":false},"featured_media":0,"template":"","meta":{"_monsterinsights_skip_tracking":false,"_monsterinsights_sitenote_active":false,"_monsterinsights_sitenote_note":"","_monsterinsights_sitenote_category":0},"product_brand":[],"product_cat":[12291,12711],"product_tag":[],"class_list":{"0":"post-710723","1":"product","2":"type-product","3":"status-publish","5":"product_cat-edebiyat","6":"product_cat-roman-oyku","7":"pa_cilt-ciltsiz","8":"pa_tur-kitap","9":"pa_yayinevi-la-kitap-yayinlari","10":"pa_yazar-ahmet-tahsin","12":"first","13":"instock","14":"sale","15":"shipping-taxable","16":"purchasable","17":"product-type-simple"},"_links":{"self":[{"href":"https:\/\/roveyayinevi.com.tr\/index.php\/wp-json\/wp\/v2\/product\/710723","targetHints":{"allow":["GET"]}}],"collection":[{"href":"https:\/\/roveyayinevi.com.tr\/index.php\/wp-json\/wp\/v2\/product"}],"about":[{"href":"https:\/\/roveyayinevi.com.tr\/index.php\/wp-json\/wp\/v2\/types\/product"}],"wp:attachment":[{"href":"https:\/\/roveyayinevi.com.tr\/index.php\/wp-json\/wp\/v2\/media?parent=710723"}],"wp:term":[{"taxonomy":"product_brand","embeddable":true,"href":"https:\/\/roveyayinevi.com.tr\/index.php\/wp-json\/wp\/v2\/product_brand?post=710723"},{"taxonomy":"product_cat","embeddable":true,"href":"https:\/\/roveyayinevi.com.tr\/index.php\/wp-json\/wp\/v2\/product_cat?post=710723"},{"taxonomy":"product_tag","embeddable":true,"href":"https:\/\/roveyayinevi.com.tr\/index.php\/wp-json\/wp\/v2\/product_tag?post=710723"}],"curies":[{"name":"wp","href":"https:\/\/api.w.org\/{rel}","templated":true}]}}