{"id":710721,"date":"2025-08-27T16:38:42","date_gmt":"2025-08-27T13:38:42","guid":{"rendered":"https:\/\/roveyayinevi.com.tr\/index.php\/urun\/butun-oykuleri-samet-agaoglu\/"},"modified":"2026-04-16T02:19:24","modified_gmt":"2026-04-15T23:19:24","slug":"butun-oykuleri-samet-agaoglu","status":"publish","type":"product","link":"https:\/\/roveyayinevi.com.tr\/index.php\/urun\/butun-oykuleri-samet-agaoglu\/","title":{"rendered":"B\u00fct\u00fcn \u00d6yk\u00fcleri Samet A\u011fao\u011flu"},"content":{"rendered":"<p>T\u00fcrk \u00f6yk\u00fcc\u00fcl\u00fc\u011f\u00fcn\u00fcn unutulmu\u015f ustalar\u0131ndan Samet A\u011fao\u011flu&#8217;nun 1944-65 y\u0131llar\u0131 ar\u0131sanda yay\u0131mlad\u0131\u011f\u0131 alt\u0131 \u00f6yk\u00fc kitab\u0131 (Strazburg Hat\u0131ralar\u0131, Z\u00fcrriyet, \u00d6\u011fretmen Gafur, B\u00fcy\u00fck Aile, H\u00fccredeki Adam ve Kat\u0131r\u0131n \u00d6l\u00fcm\u00fc) elinizdeki kitapta biraraya getirildi. \u00d6nemli bir siyaset ve devlet adam\u0131 da olan A\u011fao\u011flu&#8217;nun anlatt\u0131\u011f\u0131 insanlar\u0131n \u00e7o\u011fu marazi, kuruntulu, dengesiz, ihtirasl\u0131 ve dramatik tiplerdir. Onun kahramanlar\u0131 her olay\u0131 krize d\u00f6n\u00fc\u015ft\u00fcren s\u00fcrekli \u00f6l\u00fcm ve cinayet gibi musallat fikirlerin bask\u0131s\u0131 alt\u0131nda su\u00e7luluk kompleksi ta\u015f\u0131yan, mutluluktan uzak, ya\u015fama umudunu yitirmi\u015f, genelde paranoyak ve \u015fizofrenik davran\u0131\u015flarr g\u00f6steren ki\u015filerdir&#8230; Her biri neredeyse bir roman \u00e7at\u0131s\u0131 olu\u015fturan bu \u00f6yk\u00fclerde, \u00fcslup\u00e7u bir kalemin insan ruhunun derinliklerine s\u0131z\u0131\u015f\u0131n\u0131 ve inceliklerini yakalay\u0131\u015f\u0131n\u0131 g\u00f6r\u00fcyoruz. <\/p>\n","protected":false},"excerpt":{"rendered":"<p>T\u00fcrk \u00f6yk\u00fcc\u00fcl\u00fc\u011f\u00fcn\u00fcn unutulmu\u015f ustalar\u0131ndan Samet A\u011fao\u011flu&#8217;nun 1944-65 y\u0131llar\u0131 ar\u0131sanda yay\u0131mlad\u0131\u011f\u0131 alt\u0131 \u00f6yk\u00fc kitab\u0131 (Strazburg Hat\u0131ralar\u0131, Z\u00fcrriyet, \u00d6\u011fretmen Gafur, B\u00fcy\u00fck Aile, H\u00fccredeki Adam ve Kat\u0131r\u0131n \u00d6l\u00fcm\u00fc) elinizdeki<span class=\"excerpt-hellip\"> [\u2026]<\/span><\/p>\n","protected":false},"featured_media":0,"template":"","meta":{"_monsterinsights_skip_tracking":false,"_monsterinsights_sitenote_active":false,"_monsterinsights_sitenote_note":"","_monsterinsights_sitenote_category":0},"product_brand":[],"product_cat":[12291,12292],"product_tag":[],"class_list":{"0":"post-710721","1":"product","2":"type-product","3":"status-publish","5":"product_cat-edebiyat","6":"product_cat-turk-edebiyati","7":"pa_cilt-ciltsiz","8":"pa_tur-kitap","9":"pa_yayinevi-yapi-kredi-yayinlari","10":"pa_yazar-samet-agaoglu","12":"first","13":"instock","14":"sale","15":"shipping-taxable","16":"purchasable","17":"product-type-simple"},"_links":{"self":[{"href":"https:\/\/roveyayinevi.com.tr\/index.php\/wp-json\/wp\/v2\/product\/710721","targetHints":{"allow":["GET"]}}],"collection":[{"href":"https:\/\/roveyayinevi.com.tr\/index.php\/wp-json\/wp\/v2\/product"}],"about":[{"href":"https:\/\/roveyayinevi.com.tr\/index.php\/wp-json\/wp\/v2\/types\/product"}],"wp:attachment":[{"href":"https:\/\/roveyayinevi.com.tr\/index.php\/wp-json\/wp\/v2\/media?parent=710721"}],"wp:term":[{"taxonomy":"product_brand","embeddable":true,"href":"https:\/\/roveyayinevi.com.tr\/index.php\/wp-json\/wp\/v2\/product_brand?post=710721"},{"taxonomy":"product_cat","embeddable":true,"href":"https:\/\/roveyayinevi.com.tr\/index.php\/wp-json\/wp\/v2\/product_cat?post=710721"},{"taxonomy":"product_tag","embeddable":true,"href":"https:\/\/roveyayinevi.com.tr\/index.php\/wp-json\/wp\/v2\/product_tag?post=710721"}],"curies":[{"name":"wp","href":"https:\/\/api.w.org\/{rel}","templated":true}]}}