{"id":710720,"date":"2025-08-27T16:38:42","date_gmt":"2025-08-27T13:38:42","guid":{"rendered":"https:\/\/roveyayinevi.com.tr\/index.php\/urun\/adan-zye-psikoloji\/"},"modified":"2026-04-16T02:19:24","modified_gmt":"2026-04-15T23:19:24","slug":"adan-zye-psikoloji","status":"publish","type":"product","link":"https:\/\/roveyayinevi.com.tr\/index.php\/urun\/adan-zye-psikoloji\/","title":{"rendered":"A&#8217;dan Z&#8217;ye Psikoloji"},"content":{"rendered":"<p>Bir zamanlar Freud, Jung, Adler, Erickson gibi isimler hemen hemen herkes taraf\u0131ndan tan\u0131n\u0131rd\u0131 ve psikolojinin temel kavramlar\u0131 pop\u00fcler k\u00fclt\u00fcre n\u00fcfuz etmi\u015f durumdayd\u0131. G\u00fcn\u00fcm\u00fczde ise psikoloji, insanlar\u0131 e\u011flendirmek ya da avutmak i\u00e7in TV programlar\u0131n\u0131, kitaplar\u0131 ve dergileri dolduran \u201cpop\u00fcler psikoloji\u201d ya da akademik \u00e7evre d\u0131\u015f\u0131nda \u00e7ok az ki\u015finin ilgisini \u00e7eken \u201cbilimsel bir disiplin\u201d haline geldi. A\u2019dan Z\u2019ye Psikoloji bir orta yol bularak t\u00fcm insanlara hitap etmesi, onlar\u0131n merak\u0131n\u0131 uyand\u0131rmay\u0131 ama\u00e7lamas\u0131 ve bilimsel bir de\u011fer ta\u015f\u0131mas\u0131 bak\u0131m\u0131ndan bu bo\u015flu\u011fu dolduruyor. Ba\u015fvuru niteli\u011findeki bu eser, \u201cD\u00fc\u015f\u00fcnce, duygu ve davran\u0131\u015flar\u0131m\u0131z\u0131n nedenleri nelerdir? Sevmemizin, nefret etmemizin, yiyip i\u00e7memizin, \u00e7al\u0131\u015fmam\u0131z\u0131n ve dans etmemizin nedenleri nelerdir? 1350 graml\u0131k beynimiz inan\u0131lmaz derecede karma\u015f\u0131k davran\u0131\u015flar\u0131m\u0131z\u0131 nas\u0131l ortaya \u00e7\u0131kar\u0131r? Psikolojimizin ne kadar\u0131 genlerden, ne kadar\u0131 \u00e7evremizden kaynaklan\u0131r?\u201d gibi sorulara verilen cevaplarla modern psikolojinin ger\u00e7eklerini ortaya koyuyor. \ufffcTan\u0131t\u0131m Metni<\/p>\n","protected":false},"excerpt":{"rendered":"<p>Bir zamanlar Freud, Jung, Adler, Erickson gibi isimler hemen hemen herkes taraf\u0131ndan tan\u0131n\u0131rd\u0131 ve psikolojinin temel kavramlar\u0131 pop\u00fcler k\u00fclt\u00fcre n\u00fcfuz etmi\u015f durumdayd\u0131. G\u00fcn\u00fcm\u00fczde ise psikoloji, insanlar\u0131<span class=\"excerpt-hellip\"> [\u2026]<\/span><\/p>\n","protected":false},"featured_media":0,"template":"","meta":{"_monsterinsights_skip_tracking":false,"_monsterinsights_sitenote_active":false,"_monsterinsights_sitenote_note":"","_monsterinsights_sitenote_category":0},"product_brand":[],"product_cat":[13772,12364],"product_tag":[],"class_list":{"0":"post-710720","1":"product","2":"type-product","3":"status-publish","5":"product_cat-basvuru-kitaplari","6":"product_cat-genel-konular","7":"pa_cilt-ciltsiz","8":"pa_tur-kitap","9":"pa_yayinevi-say-yayinlari","10":"pa_yazar-lisa-j-cohen","12":"first","13":"instock","14":"sale","15":"shipping-taxable","16":"purchasable","17":"product-type-simple"},"_links":{"self":[{"href":"https:\/\/roveyayinevi.com.tr\/index.php\/wp-json\/wp\/v2\/product\/710720","targetHints":{"allow":["GET"]}}],"collection":[{"href":"https:\/\/roveyayinevi.com.tr\/index.php\/wp-json\/wp\/v2\/product"}],"about":[{"href":"https:\/\/roveyayinevi.com.tr\/index.php\/wp-json\/wp\/v2\/types\/product"}],"wp:attachment":[{"href":"https:\/\/roveyayinevi.com.tr\/index.php\/wp-json\/wp\/v2\/media?parent=710720"}],"wp:term":[{"taxonomy":"product_brand","embeddable":true,"href":"https:\/\/roveyayinevi.com.tr\/index.php\/wp-json\/wp\/v2\/product_brand?post=710720"},{"taxonomy":"product_cat","embeddable":true,"href":"https:\/\/roveyayinevi.com.tr\/index.php\/wp-json\/wp\/v2\/product_cat?post=710720"},{"taxonomy":"product_tag","embeddable":true,"href":"https:\/\/roveyayinevi.com.tr\/index.php\/wp-json\/wp\/v2\/product_tag?post=710720"}],"curies":[{"name":"wp","href":"https:\/\/api.w.org\/{rel}","templated":true}]}}