{"id":710719,"date":"2025-08-27T16:38:41","date_gmt":"2025-08-27T13:38:41","guid":{"rendered":"https:\/\/roveyayinevi.com.tr\/index.php\/urun\/dem\/"},"modified":"2026-04-08T02:25:11","modified_gmt":"2026-04-07T23:25:11","slug":"dem","status":"publish","type":"product","link":"https:\/\/roveyayinevi.com.tr\/index.php\/urun\/dem\/","title":{"rendered":"Dem"},"content":{"rendered":"<p>\u201cBaz\u0131 \u015feylerin hayali g\u00fczeldir, kendisi de\u011fil&#8230;Her \u015fey bir hayalle ba\u015flad\u0131 asl\u0131nda. \u00d6nce a\u015fk\u0131 hayal ettim. Sonra bir \u00e2\u015f\u0131k ve hayalime a\u015fk ettim sonra. Sana anlatt\u0131klar\u0131m bir hurafeye d\u00f6n\u00fc\u015fm\u00fc\u015f garip bir mezar\u0131n hik\u00e2yesi&#8230; \u0130nanmak zor belki, lakin inanmamak daha zor.\u0130stanbul; a\u015fk\u0131n g\u00f6nle d\u00fc\u015ft\u00fc\u011f\u00fc \u015fehir, a\u015fk\u0131n hayalle \u00f6rt\u00fc\u015ft\u00fc\u011f\u00fc, \u00f6l\u00fcmle bulu\u015ftu\u011fu \u015fehir&#8230; Her ta\u015f\u0131nda bir a\u015fk\u0131n izi var. A\u015fk var k\u00e2ri, a\u015fk var. \u015e\u00fck\u00fcr ki var. Ve ben i\u015fte \u0130stanbul\u2019un bu a\u015fklar\u0131n\u0131n efsaneye d\u00fc\u015fm\u00fc\u015f h\u00e2lini anlatt\u0131m sana.A\u015fk&#8230; Ve \u00f6l\u00fcm&#8230; Ve hik\u00e2ye&#8230; Bil ki a\u015fk i\u00e7in g\u00f6n\u00fcl laz\u0131md\u0131r, g\u00f6nl\u00fc bilmek laz\u0131md\u0131r ve bilmek i\u00e7in de \u00f6lmek laz\u0131md\u0131r. Demem o ki a\u015fk g\u00f6nl\u00fcn, \u00f6l\u00fcm de \u00f6mr\u00fcn zek\u00e2t\u0131d\u0131r. Ve a\u015fk g\u00f6nl\u00fcn; \u00f6l\u00fcm de \u00f6mr\u00fcn kirini al\u0131r da gider.Bu yazd\u0131klar\u0131m\u0131n hepsi do\u011frudur demiyorum sana. Do\u011fru ve ger\u00e7ek olanlar\u0131 da var elbet. Lakin ben yaln\u0131zca hayal ediyorum. Zira baz\u0131 \u015feylerin hayali g\u00fczeldir, kendisi de\u011fil.\u201dFatih Duman, Dem\u2019de, sizi, Telli Baba\u2019n\u0131n gizem ve h\u00fcz\u00fcn dolu \u00f6yk\u00fcs\u00fcn\u00fc okumaya davet ediyor&#8230; <\/p>\n","protected":false},"excerpt":{"rendered":"<p>\u201cBaz\u0131 \u015feylerin hayali g\u00fczeldir, kendisi de\u011fil&#8230;Her \u015fey bir hayalle ba\u015flad\u0131 asl\u0131nda. \u00d6nce a\u015fk\u0131 hayal ettim. Sonra bir \u00e2\u015f\u0131k ve hayalime a\u015fk ettim sonra. Sana anlatt\u0131klar\u0131m bir<span class=\"excerpt-hellip\"> [\u2026]<\/span><\/p>\n","protected":false},"featured_media":0,"template":"","meta":{"_monsterinsights_skip_tracking":false,"_monsterinsights_sitenote_active":false,"_monsterinsights_sitenote_note":"","_monsterinsights_sitenote_category":0},"product_brand":[],"product_cat":[12291,12711],"product_tag":[],"class_list":{"0":"post-710719","1":"product","2":"type-product","3":"status-publish","5":"product_cat-edebiyat","6":"product_cat-roman-oyku","7":"pa_cilt-ciltsiz","8":"pa_tur-kitap","9":"pa_yayinevi-nesil-yayinlari","10":"pa_yazar-fatih-duman","12":"first","13":"instock","14":"sale","15":"shipping-taxable","16":"purchasable","17":"product-type-simple"},"_links":{"self":[{"href":"https:\/\/roveyayinevi.com.tr\/index.php\/wp-json\/wp\/v2\/product\/710719","targetHints":{"allow":["GET"]}}],"collection":[{"href":"https:\/\/roveyayinevi.com.tr\/index.php\/wp-json\/wp\/v2\/product"}],"about":[{"href":"https:\/\/roveyayinevi.com.tr\/index.php\/wp-json\/wp\/v2\/types\/product"}],"wp:attachment":[{"href":"https:\/\/roveyayinevi.com.tr\/index.php\/wp-json\/wp\/v2\/media?parent=710719"}],"wp:term":[{"taxonomy":"product_brand","embeddable":true,"href":"https:\/\/roveyayinevi.com.tr\/index.php\/wp-json\/wp\/v2\/product_brand?post=710719"},{"taxonomy":"product_cat","embeddable":true,"href":"https:\/\/roveyayinevi.com.tr\/index.php\/wp-json\/wp\/v2\/product_cat?post=710719"},{"taxonomy":"product_tag","embeddable":true,"href":"https:\/\/roveyayinevi.com.tr\/index.php\/wp-json\/wp\/v2\/product_tag?post=710719"}],"curies":[{"name":"wp","href":"https:\/\/api.w.org\/{rel}","templated":true}]}}