{"id":710718,"date":"2025-08-27T16:38:41","date_gmt":"2025-08-27T13:38:41","guid":{"rendered":"https:\/\/roveyayinevi.com.tr\/index.php\/urun\/kacis-serisi-2-bizi-ariyorlar\/"},"modified":"2026-04-16T02:19:23","modified_gmt":"2026-04-15T23:19:23","slug":"kacis-serisi-2-bizi-ariyorlar","status":"publish","type":"product","link":"https:\/\/roveyayinevi.com.tr\/index.php\/urun\/kacis-serisi-2-bizi-ariyorlar\/","title":{"rendered":"Ka\u00e7\u0131\u015f Serisi 2 &#8211; Bizi Ar\u0131yorlar"},"content":{"rendered":"<p>SAKLANACAK YER YOK\u2026 Aiden ve Meg Falconer, anne babalar\u0131n\u0131 \u00f6m\u00fcr boyu hapis cezas\u0131ndan kurtaracak kan\u0131t\u0131 bulman\u0131n pe\u015findeydiler. Ancak bunu yapmak i\u00e7in ka\u00e7ak hayat\u0131 s\u00fcrmeleri gerekiyordu. \u00c7ocuk \u0131slah merkezinden ka\u00e7t\u0131klar\u0131ndan beri FBI ve Sa\u00e7s\u0131z Joe ismini verdikleri bir katil pe\u015flerindeydi. Haberleri ulusal kanallarda yay\u0131nlan\u0131nca herkes onlar\u0131 aramaya ba\u015flam\u0131\u015ft\u0131. Bir aile dostunun yan\u0131nda saklanabileceklerini d\u00fc\u015f\u00fcn\u00fcyorlard\u0131. E\u011fer Meg yakalanmasayd\u0131\u2026 G\u0130DECEK \u00c7OK YER VAR\u2026 <\/p>\n","protected":false},"excerpt":{"rendered":"<p>SAKLANACAK YER YOK\u2026 Aiden ve Meg Falconer, anne babalar\u0131n\u0131 \u00f6m\u00fcr boyu hapis cezas\u0131ndan kurtaracak kan\u0131t\u0131 bulman\u0131n pe\u015findeydiler. Ancak bunu yapmak i\u00e7in ka\u00e7ak hayat\u0131 s\u00fcrmeleri gerekiyordu. \u00c7ocuk<span class=\"excerpt-hellip\"> [\u2026]<\/span><\/p>\n","protected":false},"featured_media":0,"template":"","meta":{"_monsterinsights_skip_tracking":false,"_monsterinsights_sitenote_active":false,"_monsterinsights_sitenote_note":"","_monsterinsights_sitenote_category":0},"product_brand":[],"product_cat":[12291,12711],"product_tag":[],"class_list":{"0":"post-710718","1":"product","2":"type-product","3":"status-publish","5":"product_cat-edebiyat","6":"product_cat-roman-oyku","7":"pa_cilt-ciltli","8":"pa_tur-kitap","9":"pa_yayinevi-epsilon-yayinlari","10":"pa_yazar-gordon-korman","12":"first","13":"instock","14":"sale","15":"shipping-taxable","16":"purchasable","17":"product-type-simple"},"_links":{"self":[{"href":"https:\/\/roveyayinevi.com.tr\/index.php\/wp-json\/wp\/v2\/product\/710718","targetHints":{"allow":["GET"]}}],"collection":[{"href":"https:\/\/roveyayinevi.com.tr\/index.php\/wp-json\/wp\/v2\/product"}],"about":[{"href":"https:\/\/roveyayinevi.com.tr\/index.php\/wp-json\/wp\/v2\/types\/product"}],"wp:attachment":[{"href":"https:\/\/roveyayinevi.com.tr\/index.php\/wp-json\/wp\/v2\/media?parent=710718"}],"wp:term":[{"taxonomy":"product_brand","embeddable":true,"href":"https:\/\/roveyayinevi.com.tr\/index.php\/wp-json\/wp\/v2\/product_brand?post=710718"},{"taxonomy":"product_cat","embeddable":true,"href":"https:\/\/roveyayinevi.com.tr\/index.php\/wp-json\/wp\/v2\/product_cat?post=710718"},{"taxonomy":"product_tag","embeddable":true,"href":"https:\/\/roveyayinevi.com.tr\/index.php\/wp-json\/wp\/v2\/product_tag?post=710718"}],"curies":[{"name":"wp","href":"https:\/\/api.w.org\/{rel}","templated":true}]}}