{"id":710716,"date":"2025-08-27T16:38:40","date_gmt":"2025-08-27T13:38:40","guid":{"rendered":"https:\/\/roveyayinevi.com.tr\/index.php\/urun\/esitsiz-gelisim-doga-sermaye-ve-mekanin-uretimi\/"},"modified":"2026-04-16T02:19:23","modified_gmt":"2026-04-15T23:19:23","slug":"esitsiz-gelisim-doga-sermaye-ve-mekanin-uretimi","status":"publish","type":"product","link":"https:\/\/roveyayinevi.com.tr\/index.php\/urun\/esitsiz-gelisim-doga-sermaye-ve-mekanin-uretimi\/","title":{"rendered":"E\u015fitsiz Geli\u015fim (Do\u011fa, Sermaye ve Mekan\u0131n \u00dcretimi)"},"content":{"rendered":"<p>Ele\u015ftirel co\u011frafyan\u0131n \u00f6nde gelen isimlerinden Neil Smith\u2019in E\u015fitsiz Geli\u015fim: Do\u011fa, Sermaye ve Mek\u00e2n\u0131n \u00dcretimi ba\u015fl\u0131kl\u0131 bu eseri tutkulu bir \u00e7al\u0131\u015fman\u0131n \u00fcr\u00fcn\u00fc. Tezine Henri Lefebvre\u2019in Mek\u00e2n\u0131n \u00dcretimi\u2019nde b\u0131rakt\u0131\u011f\u0131 yerden ba\u015flayan Smith, insan do\u011fas\u0131ndan yap\u0131l\u0131 \u00e7evreye, kent \u00f6l\u00e7e\u011finden kolonyalizmin co\u011frafyas\u0131na ve emperyalizmin k\u00fcreselli\u011fine kadar uzanan soyut ve somut mek\u00e2nlarda g\u00f6r\u00fclen, d\u00fc\u015f\u00fcn\u00fclen, incelenen do\u011fay\u0131 merkeze al\u0131yor. Do\u011fa, sermaye ve mek\u00e2n\u0131 bir b\u00fct\u00fcnsellik i\u00e7erisinde inceleyerek, do\u011fay\u0131 insana d\u0131\u015fsal bir \u201cnesne\u201dymi\u015f gibi ele alan yakla\u015f\u0131m\u0131n metafizik karakterinden kurtar\u0131p maddile\u015ftiriyor.Frankfurt Okulu teorisyenlerinin sav\u0131n\u0131n aksine, do\u011fan\u0131n insan\u0131n \u00fcretici eyleminin kapsam\u0131 oldu\u011funu ve verili ko\u015fullar \u00e7er\u00e7evesinde onu kendisiyle birlikte d\u00f6n\u00fc\u015ft\u00fcrd\u00fc\u011f\u00fcnden kapitalist geli\u015fim dinamiklerinin \u00e7e\u015fitli \u00f6l\u00e7eklerdeki mek\u00e2nlar \u00fczerinde nas\u0131l e\u015fitsiz bir karakter ta\u015f\u0131d\u0131\u011f\u0131na i\u015faret ediyor. Tarihi co\u011frafyayla, kenti k\u0131rla, \u015fehrin yap\u0131lar\u0131n\u0131 ormanlarla, G\u00fcney Asya\u2019n\u0131n fabrikalar\u0131n\u0131 Amerika\u2019n\u0131n d\u00fczl\u00fckleriyle bulu\u015fturan Smith, ele\u015ftirel mek\u00e2n teorisinin kapsam\u0131n\u0131 geni\u015fletiyor. Bundan milli parklar da nasibini al\u0131yor!\u201cNeil Smith\u2019in E\u015fitsiz Geli\u015fim\u2019i entelekt\u00fcel ve siyasi a\u00e7\u0131dan bir g\u00fc\u00e7 kazanma denemesi, insanl\u0131k durumunun hayati y\u00f6nlerini dogmatik olmayan ve geni\u015f kapsaml\u0131 bir \u00e7er\u00e7evede ele alan bir ara\u015ft\u0131rma, ger\u00e7ekten m\u00fcmk\u00fcn olan o ba\u015fka d\u00fcnya hakk\u0131nda bize h\u00e2l\u00e2 ilham verip \u00e7ok \u015fey \u00f6\u011fretebilen bir \u00e7al\u0131\u015fma. \u00d6zenli okumay\u0131 ve tekrar okumay\u0131 hak ediyor. Pi\u015fman olmayacaks\u0131n\u0131z.\u201d David Harvey <\/p>\n","protected":false},"excerpt":{"rendered":"<p>Ele\u015ftirel co\u011frafyan\u0131n \u00f6nde gelen isimlerinden Neil Smith\u2019in E\u015fitsiz Geli\u015fim: Do\u011fa, Sermaye ve Mek\u00e2n\u0131n \u00dcretimi ba\u015fl\u0131kl\u0131 bu eseri tutkulu bir \u00e7al\u0131\u015fman\u0131n \u00fcr\u00fcn\u00fc. Tezine Henri Lefebvre\u2019in Mek\u00e2n\u0131n \u00dcretimi\u2019nde<span class=\"excerpt-hellip\"> [\u2026]<\/span><\/p>\n","protected":false},"featured_media":0,"template":"","meta":{"_monsterinsights_skip_tracking":false,"_monsterinsights_sitenote_active":false,"_monsterinsights_sitenote_note":"","_monsterinsights_sitenote_category":0},"product_brand":[],"product_cat":[12767,12324],"product_tag":[],"class_list":{"0":"post-710716","1":"product","2":"type-product","3":"status-publish","5":"product_cat-kentlesme-modernlesme","6":"product_cat-sosyoloji","7":"pa_cilt-ciltsiz","8":"pa_tur-kitap","9":"pa_yayinevi-sel-yayincilik","10":"pa_yazar-neil-smith","12":"first","13":"instock","14":"sale","15":"shipping-taxable","16":"purchasable","17":"product-type-simple"},"_links":{"self":[{"href":"https:\/\/roveyayinevi.com.tr\/index.php\/wp-json\/wp\/v2\/product\/710716","targetHints":{"allow":["GET"]}}],"collection":[{"href":"https:\/\/roveyayinevi.com.tr\/index.php\/wp-json\/wp\/v2\/product"}],"about":[{"href":"https:\/\/roveyayinevi.com.tr\/index.php\/wp-json\/wp\/v2\/types\/product"}],"wp:attachment":[{"href":"https:\/\/roveyayinevi.com.tr\/index.php\/wp-json\/wp\/v2\/media?parent=710716"}],"wp:term":[{"taxonomy":"product_brand","embeddable":true,"href":"https:\/\/roveyayinevi.com.tr\/index.php\/wp-json\/wp\/v2\/product_brand?post=710716"},{"taxonomy":"product_cat","embeddable":true,"href":"https:\/\/roveyayinevi.com.tr\/index.php\/wp-json\/wp\/v2\/product_cat?post=710716"},{"taxonomy":"product_tag","embeddable":true,"href":"https:\/\/roveyayinevi.com.tr\/index.php\/wp-json\/wp\/v2\/product_tag?post=710716"}],"curies":[{"name":"wp","href":"https:\/\/api.w.org\/{rel}","templated":true}]}}