{"id":710715,"date":"2025-08-27T16:38:40","date_gmt":"2025-08-27T13:38:40","guid":{"rendered":"https:\/\/roveyayinevi.com.tr\/index.php\/urun\/max-weberden-dwight-waldoya-kamu-yonetimi\/"},"modified":"2026-04-16T02:19:23","modified_gmt":"2026-04-15T23:19:23","slug":"max-weberden-dwight-waldoya-kamu-yonetimi","status":"publish","type":"product","link":"https:\/\/roveyayinevi.com.tr\/index.php\/urun\/max-weberden-dwight-waldoya-kamu-yonetimi\/","title":{"rendered":"Max Weberden Dwight Waldo`ya Kamu Y\u00f6netimi"},"content":{"rendered":"<p>Antarktika d\u0131\u015f\u0131nda d\u00fcnyadaki b\u00fct\u00fcn kara par\u00e7alar\u0131 belirli bir \u00fclkeye aittir. D\u00fcnyan\u0131n ke\u015ffi (fethi), insanlar\u0131n k\u0131talar aras\u0131nda g\u00f6\u00e7 etmeleri ile birlikte bin y\u0131llar \u00f6nce ba\u015flam\u0131\u015ft\u0131r. \u0130dare, k\u00fcresel bir fenomen haline gelmi\u015f ve yap\u0131 a\u00e7\u0131s\u0131ndan idarenin, hemen her yerde b\u00fcrokratik \u00f6rg\u00fct yap\u0131s\u0131n\u0131 temsil eden bir modele yak\u0131nsad\u0131\u011f\u0131 ve h\u00fck\u00fcm yetkisinin \u00e7ok d\u00fczeyli olarak b\u00f6lgeselle\u015fti\u011fi ileri s\u00fcr\u00fclebilir (Raadschelders ve Vigoda, 2015: 2 ve 3. b\u00f6l\u00fcmler). Ger\u00e7i i\u015flev bak\u0131m\u0131ndan, y\u00f6netimler aras\u0131nda \u00e7ok fazla farkl\u0131la\u015fma ortaya \u00e7\u0131km\u0131\u015ft\u0131r. Baz\u0131 \u00fclkeler ger\u00e7ekten demokratik devletlere sahipken, baz\u0131lar\u0131 olduk\u00e7a totaliter bir sistem taraf\u0131ndan y\u00f6netilmektedir. \ufffc<\/p>\n","protected":false},"excerpt":{"rendered":"<p>Antarktika d\u0131\u015f\u0131nda d\u00fcnyadaki b\u00fct\u00fcn kara par\u00e7alar\u0131 belirli bir \u00fclkeye aittir. D\u00fcnyan\u0131n ke\u015ffi (fethi), insanlar\u0131n k\u0131talar aras\u0131nda g\u00f6\u00e7 etmeleri ile birlikte bin y\u0131llar \u00f6nce ba\u015flam\u0131\u015ft\u0131r. \u0130dare, k\u00fcresel<span class=\"excerpt-hellip\"> [\u2026]<\/span><\/p>\n","protected":false},"featured_media":0,"template":"","meta":{"_monsterinsights_skip_tracking":false,"_monsterinsights_sitenote_active":false,"_monsterinsights_sitenote_note":"","_monsterinsights_sitenote_category":0},"product_brand":[],"product_cat":[12573,12566],"product_tag":[],"class_list":{"0":"post-710715","1":"product","2":"type-product","3":"status-publish","5":"product_cat-akademik-kitaplar","6":"product_cat-egitim","7":"pa_cilt-ciltsiz","8":"pa_tur-kitap","9":"pa_yayinevi-ani-yayincilik","10":"pa_yazar-jos-c-n-raadschelders","12":"first","13":"instock","14":"sale","15":"shipping-taxable","16":"purchasable","17":"product-type-simple"},"_links":{"self":[{"href":"https:\/\/roveyayinevi.com.tr\/index.php\/wp-json\/wp\/v2\/product\/710715","targetHints":{"allow":["GET"]}}],"collection":[{"href":"https:\/\/roveyayinevi.com.tr\/index.php\/wp-json\/wp\/v2\/product"}],"about":[{"href":"https:\/\/roveyayinevi.com.tr\/index.php\/wp-json\/wp\/v2\/types\/product"}],"wp:attachment":[{"href":"https:\/\/roveyayinevi.com.tr\/index.php\/wp-json\/wp\/v2\/media?parent=710715"}],"wp:term":[{"taxonomy":"product_brand","embeddable":true,"href":"https:\/\/roveyayinevi.com.tr\/index.php\/wp-json\/wp\/v2\/product_brand?post=710715"},{"taxonomy":"product_cat","embeddable":true,"href":"https:\/\/roveyayinevi.com.tr\/index.php\/wp-json\/wp\/v2\/product_cat?post=710715"},{"taxonomy":"product_tag","embeddable":true,"href":"https:\/\/roveyayinevi.com.tr\/index.php\/wp-json\/wp\/v2\/product_tag?post=710715"}],"curies":[{"name":"wp","href":"https:\/\/api.w.org\/{rel}","templated":true}]}}