{"id":710711,"date":"2025-08-27T16:38:38","date_gmt":"2025-08-27T13:38:38","guid":{"rendered":"https:\/\/roveyayinevi.com.tr\/index.php\/urun\/eyvah-hirsiz-ben-ve-biz-degerler-serisi-6\/"},"modified":"2026-04-16T02:19:23","modified_gmt":"2026-04-15T23:19:23","slug":"eyvah-hirsiz-ben-ve-biz-degerler-serisi-6","status":"publish","type":"product","link":"https:\/\/roveyayinevi.com.tr\/index.php\/urun\/eyvah-hirsiz-ben-ve-biz-degerler-serisi-6\/","title":{"rendered":"Eyvah, H\u0131rs\u0131z! Ben ve Biz De\u011ferler Serisi 6"},"content":{"rendered":"<p>Ben ve Biz De\u011ferler Serisi\u2019nin tedbirli alt\u0131nc\u0131 kitab\u0131 Eyvah, H\u0131rs\u0131z!ger\u00e7ekleri yok saymak yerine, tehlike anlar\u0131na haz\u0131rl\u0131kl\u0131 olmay\u0131 \u00f6neriyor. Ak\u0131ll\u0131 ve serinkanl\u0131 davranmak i\u00e7in pratik y\u00f6ntemler g\u00f6steriyor. Evde kimse yoktu. E \u0131\u015f\u0131klar da kapal\u0131yd\u0131. \u015eimdi perdelerde k\u00fc\u00e7\u00fcc\u00fck bir \u0131\u015f\u0131k oynuyor ve kap\u0131n\u0131n ard\u0131ndan t\u0131k\u0131rt\u0131lar geliyor. Acaba ne yapsam? \u201cH\u0131rs\u0131\u0131\u0131\u0131z!\u201d diye ba\u011f\u0131rsam m\u0131, yoksa i\u00e7eri girip \u00fcst\u00fcne mi atlasam? \u0130yi de bunlar can\u0131m\u0131 tehlikeye atmaz m\u0131?   Yo yoo, pani\u011fe kap\u0131laca\u011f\u0131ma ak\u0131ll\u0131 olmal\u0131. \u0130yisi mi hemen uzakla\u015fmal\u0131, sonra da polisi ve ailemi aramal\u0131. <\/p>\n","protected":false},"excerpt":{"rendered":"<p>Ben ve Biz De\u011ferler Serisi\u2019nin tedbirli alt\u0131nc\u0131 kitab\u0131 Eyvah, H\u0131rs\u0131z!ger\u00e7ekleri yok saymak yerine, tehlike anlar\u0131na haz\u0131rl\u0131kl\u0131 olmay\u0131 \u00f6neriyor. Ak\u0131ll\u0131 ve serinkanl\u0131 davranmak i\u00e7in pratik y\u00f6ntemler g\u00f6steriyor.<span class=\"excerpt-hellip\"> [\u2026]<\/span><\/p>\n","protected":false},"featured_media":0,"template":"","meta":{"_monsterinsights_skip_tracking":false,"_monsterinsights_sitenote_active":false,"_monsterinsights_sitenote_note":"","_monsterinsights_sitenote_category":0},"product_brand":[],"product_cat":[12274,12284],"product_tag":[],"class_list":{"0":"post-710711","1":"product","2":"type-product","3":"status-publish","5":"product_cat-cocuk-ve-genclik-kitaplari","6":"product_cat-hikayeler","7":"pa_cilt-ciltsiz","8":"pa_tur-kitap","9":"pa_yayinevi-mandolin-yayinlari","10":"pa_yazar-melek-ozlem-sezer","12":"first","13":"instock","14":"sale","15":"shipping-taxable","16":"purchasable","17":"product-type-simple"},"_links":{"self":[{"href":"https:\/\/roveyayinevi.com.tr\/index.php\/wp-json\/wp\/v2\/product\/710711","targetHints":{"allow":["GET"]}}],"collection":[{"href":"https:\/\/roveyayinevi.com.tr\/index.php\/wp-json\/wp\/v2\/product"}],"about":[{"href":"https:\/\/roveyayinevi.com.tr\/index.php\/wp-json\/wp\/v2\/types\/product"}],"wp:attachment":[{"href":"https:\/\/roveyayinevi.com.tr\/index.php\/wp-json\/wp\/v2\/media?parent=710711"}],"wp:term":[{"taxonomy":"product_brand","embeddable":true,"href":"https:\/\/roveyayinevi.com.tr\/index.php\/wp-json\/wp\/v2\/product_brand?post=710711"},{"taxonomy":"product_cat","embeddable":true,"href":"https:\/\/roveyayinevi.com.tr\/index.php\/wp-json\/wp\/v2\/product_cat?post=710711"},{"taxonomy":"product_tag","embeddable":true,"href":"https:\/\/roveyayinevi.com.tr\/index.php\/wp-json\/wp\/v2\/product_tag?post=710711"}],"curies":[{"name":"wp","href":"https:\/\/api.w.org\/{rel}","templated":true}]}}