{"id":710710,"date":"2025-08-27T16:38:37","date_gmt":"2025-08-27T13:38:37","guid":{"rendered":"https:\/\/roveyayinevi.com.tr\/index.php\/urun\/otoritaryen-kisilik-uzerine-niteliksel-ideoloji-incelemeleri\/"},"modified":"2026-03-04T02:34:29","modified_gmt":"2026-03-03T23:34:29","slug":"otoritaryen-kisilik-uzerine-niteliksel-ideoloji-incelemeleri","status":"publish","type":"product","link":"https:\/\/roveyayinevi.com.tr\/index.php\/urun\/otoritaryen-kisilik-uzerine-niteliksel-ideoloji-incelemeleri\/","title":{"rendered":"Otoritaryen Ki\u015filik \u00dczerine &#8211; Niteliksel \u0130deoloji \u0130ncelemeleri"},"content":{"rendered":"<p>Fa\u015fizme e\u011filimli birey kimdir, nas\u0131l d\u00fc\u015f\u00fcn\u00fcr, bu e\u011filimine e\u015flik eden \u00f6zellikleri nelerdir? Fa\u015fizan propagandan\u0131n kimi insanlarda \u00e7ok daha kolay kar\u015f\u0131l\u0131k bulmas\u0131n\u0131n nedeni yaln\u0131zca sosyolojik ko\u015fullarla a\u00e7\u0131klanabilir mi? Ki\u015fili\u011fin ideolojik \u015fekillenmelere etkisi nedir? <\/p>\n","protected":false},"excerpt":{"rendered":"<p>Fa\u015fizme e\u011filimli birey kimdir, nas\u0131l d\u00fc\u015f\u00fcn\u00fcr, bu e\u011filimine e\u015flik eden \u00f6zellikleri nelerdir? Fa\u015fizan propagandan\u0131n kimi insanlarda \u00e7ok daha kolay kar\u015f\u0131l\u0131k bulmas\u0131n\u0131n nedeni yaln\u0131zca sosyolojik ko\u015fullarla a\u00e7\u0131klanabilir<span class=\"excerpt-hellip\"> [\u2026]<\/span><\/p>\n","protected":false},"featured_media":0,"template":"","meta":{"_monsterinsights_skip_tracking":false,"_monsterinsights_sitenote_active":false,"_monsterinsights_sitenote_note":"","_monsterinsights_sitenote_category":0},"product_brand":[],"product_cat":[12312,12304],"product_tag":[],"class_list":{"0":"post-710710","1":"product","2":"type-product","3":"status-publish","5":"product_cat-diger","6":"product_cat-tarih","7":"pa_cilt-ciltsiz","8":"pa_tur-kitap","9":"pa_yayinevi-sel-yayincilik","10":"pa_yazar-theodor-w-adorno","12":"first","13":"instock","14":"sale","15":"shipping-taxable","16":"purchasable","17":"product-type-simple"},"_links":{"self":[{"href":"https:\/\/roveyayinevi.com.tr\/index.php\/wp-json\/wp\/v2\/product\/710710","targetHints":{"allow":["GET"]}}],"collection":[{"href":"https:\/\/roveyayinevi.com.tr\/index.php\/wp-json\/wp\/v2\/product"}],"about":[{"href":"https:\/\/roveyayinevi.com.tr\/index.php\/wp-json\/wp\/v2\/types\/product"}],"wp:attachment":[{"href":"https:\/\/roveyayinevi.com.tr\/index.php\/wp-json\/wp\/v2\/media?parent=710710"}],"wp:term":[{"taxonomy":"product_brand","embeddable":true,"href":"https:\/\/roveyayinevi.com.tr\/index.php\/wp-json\/wp\/v2\/product_brand?post=710710"},{"taxonomy":"product_cat","embeddable":true,"href":"https:\/\/roveyayinevi.com.tr\/index.php\/wp-json\/wp\/v2\/product_cat?post=710710"},{"taxonomy":"product_tag","embeddable":true,"href":"https:\/\/roveyayinevi.com.tr\/index.php\/wp-json\/wp\/v2\/product_tag?post=710710"}],"curies":[{"name":"wp","href":"https:\/\/api.w.org\/{rel}","templated":true}]}}