{"id":710708,"date":"2025-08-27T16:38:36","date_gmt":"2025-08-27T13:38:36","guid":{"rendered":"https:\/\/roveyayinevi.com.tr\/index.php\/urun\/bilincli-ebeveyn-cocugunu-nasil-yetistirir\/"},"modified":"2026-04-16T02:19:23","modified_gmt":"2026-04-15T23:19:23","slug":"bilincli-ebeveyn-cocugunu-nasil-yetistirir","status":"publish","type":"product","link":"https:\/\/roveyayinevi.com.tr\/index.php\/urun\/bilincli-ebeveyn-cocugunu-nasil-yetistirir\/","title":{"rendered":"Bilin\u00e7li Ebeveyn \u00c7ocu\u011funu Nas\u0131l Yeti\u015ftirir?"},"content":{"rendered":"<p>\u00c7ocuklar size kendileriyle ilgili olanlar\u0131 de\u011fil, sizi size \u00f6\u011fretmek i\u00e7in hayat\u0131n\u0131za geliyor. Bu kitap, ebeveynlik, \u00e7ocuk yeti\u015ftirme, \u00e7ocukla anne baba aras\u0131ndaki ili\u015fki konusunda her \u015feyi yeni ba\u015ftan d\u00fc\u015f\u00fcnmenizi sa\u011flayacakt\u0131r.&#8221;M\u00fccadele etmekten vazge\u00e7in ebeveynler. Bu kitap sizi &#8216;m\u00fckemmel ebeveyn&#8217; olma stresinden de &#8216;m\u00fckemmel \u00e7ocuk&#8217; yeti\u015ftirme stresinden de \u00f6zg\u00fcrle\u015ftirecektir.&#8221; <\/p>\n","protected":false},"excerpt":{"rendered":"<p>\u00c7ocuklar size kendileriyle ilgili olanlar\u0131 de\u011fil, sizi size \u00f6\u011fretmek i\u00e7in hayat\u0131n\u0131za geliyor. Bu kitap, ebeveynlik, \u00e7ocuk yeti\u015ftirme, \u00e7ocukla anne baba aras\u0131ndaki ili\u015fki konusunda her \u015feyi yeni<span class=\"excerpt-hellip\"> [\u2026]<\/span><\/p>\n","protected":false},"featured_media":0,"template":"","meta":{"_monsterinsights_skip_tracking":false,"_monsterinsights_sitenote_active":false,"_monsterinsights_sitenote_note":"","_monsterinsights_sitenote_category":0},"product_brand":[],"product_cat":[12831,12324],"product_tag":[],"class_list":{"0":"post-710708","1":"product","2":"type-product","3":"status-publish","5":"product_cat-aile-ve-cocuk","6":"product_cat-sosyoloji","7":"pa_cilt-ciltsiz","8":"pa_tur-kitap","9":"pa_yayinevi-kuraldisi-yayinevi","10":"pa_yazar-shefali-tsabary","12":"first","13":"instock","14":"sale","15":"shipping-taxable","16":"purchasable","17":"product-type-simple"},"_links":{"self":[{"href":"https:\/\/roveyayinevi.com.tr\/index.php\/wp-json\/wp\/v2\/product\/710708","targetHints":{"allow":["GET"]}}],"collection":[{"href":"https:\/\/roveyayinevi.com.tr\/index.php\/wp-json\/wp\/v2\/product"}],"about":[{"href":"https:\/\/roveyayinevi.com.tr\/index.php\/wp-json\/wp\/v2\/types\/product"}],"wp:attachment":[{"href":"https:\/\/roveyayinevi.com.tr\/index.php\/wp-json\/wp\/v2\/media?parent=710708"}],"wp:term":[{"taxonomy":"product_brand","embeddable":true,"href":"https:\/\/roveyayinevi.com.tr\/index.php\/wp-json\/wp\/v2\/product_brand?post=710708"},{"taxonomy":"product_cat","embeddable":true,"href":"https:\/\/roveyayinevi.com.tr\/index.php\/wp-json\/wp\/v2\/product_cat?post=710708"},{"taxonomy":"product_tag","embeddable":true,"href":"https:\/\/roveyayinevi.com.tr\/index.php\/wp-json\/wp\/v2\/product_tag?post=710708"}],"curies":[{"name":"wp","href":"https:\/\/api.w.org\/{rel}","templated":true}]}}