{"id":710707,"date":"2025-08-27T16:38:36","date_gmt":"2025-08-27T13:38:36","guid":{"rendered":"https:\/\/roveyayinevi.com.tr\/index.php\/urun\/obsesif-kompulsif-bozukluk\/"},"modified":"2026-04-15T02:25:12","modified_gmt":"2026-04-14T23:25:12","slug":"obsesif-kompulsif-bozukluk","status":"publish","type":"product","link":"https:\/\/roveyayinevi.com.tr\/index.php\/urun\/obsesif-kompulsif-bozukluk\/","title":{"rendered":"Obsesif Kompulsif Bozukluk"},"content":{"rendered":"<p>Akl\u0131n\u0131zdan bir t\u00fcrl\u00fc \u00e7\u0131kmayan, kurtulmaya \u00e7al\u0131\u015ft\u0131k\u00e7a geri gelen rahats\u0131z edici, hastal\u0131kl\u0131, hatta tehlikeli bir d\u00fc\u015f\u00fcnceyle u\u011fra\u015f\u0131yor musunuz? Ya da mikroplardan kurtulmak i\u00e7in ellerinizi s\u00fcrekli y\u0131k\u0131yor veya baz\u0131 \u015feyleri gereksiz bir \u015fekilde biriktiriyor musunuz? Evden \u00e7\u0131karken b\u00fct\u00fcn \u0131\u015f\u0131klar\u0131n s\u00f6nm\u00fc\u015f oldu\u011funu defalarca kontrol ediyor ya da her \u015feyin simetrik bir d\u00fczen i\u00e7inde olmas\u0131n\u0131 sa\u011flamak i\u00e7in u\u011fra\u015f\u0131p duruyor musunuz?Buna benzer davran\u0131\u015flar Obsesif Kompulsif Bozukluk (OKB) denilen bir hastal\u0131\u011f\u0131n belirtileri olabilir. D\u00fcnya n\u00fcfusunun y\u00fczde 2&#8217;sinin mustarip oldu\u011fu bu hastal\u0131k d\u00fcnyada en fazla gelir kayb\u0131na ve ya\u015fam kalitesinin d\u00fc\u015fmesine yol a\u00e7an ilk on hastal\u0131ktan biridir. <\/p>\n","protected":false},"excerpt":{"rendered":"<p>Akl\u0131n\u0131zdan bir t\u00fcrl\u00fc \u00e7\u0131kmayan, kurtulmaya \u00e7al\u0131\u015ft\u0131k\u00e7a geri gelen rahats\u0131z edici, hastal\u0131kl\u0131, hatta tehlikeli bir d\u00fc\u015f\u00fcnceyle u\u011fra\u015f\u0131yor musunuz? Ya da mikroplardan kurtulmak i\u00e7in ellerinizi s\u00fcrekli y\u0131k\u0131yor veya<span class=\"excerpt-hellip\"> [\u2026]<\/span><\/p>\n","protected":false},"featured_media":0,"template":"","meta":{"_monsterinsights_skip_tracking":false,"_monsterinsights_sitenote_active":false,"_monsterinsights_sitenote_note":"","_monsterinsights_sitenote_category":0},"product_brand":[],"product_cat":[12364,12376],"product_tag":[],"class_list":{"0":"post-710707","1":"product","2":"type-product","3":"status-publish","5":"product_cat-genel-konular","6":"product_cat-kisisel-gelisim","7":"pa_cilt-ciltsiz","8":"pa_tur-kitap","9":"pa_yayinevi-kuraldisi-yayinevi","10":"pa_yazar-david-veale","12":"first","13":"instock","14":"sale","15":"shipping-taxable","16":"purchasable","17":"product-type-simple"},"_links":{"self":[{"href":"https:\/\/roveyayinevi.com.tr\/index.php\/wp-json\/wp\/v2\/product\/710707","targetHints":{"allow":["GET"]}}],"collection":[{"href":"https:\/\/roveyayinevi.com.tr\/index.php\/wp-json\/wp\/v2\/product"}],"about":[{"href":"https:\/\/roveyayinevi.com.tr\/index.php\/wp-json\/wp\/v2\/types\/product"}],"wp:attachment":[{"href":"https:\/\/roveyayinevi.com.tr\/index.php\/wp-json\/wp\/v2\/media?parent=710707"}],"wp:term":[{"taxonomy":"product_brand","embeddable":true,"href":"https:\/\/roveyayinevi.com.tr\/index.php\/wp-json\/wp\/v2\/product_brand?post=710707"},{"taxonomy":"product_cat","embeddable":true,"href":"https:\/\/roveyayinevi.com.tr\/index.php\/wp-json\/wp\/v2\/product_cat?post=710707"},{"taxonomy":"product_tag","embeddable":true,"href":"https:\/\/roveyayinevi.com.tr\/index.php\/wp-json\/wp\/v2\/product_tag?post=710707"}],"curies":[{"name":"wp","href":"https:\/\/api.w.org\/{rel}","templated":true}]}}