{"id":710704,"date":"2025-08-27T16:38:34","date_gmt":"2025-08-27T13:38:34","guid":{"rendered":"https:\/\/roveyayinevi.com.tr\/index.php\/urun\/4-3-2-1\/"},"modified":"2026-04-16T02:19:23","modified_gmt":"2026-04-15T23:19:23","slug":"4-3-2-1","status":"publish","type":"product","link":"https:\/\/roveyayinevi.com.tr\/index.php\/urun\/4-3-2-1\/","title":{"rendered":"4 3 2 1"},"content":{"rendered":"<p>\u201cAuster\u2019\u0131n en b\u00fcy\u00fck, en y\u00fcrek burkan, en doyurucu roman\u0131, ger\u00e7eklerin ve olas\u0131l\u0131klar\u0131n, a\u015fk\u0131n ve ya\u015fam\u0131n s\u00fcr\u00fckleyici ve \u015fa\u015f\u0131rt\u0131c\u0131 \u00f6yk\u00fcs\u00fc\u201d olarak tan\u0131mlanan yap\u0131t, bir aile destan\u0131 havas\u0131nda ba\u015fl\u0131yor ve o aile bireylerinden birinin kendi ya\u015fam\u0131n\u0131 \u201cya \u00f6yle olmasayd\u0131\u201d diye s\u00fcrd\u00fcrmesiyle devam ediyor. \ufffcTan\u0131t\u0131m Metni<\/p>\n","protected":false},"excerpt":{"rendered":"<p>\u201cAuster\u2019\u0131n en b\u00fcy\u00fck, en y\u00fcrek burkan, en doyurucu roman\u0131, ger\u00e7eklerin ve olas\u0131l\u0131klar\u0131n, a\u015fk\u0131n ve ya\u015fam\u0131n s\u00fcr\u00fckleyici ve \u015fa\u015f\u0131rt\u0131c\u0131 \u00f6yk\u00fcs\u00fc\u201d olarak tan\u0131mlanan yap\u0131t, bir aile destan\u0131 havas\u0131nda<span class=\"excerpt-hellip\"> [\u2026]<\/span><\/p>\n","protected":false},"featured_media":0,"template":"","meta":{"_monsterinsights_skip_tracking":false,"_monsterinsights_sitenote_active":false,"_monsterinsights_sitenote_note":"","_monsterinsights_sitenote_category":0},"product_brand":[],"product_cat":[12891,12291],"product_tag":[],"class_list":{"0":"post-710704","1":"product","2":"type-product","3":"status-publish","5":"product_cat-amerikan-edebiyati","6":"product_cat-edebiyat","7":"pa_cilt-ciltsiz","8":"pa_tur-kitap","9":"pa_yayinevi-can-yayinlari","10":"pa_yazar-paul-auster","12":"first","13":"instock","14":"sale","15":"shipping-taxable","16":"purchasable","17":"product-type-simple"},"_links":{"self":[{"href":"https:\/\/roveyayinevi.com.tr\/index.php\/wp-json\/wp\/v2\/product\/710704","targetHints":{"allow":["GET"]}}],"collection":[{"href":"https:\/\/roveyayinevi.com.tr\/index.php\/wp-json\/wp\/v2\/product"}],"about":[{"href":"https:\/\/roveyayinevi.com.tr\/index.php\/wp-json\/wp\/v2\/types\/product"}],"wp:attachment":[{"href":"https:\/\/roveyayinevi.com.tr\/index.php\/wp-json\/wp\/v2\/media?parent=710704"}],"wp:term":[{"taxonomy":"product_brand","embeddable":true,"href":"https:\/\/roveyayinevi.com.tr\/index.php\/wp-json\/wp\/v2\/product_brand?post=710704"},{"taxonomy":"product_cat","embeddable":true,"href":"https:\/\/roveyayinevi.com.tr\/index.php\/wp-json\/wp\/v2\/product_cat?post=710704"},{"taxonomy":"product_tag","embeddable":true,"href":"https:\/\/roveyayinevi.com.tr\/index.php\/wp-json\/wp\/v2\/product_tag?post=710704"}],"curies":[{"name":"wp","href":"https:\/\/api.w.org\/{rel}","templated":true}]}}