{"id":710700,"date":"2025-08-27T16:38:32","date_gmt":"2025-08-27T13:38:32","guid":{"rendered":"https:\/\/roveyayinevi.com.tr\/index.php\/urun\/ic-savas-diyari-feci-dususte\/"},"modified":"2026-04-16T02:19:23","modified_gmt":"2026-04-15T23:19:23","slug":"ic-savas-diyari-feci-dususte","status":"publish","type":"product","link":"https:\/\/roveyayinevi.com.tr\/index.php\/urun\/ic-savas-diyari-feci-dususte\/","title":{"rendered":"\u0130\u00e7 Sava\u015f Diyar\u0131 Feci D\u00fc\u015f\u00fc\u015fte"},"content":{"rendered":"<p>George Saunders\u2019\u0131n erken d\u00f6nem \u00f6yk\u00fclerinin ve bir novellas\u0131n\u0131n yer ald\u0131\u011f\u0131 \u0130\u00e7 Sava\u015f Diyar\u0131 Feci D\u00fc\u015f\u00fc\u015fte siber ter\u00f6rizmle dolu, k\u00e2bus gibi bir k\u0131yamet-sonras\u0131 d\u00fcnya yaratarak okurlar\u0131 her zamankinden daha karanl\u0131k, daha n\u00fcktedan, daha \u00fcmitsiz ve hepsinden \u00f6tesi, \u00e7ok daha \u00e7arp\u0131c\u0131 ger\u00e7eklerle y\u00fczle\u015ftiriyor.  Folio \u00d6d\u00fcll\u00fc  yazar Saunders, bir kez daha a\u015fina oldu\u011fumuz kahramanlara d\u00f6nerek kaybetmi\u015flerin, eziklerin, kusurlular\u0131n, engellilerin yani bir \u015fekilde ya\u015fam\u0131n k\u0131y\u0131s\u0131nda kalm\u0131\u015f bireyin g\u00f6n\u00fcll\u00fc s\u00f6zc\u00fcl\u00fc\u011f\u00fcn\u00fc \u00fcstleniyor.  \u0130\u00e7Sava\u015fDiyar\u0131 Feci D\u00fc\u015f\u00fc\u015fte\u2019yi yazar\u0131n k\u00fclliyat\u0131nda farkl\u0131 bir yere koyan \u00f6zellik ise \u00f6yk\u00fclerin b\u00fcy\u00fck \u00e7o\u011funlu\u011funun, paralel bir evrende ya da \u00e7ok yak\u0131n ve k\u00f6t\u00fcmser bir gelecekte ge\u00e7iyor olmas\u0131. Saunders, insanl\u0131\u011fa dair karanl\u0131k bak\u0131\u015f\u0131n\u0131 \u201c\u00f6tekile\u015fmek\u201d ve \u201cyaln\u0131zla\u015fmak\u201d alan\u0131nda yo\u011funla\u015ft\u0131rarak okuruna sars\u0131c\u0131 sat\u0131rlar sunuyor. Hiciv, ele\u015ftiri, ironi ve mizah dozunu hi\u00e7bir sayfada yitirmeyen \u0130\u00e7Sava\u015fDiyar\u0131 Feci D\u00fc\u015f\u00fc\u015fte, George Saunders\u2019\u0131n en g\u00fczel ve en ya\u015fl\u0131 \u00f6yk\u00fclerinin asl\u0131nda nas\u0131l da hi\u00e7 ya\u015flanmad\u0131\u011f\u0131n\u0131 ortaya koyuyor. \u201cGeorge Saunders\u2019\u0131n klostrofobik manzaralar\u0131n\u0131 ziyaret ettikten sonra, bir al\u0131\u015fveri\u015f merkezine ya da e\u011flence park\u0131na bir daha asla ayn\u0131 \u015fekilde bakamayacaks\u0131n\u0131z\u2026\u201d  The Philadelphia Inquirer <\/p>\n","protected":false},"excerpt":{"rendered":"<p>George Saunders\u2019\u0131n erken d\u00f6nem \u00f6yk\u00fclerinin ve bir novellas\u0131n\u0131n yer ald\u0131\u011f\u0131 \u0130\u00e7 Sava\u015f Diyar\u0131 Feci D\u00fc\u015f\u00fc\u015fte siber ter\u00f6rizmle dolu, k\u00e2bus gibi bir k\u0131yamet-sonras\u0131 d\u00fcnya yaratarak okurlar\u0131 her<span class=\"excerpt-hellip\"> [\u2026]<\/span><\/p>\n","protected":false},"featured_media":0,"template":"","meta":{"_monsterinsights_skip_tracking":false,"_monsterinsights_sitenote_active":false,"_monsterinsights_sitenote_note":"","_monsterinsights_sitenote_category":0},"product_brand":[],"product_cat":[12291,12711],"product_tag":[],"class_list":{"0":"post-710700","1":"product","2":"type-product","3":"status-publish","5":"product_cat-edebiyat","6":"product_cat-roman-oyku","7":"pa_cilt-ciltsiz","8":"pa_tur-kitap","9":"pa_yayinevi-delidolu","10":"pa_yazar-george-saunders","12":"first","13":"instock","14":"sale","15":"shipping-taxable","16":"purchasable","17":"product-type-simple"},"_links":{"self":[{"href":"https:\/\/roveyayinevi.com.tr\/index.php\/wp-json\/wp\/v2\/product\/710700","targetHints":{"allow":["GET"]}}],"collection":[{"href":"https:\/\/roveyayinevi.com.tr\/index.php\/wp-json\/wp\/v2\/product"}],"about":[{"href":"https:\/\/roveyayinevi.com.tr\/index.php\/wp-json\/wp\/v2\/types\/product"}],"wp:attachment":[{"href":"https:\/\/roveyayinevi.com.tr\/index.php\/wp-json\/wp\/v2\/media?parent=710700"}],"wp:term":[{"taxonomy":"product_brand","embeddable":true,"href":"https:\/\/roveyayinevi.com.tr\/index.php\/wp-json\/wp\/v2\/product_brand?post=710700"},{"taxonomy":"product_cat","embeddable":true,"href":"https:\/\/roveyayinevi.com.tr\/index.php\/wp-json\/wp\/v2\/product_cat?post=710700"},{"taxonomy":"product_tag","embeddable":true,"href":"https:\/\/roveyayinevi.com.tr\/index.php\/wp-json\/wp\/v2\/product_tag?post=710700"}],"curies":[{"name":"wp","href":"https:\/\/api.w.org\/{rel}","templated":true}]}}