{"id":710695,"date":"2025-08-27T16:38:30","date_gmt":"2025-08-27T13:38:30","guid":{"rendered":"https:\/\/roveyayinevi.com.tr\/index.php\/urun\/en-guzel-ben-sensin\/"},"modified":"2026-04-03T02:24:56","modified_gmt":"2026-04-02T23:24:56","slug":"en-guzel-ben-sensin","status":"publish","type":"product","link":"https:\/\/roveyayinevi.com.tr\/index.php\/urun\/en-guzel-ben-sensin\/","title":{"rendered":"En G\u00fczel Ben Sensin"},"content":{"rendered":"<p>Arkas\u0131ndan bak\u0131p durduklar\u0131n hayat\u0131n\u0131 ya\u015f\u0131yor. Ne sand\u0131n? Millet senin gibi hayat\u0131n\u0131 birileri u\u011fruna heba edecek de\u011fil herhalde\u2026 Kusura bakma, ben her \u015feyi pat diye s\u00f6yleyen bir kitab\u0131m. E\u011fer aram\u0131zda bir dostluk olacaksa yalan yanl\u0131\u015f konu\u015fup ikimizi de kand\u0131ramam. O zaman ne elinde, ne \u00e7antanda, ne kalbinde, ne de haf\u0131zanda yer edinmemin bir anlam\u0131 kalmaz. Arkas\u0131ndan bakt\u0131klar\u0131n her zaman gidenlerdir. Bu y\u00fczden, sen bunlar\u0131 kafana fazla takma\u2026 Art\u0131k yan\u0131nda ben var\u0131m ve gidenleri de\u011fil, i\u00e7ine \u2018ho\u015f\u2019 gelecekleri beraber kar\u015f\u0131layaca\u011f\u0131z. Yeter ki hayat yolculu\u011funda elimi b\u0131rakma. Ben, ilgiyi severim\u2026 <\/p>\n","protected":false},"excerpt":{"rendered":"<p>Arkas\u0131ndan bak\u0131p durduklar\u0131n hayat\u0131n\u0131 ya\u015f\u0131yor. Ne sand\u0131n? Millet senin gibi hayat\u0131n\u0131 birileri u\u011fruna heba edecek de\u011fil herhalde\u2026 Kusura bakma, ben her \u015feyi pat diye s\u00f6yleyen bir<span class=\"excerpt-hellip\"> [\u2026]<\/span><\/p>\n","protected":false},"featured_media":0,"template":"","meta":{"_monsterinsights_skip_tracking":false,"_monsterinsights_sitenote_active":false,"_monsterinsights_sitenote_note":"","_monsterinsights_sitenote_category":0},"product_brand":[],"product_cat":[12364,12376],"product_tag":[],"class_list":{"0":"post-710695","1":"product","2":"type-product","3":"status-publish","5":"product_cat-genel-konular","6":"product_cat-kisisel-gelisim","7":"pa_cilt-ciltsiz","8":"pa_tur-kitap","9":"pa_yayinevi-ephesus-yayinlari","10":"pa_yazar-selcuk-unal","12":"first","13":"instock","14":"sale","15":"shipping-taxable","16":"purchasable","17":"product-type-simple"},"_links":{"self":[{"href":"https:\/\/roveyayinevi.com.tr\/index.php\/wp-json\/wp\/v2\/product\/710695","targetHints":{"allow":["GET"]}}],"collection":[{"href":"https:\/\/roveyayinevi.com.tr\/index.php\/wp-json\/wp\/v2\/product"}],"about":[{"href":"https:\/\/roveyayinevi.com.tr\/index.php\/wp-json\/wp\/v2\/types\/product"}],"wp:attachment":[{"href":"https:\/\/roveyayinevi.com.tr\/index.php\/wp-json\/wp\/v2\/media?parent=710695"}],"wp:term":[{"taxonomy":"product_brand","embeddable":true,"href":"https:\/\/roveyayinevi.com.tr\/index.php\/wp-json\/wp\/v2\/product_brand?post=710695"},{"taxonomy":"product_cat","embeddable":true,"href":"https:\/\/roveyayinevi.com.tr\/index.php\/wp-json\/wp\/v2\/product_cat?post=710695"},{"taxonomy":"product_tag","embeddable":true,"href":"https:\/\/roveyayinevi.com.tr\/index.php\/wp-json\/wp\/v2\/product_tag?post=710695"}],"curies":[{"name":"wp","href":"https:\/\/api.w.org\/{rel}","templated":true}]}}