{"id":710694,"date":"2025-08-27T16:38:29","date_gmt":"2025-08-27T13:38:29","guid":{"rendered":"https:\/\/roveyayinevi.com.tr\/index.php\/urun\/gunes-ay-ve-rolling-stones\/"},"modified":"2026-04-16T02:19:23","modified_gmt":"2026-04-15T23:19:23","slug":"gunes-ay-ve-rolling-stones","status":"publish","type":"product","link":"https:\/\/roveyayinevi.com.tr\/index.php\/urun\/gunes-ay-ve-rolling-stones\/","title":{"rendered":"G\u00fcne\u015f, Ay ve Rolling Stones"},"content":{"rendered":"<p>Sen s\u00f6yle. Ben bilmiyorum. Stones&#8217;un oldug\u0306u bir d\u00fcnyan\u0131n i\u00e7ine dog\u0306mak nas\u0131l bir s\u0327eydi? Bir g\u00fcnes\u0327, bir ay, bir de Rolling Stones senin i\u00e7in hep vard\u0131. \u2014Keith Richards T\u00fcm zamanlar\u0131n en b\u00fcy\u00fc\u011f\u00fc onlar m\u0131? Tart\u0131\u015f\u0131labilir elbette ama 90\u2019larda, m\u00fczik sevdal\u0131s\u0131 gencecik bir muhabirken turnelerine kat\u0131l\u0131p efsaneyi bizzat ya\u015fayan gazeteci-yazar-senarist Rich Cohen\u2019e g\u00f6re \u00f6yle. Cohen, h\u0131zl\u0131 hayatlar, yalanlar, ac\u0131lar, \u00e7abalar, kavgalar; ba\u015fkald\u0131r\u0131, \u00f6zg\u00fcrl\u00fck, e\u011flence, uyu\u015fturucu, \u00f6l\u00fcm, seks, hapis, para ve y\u0131ld\u0131zlar i\u00e7in s\u00f6ylenegelmi\u015f daha ne varsa hepsini en u\u00e7ta ya\u015fam\u0131\u015f, hep d\u00fc\u015fm\u00fc\u015f, hep kalkm\u0131\u015f ve her seferinde yeniden zirveye t\u0131rmanabilmi\u015f Rolling Stones\u2019un \u00f6yk\u00fcs\u00fcn\u00fc, yetmi\u015fli ya\u015flar\u0131nda h\u00e2l\u00e2 ayn\u0131 enerjiyle nas\u0131l \u00e7alabildiklerini, dedikodular\u0131yla, tan\u0131kl\u0131klarla ve grup elemanlar\u0131n\u0131n bizzat anlatt\u0131klar\u0131yla, kelimenin tam anlam\u0131yla \u201ci\u00e7eriden\u201d, hem de \u201croman tad\u0131nda\u201d aktar\u0131yor. &#8220;B\u00fcy\u00fcleyici.\u201d Wall Street Journal \u201cOkurken plak s\u00fcrekli d\u00f6ns\u00fcn isteyeceksiniz.\u201d  Washington Post \u201cMickJagger nas\u0131l \u015fark\u0131 s\u00f6yl\u00fcyorsaCohen de aynen \u00f6yle yaz\u0131yor: enerji dolu, haval\u0131 ve yarat\u0131c\u0131&#8230; Bu kitab\u0131 okurken harika zaman ge\u00e7ireceksiniz.\u201dA. J. Jacobs \u201cCohen, bu b\u00fcy\u00fck sirki sahne arkas\u0131ndan izlemesi i\u00e7in davet edilmi\u015f se\u00e7ilmi\u015f ki\u015filerden biri. Ama abisinin duvar\u0131ndaki Stones posterine hayranl\u0131kla bakan k\u00fc\u00e7\u00fck karde\u015fin bak\u0131\u015f a\u00e7\u0131s\u0131n\u0131 da asla kaybetmiyor.\u201d Alan Light \u201c\u015eahaser.\u201d Chicago Tribune <\/p>\n","protected":false},"excerpt":{"rendered":"<p>Sen s\u00f6yle. Ben bilmiyorum. Stones&#8217;un oldug\u0306u bir d\u00fcnyan\u0131n i\u00e7ine dog\u0306mak nas\u0131l bir s\u0327eydi? Bir g\u00fcnes\u0327, bir ay, bir de Rolling Stones senin i\u00e7in hep vard\u0131. \u2014Keith<span class=\"excerpt-hellip\"> [\u2026]<\/span><\/p>\n","protected":false},"featured_media":0,"template":"","meta":{"_monsterinsights_skip_tracking":false,"_monsterinsights_sitenote_active":false,"_monsterinsights_sitenote_note":"","_monsterinsights_sitenote_category":0},"product_brand":[],"product_cat":[13946,12304],"product_tag":[],"class_list":{"0":"post-710694","1":"product","2":"type-product","3":"status-publish","5":"product_cat-biyografi-otobiyografi","6":"product_cat-tarih","7":"pa_cilt-ciltsiz","8":"pa_tur-kitap","9":"pa_yayinevi-domingo-yayinevi","10":"pa_yazar-rich-cohen","12":"first","13":"instock","14":"sale","15":"shipping-taxable","16":"purchasable","17":"product-type-simple"},"_links":{"self":[{"href":"https:\/\/roveyayinevi.com.tr\/index.php\/wp-json\/wp\/v2\/product\/710694","targetHints":{"allow":["GET"]}}],"collection":[{"href":"https:\/\/roveyayinevi.com.tr\/index.php\/wp-json\/wp\/v2\/product"}],"about":[{"href":"https:\/\/roveyayinevi.com.tr\/index.php\/wp-json\/wp\/v2\/types\/product"}],"wp:attachment":[{"href":"https:\/\/roveyayinevi.com.tr\/index.php\/wp-json\/wp\/v2\/media?parent=710694"}],"wp:term":[{"taxonomy":"product_brand","embeddable":true,"href":"https:\/\/roveyayinevi.com.tr\/index.php\/wp-json\/wp\/v2\/product_brand?post=710694"},{"taxonomy":"product_cat","embeddable":true,"href":"https:\/\/roveyayinevi.com.tr\/index.php\/wp-json\/wp\/v2\/product_cat?post=710694"},{"taxonomy":"product_tag","embeddable":true,"href":"https:\/\/roveyayinevi.com.tr\/index.php\/wp-json\/wp\/v2\/product_tag?post=710694"}],"curies":[{"name":"wp","href":"https:\/\/api.w.org\/{rel}","templated":true}]}}