{"id":710693,"date":"2025-08-27T16:38:29","date_gmt":"2025-08-27T13:38:29","guid":{"rendered":"https:\/\/roveyayinevi.com.tr\/index.php\/urun\/savas-soylemlerinde-kadin-imgesi\/"},"modified":"2026-04-16T02:19:23","modified_gmt":"2026-04-15T23:19:23","slug":"savas-soylemlerinde-kadin-imgesi","status":"publish","type":"product","link":"https:\/\/roveyayinevi.com.tr\/index.php\/urun\/savas-soylemlerinde-kadin-imgesi\/","title":{"rendered":"Sava\u015f S\u00f6ylemlerinde Kad\u0131n \u0130mgesi"},"content":{"rendered":"<p>Yirminci Y\u00fczy\u0131l sava\u015flar\u0131, kad\u0131nlar\u0131n sokakta oy kullanma hakk\u0131 i\u00e7in verdi\u011fi m\u00fccadeleden, evinde \u00e7ocu\u011funu emzirmesine kadar hayat\u0131ndaki her de\u011fi\u015fimi derinden etkiledi. Kad\u0131nlar\u0131n hayat\u0131ndaki en k\u00f6kl\u00fc de\u011fi\u015fim belki de i\u015f hayat\u0131na at\u0131lmalar\u0131yd\u0131. Sava\u015flar, sava\u015fa kat\u0131lan \u00fclkeleri askeri ve sivil cephe olarak ikiye b\u00f6lm\u00fc\u015ft\u00fc. Askeri cephenin erke\u011fe, sivil cephenin ise kad\u0131na ihtiyac\u0131 vard\u0131. \u2018\u2018\u00dclkenin sana ihtiyac\u0131 var\u2019\u2019, \u201c\u00dclkene, Erke\u011fine ve Gelece\u011fine Sahip \u00c7\u0131k\u2019\u2019 ve \u2018\u2018Yapabiliriz\u2019\u2019 gibi s\u0131k s\u0131k kullan\u0131lan afi\u015flerle, kad\u0131nlar g\u00f6reve \u00e7a\u011fr\u0131ld\u0131. Kad\u0131nlar, mecburen erkeklerin yard\u0131m \u00e7a\u011fr\u0131s\u0131na cevap verecek ve erkeklerin yan\u0131nda saf tutacaklard\u0131. Sonu\u00e7 olarak kad\u0131nlar, yeni \u00fcniformalar\u0131yla yeni hayatlar\u0131na yani kamusal hayata ge\u00e7tiler. Bu s\u00fcre\u00e7 beklenildi\u011fi \u00fczere sanc\u0131l\u0131 oldu. Bir\u00e7ok erke\u011fin kafas\u0131nda, kad\u0131n hala ge\u00e7ici i\u015f\u00e7iydi ve sava\u015f bitince evine, yani ait oldu\u011fu yere geri d\u00f6nmeliydi. Kad\u0131nlara g\u00f6re ise kamusal alana girme \u00f6nemli bir d\u00f6n\u00fcm noktas\u0131 ve d\u00f6n\u00fc\u015f\u00fcm\u00fcn ba\u015flang\u0131c\u0131yd\u0131. Elinizdeki bu kitap, Amerika Birle\u015fik Devletleri\u2019nden, \u0130ran\u2019a kadar b\u00fcy\u00fck bir co\u011frafyada sava\u015f zaman\u0131 kad\u0131nlar hakk\u0131nda (bazen de kad\u0131nlar taraf\u0131ndan) kullan\u0131lan eril s\u00f6ylemleri ve bu s\u00f6ylemlerin kullan\u0131m y\u00f6ntemleri, g\u00fc\u00e7leri, etki sahalar\u0131, yaratt\u0131\u011f\u0131 alg\u0131lar\u0131 ve kar\u015f\u0131t tepkileri incelemektedir. <\/p>\n","protected":false},"excerpt":{"rendered":"<p>Yirminci Y\u00fczy\u0131l sava\u015flar\u0131, kad\u0131nlar\u0131n sokakta oy kullanma hakk\u0131 i\u00e7in verdi\u011fi m\u00fccadeleden, evinde \u00e7ocu\u011funu emzirmesine kadar hayat\u0131ndaki her de\u011fi\u015fimi derinden etkiledi. Kad\u0131nlar\u0131n hayat\u0131ndaki en k\u00f6kl\u00fc de\u011fi\u015fim belki<span class=\"excerpt-hellip\"> [\u2026]<\/span><\/p>\n","protected":false},"featured_media":0,"template":"","meta":{"_monsterinsights_skip_tracking":false,"_monsterinsights_sitenote_active":false,"_monsterinsights_sitenote_note":"","_monsterinsights_sitenote_category":0},"product_brand":[],"product_cat":[12312,12304],"product_tag":[],"class_list":{"0":"post-710693","1":"product","2":"type-product","3":"status-publish","5":"product_cat-diger","6":"product_cat-tarih","7":"pa_cilt-ciltsiz","8":"pa_tur-kitap","9":"pa_yayinevi-yeni-insan-yayinlari","10":"pa_yazar-onur-yamaner","12":"first","13":"instock","14":"sale","15":"shipping-taxable","16":"purchasable","17":"product-type-simple"},"_links":{"self":[{"href":"https:\/\/roveyayinevi.com.tr\/index.php\/wp-json\/wp\/v2\/product\/710693","targetHints":{"allow":["GET"]}}],"collection":[{"href":"https:\/\/roveyayinevi.com.tr\/index.php\/wp-json\/wp\/v2\/product"}],"about":[{"href":"https:\/\/roveyayinevi.com.tr\/index.php\/wp-json\/wp\/v2\/types\/product"}],"wp:attachment":[{"href":"https:\/\/roveyayinevi.com.tr\/index.php\/wp-json\/wp\/v2\/media?parent=710693"}],"wp:term":[{"taxonomy":"product_brand","embeddable":true,"href":"https:\/\/roveyayinevi.com.tr\/index.php\/wp-json\/wp\/v2\/product_brand?post=710693"},{"taxonomy":"product_cat","embeddable":true,"href":"https:\/\/roveyayinevi.com.tr\/index.php\/wp-json\/wp\/v2\/product_cat?post=710693"},{"taxonomy":"product_tag","embeddable":true,"href":"https:\/\/roveyayinevi.com.tr\/index.php\/wp-json\/wp\/v2\/product_tag?post=710693"}],"curies":[{"name":"wp","href":"https:\/\/api.w.org\/{rel}","templated":true}]}}