{"id":710692,"date":"2025-08-27T16:38:28","date_gmt":"2025-08-27T13:38:28","guid":{"rendered":"https:\/\/roveyayinevi.com.tr\/index.php\/urun\/modern-ipek-yolu-dergisi-13-sayi\/"},"modified":"2026-04-16T02:19:23","modified_gmt":"2026-04-15T23:19:23","slug":"modern-ipek-yolu-dergisi-13-sayi","status":"publish","type":"product","link":"https:\/\/roveyayinevi.com.tr\/index.php\/urun\/modern-ipek-yolu-dergisi-13-sayi\/","title":{"rendered":"Modern \u0130pek Yolu Dergisi 13. Say\u0131"},"content":{"rendered":"<p>K\u0131rm\u0131z\u0131 Kedi Yay\u0131nevi ve CRI-\u00c7in Uluslararas\u0131 Radyosu\u2019nun i\u015fbirli\u011fiyle \u00fc\u00e7 ayda bir yay\u0131mlanan \u00c7in k\u00fclt\u00fcr\u00fc, ekonomi ve politika dergisi \u201cModern \u0130pek Yolu\u201d 13. say\u0131s\u0131yla okuyucu kar\u015f\u0131s\u0131nda.  Bir Ku\u015fak Bir Yol Giri\u015fimi kapsam\u0131nda T\u00fcrkiye-\u00c7in ili\u015fkileri hem ekonomik hem de k\u00fclt\u00fcrel alanda her ge\u00e7en g\u00fcn geli\u015fmeye devam ediyor. Bu ili\u015fkiler kapsam\u0131nda T\u00fcrkiye\u2019nin belli ba\u015fl\u0131 \u015fehirleri \u00f6n plana \u00e7\u0131kmaya ba\u015flad\u0131. Bu \u015fehirlerden biri de \u0130zmir. T\u00fcrkiye\u2019nin \u00fc\u00e7\u00fcnc\u00fc b\u00fcy\u00fck kenti olan \u0130zmir Bir Ku\u015fak Bir Yol Giri\u015fimi ekseninde \u00c7in ile ekonomik ve k\u00fclt\u00fcrel i\u015fbirli\u011fini artt\u0131rmak i\u00e7in \u00f6nemli projeler haz\u0131rl\u0131yor. Bu projeler yava\u015f yava\u015f meyvelerini vermeye de ba\u015flad\u0131. Modern \u0130pek Yolu dergisi de  yeni say\u0131s\u0131nda \u0130zmir\u2019in \u201cBir Ku\u015fak Bir Yol\u201d projesi kapsam\u0131nda faaliyetlerini konu alan bir kapakla okuyucu kar\u015f\u0131s\u0131na \u00e7\u0131k\u0131yor. \u0130zmir\u2019in Bir Ku\u015fak Bir Yol giri\u015fimindeki \u00f6nemini vurgulayan \u0130zmir B\u00fcy\u00fck\u015fehir Belediye Ba\u015fkan\u0131 Tun\u00e7 Soyer \u201c\u0130zmir, binlerce y\u0131ll\u0131k ticaret g\u00fczergah\u0131n\u0131n orta koridoru dedi\u011fimiz yolun sonunda, \u0130pek Yolu\u2019nun Akdeniz ile bulu\u015ftu\u011fu kent olarak \u00f6ne \u00e7\u0131k\u0131yor. Biz de \u015fimdi \u0130zmir\u2019in yeniden vazge\u00e7ilmez bir nokta oldu\u011funu g\u00f6stermek istiyoruz. Bu g\u00fczergah \u00fczerindeki \u00fclkeler ve \u0130pek Yolu\u2019nun ba\u015flang\u0131c\u0131 olan \u00c7in ile iyi ili\u015fkiler kurmak istiyoruz. \u00d6n\u00fcm\u00fczdeki g\u00fcnlerde hem \u015eanghay\u2019da hem de Chengdu\u2019da bir \u0130zmir ofisi a\u00e7may\u0131 hedefliyoruz. Her iki kentin k\u00fclt\u00fcr\u00fcn\u00fc, zenginliklerini kar\u015f\u0131l\u0131kl\u0131 olarak daha \u00e7ok aktarmay\u0131 hedefliyoruz\u201d ifadelerini kullanm\u0131\u015ft\u0131. Modern \u0130pek Yolu dergisi Tun\u00e7 Soyer\u2019in bu a\u00e7\u0131klamalar\u0131 ekseninde \u015fehirde yap\u0131lan hem ticari hem de k\u00fclt\u00fcrel faaliyetleri okurlar\u0131na <\/p>\n","protected":false},"excerpt":{"rendered":"<p>K\u0131rm\u0131z\u0131 Kedi Yay\u0131nevi ve CRI-\u00c7in Uluslararas\u0131 Radyosu\u2019nun i\u015fbirli\u011fiyle \u00fc\u00e7 ayda bir yay\u0131mlanan \u00c7in k\u00fclt\u00fcr\u00fc, ekonomi ve politika dergisi \u201cModern \u0130pek Yolu\u201d 13. say\u0131s\u0131yla okuyucu kar\u015f\u0131s\u0131nda. Bir<span class=\"excerpt-hellip\"> [\u2026]<\/span><\/p>\n","protected":false},"featured_media":0,"template":"","meta":{"_monsterinsights_skip_tracking":false,"_monsterinsights_sitenote_active":false,"_monsterinsights_sitenote_note":"","_monsterinsights_sitenote_category":0},"product_brand":[],"product_cat":[13527],"product_tag":[],"class_list":{"0":"post-710692","1":"product","2":"type-product","3":"status-publish","5":"product_cat-sureli-yayinlar","6":"pa_cilt-ciltsiz","7":"pa_tur-dergi","8":"pa_yayinevi-kirmizi-kedi-dergi","9":"pa_yazar-kolektif","11":"first","12":"instock","13":"sale","14":"shipping-taxable","15":"purchasable","16":"product-type-simple"},"_links":{"self":[{"href":"https:\/\/roveyayinevi.com.tr\/index.php\/wp-json\/wp\/v2\/product\/710692","targetHints":{"allow":["GET"]}}],"collection":[{"href":"https:\/\/roveyayinevi.com.tr\/index.php\/wp-json\/wp\/v2\/product"}],"about":[{"href":"https:\/\/roveyayinevi.com.tr\/index.php\/wp-json\/wp\/v2\/types\/product"}],"wp:attachment":[{"href":"https:\/\/roveyayinevi.com.tr\/index.php\/wp-json\/wp\/v2\/media?parent=710692"}],"wp:term":[{"taxonomy":"product_brand","embeddable":true,"href":"https:\/\/roveyayinevi.com.tr\/index.php\/wp-json\/wp\/v2\/product_brand?post=710692"},{"taxonomy":"product_cat","embeddable":true,"href":"https:\/\/roveyayinevi.com.tr\/index.php\/wp-json\/wp\/v2\/product_cat?post=710692"},{"taxonomy":"product_tag","embeddable":true,"href":"https:\/\/roveyayinevi.com.tr\/index.php\/wp-json\/wp\/v2\/product_tag?post=710692"}],"curies":[{"name":"wp","href":"https:\/\/api.w.org\/{rel}","templated":true}]}}