{"id":710691,"date":"2025-08-27T16:38:28","date_gmt":"2025-08-27T13:38:28","guid":{"rendered":"https:\/\/roveyayinevi.com.tr\/index.php\/urun\/temel-cizim-kitabi\/"},"modified":"2026-04-16T02:19:23","modified_gmt":"2026-04-15T23:19:23","slug":"temel-cizim-kitabi","status":"publish","type":"product","link":"https:\/\/roveyayinevi.com.tr\/index.php\/urun\/temel-cizim-kitabi\/","title":{"rendered":"Temel \u00c7izim Kitab\u0131"},"content":{"rendered":"<p>Tamam\u0131 \u00e7izimlerden olu\u015fan bu ad\u0131m ad\u0131m ilerleyen rehber sayesinde hem yeni ba\u015flayanlar, hem orta seviyedekiler, hem de daha tecr\u00fcbeli ressamlar i\u00e7in \u00e7izim becerilerini geli\u015ftirmek art\u0131k \u00e7ok kolay! Biraz zaman, biraz al\u0131\u015ft\u0131rma ve birtak\u0131m temel ara\u00e7 gere\u00e7le \u00e7ok ge\u00e7meden \u00e7evrenizdeki d\u00fcnyaya dair dikkat \u00e7eken \u00e7izimler yapmaya ba\u015flayacaks\u0131n\u0131z. Bu \u00e7izimlerin aras\u0131nda insan fig\u00fcrleri, hayvanlar, nat\u00fcrmortlar, binalar ve deniz manzaralar\u0131 olabilir! Profesyonel ressam Duncan Smith&#8217;in canl\u0131 ve anlat\u0131msal \u00e7izimleri do\u011fal kabiliyetlerinizi ortaya \u00e7\u0131kartacak bol miktarda pratik tavsiyeyle bir arada! \ufffcTan\u0131t\u0131m Metni<\/p>\n","protected":false},"excerpt":{"rendered":"<p>Tamam\u0131 \u00e7izimlerden olu\u015fan bu ad\u0131m ad\u0131m ilerleyen rehber sayesinde hem yeni ba\u015flayanlar, hem orta seviyedekiler, hem de daha tecr\u00fcbeli ressamlar i\u00e7in \u00e7izim becerilerini geli\u015ftirmek art\u0131k \u00e7ok<span class=\"excerpt-hellip\"> [\u2026]<\/span><\/p>\n","protected":false},"featured_media":0,"template":"","meta":{"_monsterinsights_skip_tracking":false,"_monsterinsights_sitenote_active":false,"_monsterinsights_sitenote_note":"","_monsterinsights_sitenote_category":0},"product_brand":[],"product_cat":[15733,12408],"product_tag":[],"class_list":{"0":"post-710691","1":"product","2":"type-product","3":"status-publish","5":"product_cat-resim","6":"product_cat-sanat","7":"pa_cilt-ciltsiz","8":"pa_tur-kitap","9":"pa_yayinevi-profil-kitap","10":"pa_yazar-duncan-smith","12":"first","13":"instock","14":"sale","15":"shipping-taxable","16":"purchasable","17":"product-type-simple"},"_links":{"self":[{"href":"https:\/\/roveyayinevi.com.tr\/index.php\/wp-json\/wp\/v2\/product\/710691","targetHints":{"allow":["GET"]}}],"collection":[{"href":"https:\/\/roveyayinevi.com.tr\/index.php\/wp-json\/wp\/v2\/product"}],"about":[{"href":"https:\/\/roveyayinevi.com.tr\/index.php\/wp-json\/wp\/v2\/types\/product"}],"wp:attachment":[{"href":"https:\/\/roveyayinevi.com.tr\/index.php\/wp-json\/wp\/v2\/media?parent=710691"}],"wp:term":[{"taxonomy":"product_brand","embeddable":true,"href":"https:\/\/roveyayinevi.com.tr\/index.php\/wp-json\/wp\/v2\/product_brand?post=710691"},{"taxonomy":"product_cat","embeddable":true,"href":"https:\/\/roveyayinevi.com.tr\/index.php\/wp-json\/wp\/v2\/product_cat?post=710691"},{"taxonomy":"product_tag","embeddable":true,"href":"https:\/\/roveyayinevi.com.tr\/index.php\/wp-json\/wp\/v2\/product_tag?post=710691"}],"curies":[{"name":"wp","href":"https:\/\/api.w.org\/{rel}","templated":true}]}}