{"id":710690,"date":"2025-08-27T16:38:28","date_gmt":"2025-08-27T13:38:28","guid":{"rendered":"https:\/\/roveyayinevi.com.tr\/index.php\/urun\/abim-che\/"},"modified":"2026-04-13T02:24:32","modified_gmt":"2026-04-12T23:24:32","slug":"abim-che","status":"publish","type":"product","link":"https:\/\/roveyayinevi.com.tr\/index.php\/urun\/abim-che\/","title":{"rendered":"Abim CHE"},"content":{"rendered":"<p>Ernesto \u201cChe\u201d Guevara&#8230; Yirminci y\u00fczy\u0131l\u0131n efsanevi devrimcisi, baz\u0131lar\u0131n\u0131n tapt\u0131\u011f\u0131, baz\u0131lar\u0131n\u0131n \u00f6lesiye nefret etti\u011fi bir politik fig\u00fcr, \u00f6te yandan ya\u015fasayd\u0131 tepki g\u00f6sterece\u011fi bi\u00e7imde metala\u015ft\u0131r\u0131lm\u0131\u015f, pop\u00fcler k\u00fclt\u00fcr\u00fcn elinde bir ikona d\u00f6n\u00fc\u015ft\u00fcr\u00fclm\u00fc\u015f idealist ve eylem adam\u0131. Kendisi de Arjantin\u2019deki dikta rejiminin zindanlar\u0131nda y\u0131llarca \u00e7ile doldurmu\u015f bir militan olan Juan Martin Guevara, Che\u2019nin Bolivya da\u011flar\u0131nda katledili\u015finden yar\u0131m y\u00fczy\u0131l sonra sessizli\u011fini bozuyor ve abisini anlat\u0131yor. Yo\u011fun, i\u00e7e oturmu\u015f bir h\u00fczn\u00fcn damgas\u0131n\u0131 vurdu\u011fu bu an\u0131larda Che\u2019nin yeti\u015fti\u011fi sosyal \u00e7evre de var, \u00fczerinde \u00e7ok etkisi olan annesiyle ili\u015fkisi de, biyografilerinde kendine pek yer bulamayan babas\u0131 ile kimileri ger\u00e7ek birer karakter olan akrabalar\u0131 ve dostlar\u0131 da. Yeri geldik\u00e7e, Che\u2019nin hayata, siyasete, edebiyata ili\u015fkin g\u00f6r\u00fc\u015flerine, de\u011ferlendirmelerine de yer veriyor k\u00fc\u00e7\u00fck Guevara. Ama esas \u00f6nemsedi\u011fi, dile getirmek istedi\u011fi art\u0131k kendisi yetmi\u015fini devirmi\u015f bir ihtiyar iken hep gen\u00e7 kalacak olan abisi ile, y\u0131llarca mezar\u0131 bile belli olmayan sevgili \u00f6l\u00fcs\u00fc ile ba\u011f\u0131. Juan Martin Guevara\u2019n\u0131n k\u00e2\u011f\u0131da d\u00f6kt\u00fcklerini e\u015fsiz k\u0131lan, ba\u015fkalar\u0131n\u0131n anlayamayaca\u011f\u0131 ve anlatamayaca\u011f\u0131 bu insani boyut zaten. <\/p>\n","protected":false},"excerpt":{"rendered":"<p>Ernesto \u201cChe\u201d Guevara&#8230; Yirminci y\u00fczy\u0131l\u0131n efsanevi devrimcisi, baz\u0131lar\u0131n\u0131n tapt\u0131\u011f\u0131, baz\u0131lar\u0131n\u0131n \u00f6lesiye nefret etti\u011fi bir politik fig\u00fcr, \u00f6te yandan ya\u015fasayd\u0131 tepki g\u00f6sterece\u011fi bi\u00e7imde metala\u015ft\u0131r\u0131lm\u0131\u015f, pop\u00fcler k\u00fclt\u00fcr\u00fcn elinde<span class=\"excerpt-hellip\"> [\u2026]<\/span><\/p>\n","protected":false},"featured_media":0,"template":"","meta":{"_monsterinsights_skip_tracking":false,"_monsterinsights_sitenote_active":false,"_monsterinsights_sitenote_note":"","_monsterinsights_sitenote_category":0},"product_brand":[],"product_cat":[13946,12304],"product_tag":[],"class_list":{"0":"post-710690","1":"product","2":"type-product","3":"status-publish","5":"product_cat-biyografi-otobiyografi","6":"product_cat-tarih","7":"pa_cilt-ciltsiz","8":"pa_tur-kitap","9":"pa_yayinevi-can-yayinlari","10":"pa_yazar-juan-martin-guevara-armella-vincent","12":"first","13":"instock","14":"sale","15":"shipping-taxable","16":"purchasable","17":"product-type-simple"},"_links":{"self":[{"href":"https:\/\/roveyayinevi.com.tr\/index.php\/wp-json\/wp\/v2\/product\/710690","targetHints":{"allow":["GET"]}}],"collection":[{"href":"https:\/\/roveyayinevi.com.tr\/index.php\/wp-json\/wp\/v2\/product"}],"about":[{"href":"https:\/\/roveyayinevi.com.tr\/index.php\/wp-json\/wp\/v2\/types\/product"}],"wp:attachment":[{"href":"https:\/\/roveyayinevi.com.tr\/index.php\/wp-json\/wp\/v2\/media?parent=710690"}],"wp:term":[{"taxonomy":"product_brand","embeddable":true,"href":"https:\/\/roveyayinevi.com.tr\/index.php\/wp-json\/wp\/v2\/product_brand?post=710690"},{"taxonomy":"product_cat","embeddable":true,"href":"https:\/\/roveyayinevi.com.tr\/index.php\/wp-json\/wp\/v2\/product_cat?post=710690"},{"taxonomy":"product_tag","embeddable":true,"href":"https:\/\/roveyayinevi.com.tr\/index.php\/wp-json\/wp\/v2\/product_tag?post=710690"}],"curies":[{"name":"wp","href":"https:\/\/api.w.org\/{rel}","templated":true}]}}