{"id":710687,"date":"2025-08-27T16:38:26","date_gmt":"2025-08-27T13:38:26","guid":{"rendered":"https:\/\/roveyayinevi.com.tr\/index.php\/urun\/ana-hatlariyla-yakincag-tarihi\/"},"modified":"2026-04-16T02:19:23","modified_gmt":"2026-04-15T23:19:23","slug":"ana-hatlariyla-yakincag-tarihi","status":"publish","type":"product","link":"https:\/\/roveyayinevi.com.tr\/index.php\/urun\/ana-hatlariyla-yakincag-tarihi\/","title":{"rendered":"Ana Hatlar\u0131yla Yak\u0131n\u00e7a\u011f Tarihi"},"content":{"rendered":"<p>1789-1918 aras\u0131 d\u00f6nemin incelendi\u011fi eserde \u015eark Meselesi kavram\u0131ndan yola \u00e7\u0131k\u0131larak Avrupa ve Osmanl\u0131 Siyasi tarihi konular\u0131na de\u011finilmi\u015ftir. D\u00fcvel-i Muazzama\u2019n\u0131n (B\u00fcy\u00fck G\u00fc\u00e7lerin) as\u0131rlar \u00f6ncesi ortaya koyduklar\u0131 fikirlerin tarihsel a\u00e7\u0131dan de\u011ferlendirilmesinden olu\u015fan eserde; \u015eark Meselesi fikrinin g\u00fcn\u00fcm\u00fczde de a\u00e7\u0131k\u00e7a devam etti\u011fi hususu a\u015fik\u00e2r olarak ortaya konulmaktad\u0131r. B\u00fcy\u00fck G\u00fc\u00e7lerin d\u00fcnya siyasetini kendi istekleri \u00e7er\u00e7evesinde y\u00f6nlendirme \u00e7abalar\u0131, incelenen 120 y\u0131l\u0131 a\u015fk\u0131n d\u00f6nemde k\u0131smen ba\u015far\u0131l\u0131, k\u0131smen de \u015eark Meselesi\u2019ndeki oyunlar\u0131n\u0131 bozan fakt\u00f6rler nedeniyle de k\u0131smen ba\u015far\u0131s\u0131z olmu\u015ftur. Tarihte \u201cT\u00fcrk\u201d fakt\u00f6r\u00fc D\u00fcvel-i Muazzama\u2019n\u0131n \u00e7o\u011fu zaman anlayamad\u0131\u011f\u0131 ve b\u00fcy\u00fck oranda da \u00e7\u00f6zemedi\u011fi sorunlar aras\u0131nda yer alm\u0131\u015ft\u0131r ve yer almaya devam edecektir. Elinizdeki eserde, Yak\u0131n\u00e7a\u011f tarihinde \u00f6ne \u00e7\u0131kan konular bir arada verilmeye \u00e7al\u0131\u015f\u0131l\u0131rken ana gaye; tarihle ilgilenenlere rehber, tarih okuyucular\u0131na da kaynak olmakt\u0131r. Raflarda de\u011fil, ak\u0131llarda ve g\u00f6n\u00fcllerde kalmak dile\u011fiyle\u2026 \ufffcTan\u0131t\u0131m Metni<\/p>\n","protected":false},"excerpt":{"rendered":"<p>1789-1918 aras\u0131 d\u00f6nemin incelendi\u011fi eserde \u015eark Meselesi kavram\u0131ndan yola \u00e7\u0131k\u0131larak Avrupa ve Osmanl\u0131 Siyasi tarihi konular\u0131na de\u011finilmi\u015ftir. D\u00fcvel-i Muazzama\u2019n\u0131n (B\u00fcy\u00fck G\u00fc\u00e7lerin) as\u0131rlar \u00f6ncesi ortaya koyduklar\u0131 fikirlerin<span class=\"excerpt-hellip\"> [\u2026]<\/span><\/p>\n","protected":false},"featured_media":0,"template":"","meta":{"_monsterinsights_skip_tracking":false,"_monsterinsights_sitenote_active":false,"_monsterinsights_sitenote_note":"","_monsterinsights_sitenote_category":0},"product_brand":[],"product_cat":[13590,12337],"product_tag":[],"class_list":{"0":"post-710687","1":"product","2":"type-product","3":"status-publish","5":"product_cat-arastirma-inceleme-politika-siyaset","6":"product_cat-politika-siyaset","7":"pa_cilt-ciltsiz","8":"pa_tur-kitap","9":"pa_yayinevi-yeditepe-yayinevi","10":"pa_yazar-ozgur-yildiz","12":"first","13":"instock","14":"sale","15":"shipping-taxable","16":"purchasable","17":"product-type-simple"},"_links":{"self":[{"href":"https:\/\/roveyayinevi.com.tr\/index.php\/wp-json\/wp\/v2\/product\/710687","targetHints":{"allow":["GET"]}}],"collection":[{"href":"https:\/\/roveyayinevi.com.tr\/index.php\/wp-json\/wp\/v2\/product"}],"about":[{"href":"https:\/\/roveyayinevi.com.tr\/index.php\/wp-json\/wp\/v2\/types\/product"}],"wp:attachment":[{"href":"https:\/\/roveyayinevi.com.tr\/index.php\/wp-json\/wp\/v2\/media?parent=710687"}],"wp:term":[{"taxonomy":"product_brand","embeddable":true,"href":"https:\/\/roveyayinevi.com.tr\/index.php\/wp-json\/wp\/v2\/product_brand?post=710687"},{"taxonomy":"product_cat","embeddable":true,"href":"https:\/\/roveyayinevi.com.tr\/index.php\/wp-json\/wp\/v2\/product_cat?post=710687"},{"taxonomy":"product_tag","embeddable":true,"href":"https:\/\/roveyayinevi.com.tr\/index.php\/wp-json\/wp\/v2\/product_tag?post=710687"}],"curies":[{"name":"wp","href":"https:\/\/api.w.org\/{rel}","templated":true}]}}