{"id":710684,"date":"2025-08-27T16:38:25","date_gmt":"2025-08-27T13:38:25","guid":{"rendered":"https:\/\/roveyayinevi.com.tr\/index.php\/urun\/kurumsal-sosyal-sorumluluk-projeleri\/"},"modified":"2026-04-16T02:19:23","modified_gmt":"2026-04-15T23:19:23","slug":"kurumsal-sosyal-sorumluluk-projeleri","status":"publish","type":"product","link":"https:\/\/roveyayinevi.com.tr\/index.php\/urun\/kurumsal-sosyal-sorumluluk-projeleri\/","title":{"rendered":"Kurumsal Sosyal Sorumluluk Projeleri"},"content":{"rendered":"<p>Kurumsal Sosyal Sorumluluk Projeleri adl\u0131 kitab\u0131m\u0131; sekt\u00f6rde bu konuda yap\u0131lan \u00e7al\u0131\u015fmalar\u0131 ve yine bu konudaki politika ve d\u00fc\u015f\u00fcnceleri de ara\u015ft\u0131rarak, konuyu hem akademik a\u00e7\u0131dan hem de uygulama a\u00e7\u0131s\u0131ndan sunman\u0131n daha etkili olabilece\u011fini d\u00fc\u015f\u00fcnerek haz\u0131rlad\u0131m. Her yeni \u00e7al\u0131\u015fman\u0131n bir \u00f6nceki \u00e7al\u0131\u015fmadan daha \u00fcst\u00fcn ve eksiksiz olmas\u0131, akademik alt yap\u0131n\u0131n her ge\u00e7en g\u00fcn daha da kusursuzla\u015fmas\u0131 i\u00e7in bir temel te\u015fkil edece\u011fi ger\u00e7e\u011finden yola \u00e7\u0131karak \u00e7al\u0131\u015fmam\u0131n, i\u00e7inde ya\u015fad\u0131\u011f\u0131 topluma kar\u015f\u0131l\u0131k beklemeden hizmet etme bilincini geli\u015ftirmesi ya da bu bilinci \u00f6zendirmesi dile\u011fiyle&#8230; <\/p>\n","protected":false},"excerpt":{"rendered":"<p>Kurumsal Sosyal Sorumluluk Projeleri adl\u0131 kitab\u0131m\u0131; sekt\u00f6rde bu konuda yap\u0131lan \u00e7al\u0131\u015fmalar\u0131 ve yine bu konudaki politika ve d\u00fc\u015f\u00fcnceleri de ara\u015ft\u0131rarak, konuyu hem akademik a\u00e7\u0131dan hem de<span class=\"excerpt-hellip\"> [\u2026]<\/span><\/p>\n","protected":false},"featured_media":0,"template":"","meta":{"_monsterinsights_skip_tracking":false,"_monsterinsights_sitenote_active":false,"_monsterinsights_sitenote_note":"","_monsterinsights_sitenote_category":0},"product_brand":[],"product_cat":[13590,12337],"product_tag":[],"class_list":{"0":"post-710684","1":"product","2":"type-product","3":"status-publish","5":"product_cat-arastirma-inceleme-politika-siyaset","6":"product_cat-politika-siyaset","7":"pa_cilt-ciltsiz","8":"pa_tur-kitap","9":"pa_yayinevi-profil-kitap","10":"pa_yazar-ebru-ozgen","12":"first","13":"instock","14":"sale","15":"shipping-taxable","16":"purchasable","17":"product-type-simple"},"_links":{"self":[{"href":"https:\/\/roveyayinevi.com.tr\/index.php\/wp-json\/wp\/v2\/product\/710684","targetHints":{"allow":["GET"]}}],"collection":[{"href":"https:\/\/roveyayinevi.com.tr\/index.php\/wp-json\/wp\/v2\/product"}],"about":[{"href":"https:\/\/roveyayinevi.com.tr\/index.php\/wp-json\/wp\/v2\/types\/product"}],"wp:attachment":[{"href":"https:\/\/roveyayinevi.com.tr\/index.php\/wp-json\/wp\/v2\/media?parent=710684"}],"wp:term":[{"taxonomy":"product_brand","embeddable":true,"href":"https:\/\/roveyayinevi.com.tr\/index.php\/wp-json\/wp\/v2\/product_brand?post=710684"},{"taxonomy":"product_cat","embeddable":true,"href":"https:\/\/roveyayinevi.com.tr\/index.php\/wp-json\/wp\/v2\/product_cat?post=710684"},{"taxonomy":"product_tag","embeddable":true,"href":"https:\/\/roveyayinevi.com.tr\/index.php\/wp-json\/wp\/v2\/product_tag?post=710684"}],"curies":[{"name":"wp","href":"https:\/\/api.w.org\/{rel}","templated":true}]}}