{"id":710683,"date":"2025-08-27T16:38:24","date_gmt":"2025-08-27T13:38:24","guid":{"rendered":"https:\/\/roveyayinevi.com.tr\/index.php\/urun\/belki-de-uzulmeliyiz\/"},"modified":"2026-04-16T02:19:23","modified_gmt":"2026-04-15T23:19:23","slug":"belki-de-uzulmeliyiz","status":"publish","type":"product","link":"https:\/\/roveyayinevi.com.tr\/index.php\/urun\/belki-de-uzulmeliyiz\/","title":{"rendered":"Belki de \u00dcz\u00fclmeliyiz"},"content":{"rendered":"<p>Ahmet Murat, bir t\u00fcr \u201cahir zaman yaz\u0131lar\u0131\u201d yaz\u0131yor. D\u00fcnyan\u0131n ve insan\u0131n de\u011fi\u015fti\u011fine derinden \u015fahitlik eden yaz\u0131lar bunlar. Derinden, \u00e7\u00fcnk\u00fc yazar sulardaki ve bu\u011fdaydaki de\u011fi\u015fimin izlerini, iftar \u00e7ad\u0131rlar\u0131na ya da telefon rehberlerine kadar takip ediyor. Bu yaz\u0131lar, ahir zamanda ya\u015fayan m\u00fcminin, d\u0131\u015far\u0131dan hemen n\u00fcfuz edilemeyen \u0131st\u0131rab\u0131n\u0131n \u00fczerine e\u011filiyor. Belki de \u00dcz\u00fclmeliyiz\u2019de toplanan yaz\u0131lar aras\u0131nda, ta\u015fradan insan manzaralar\u0131 da var. Bunlar da bir y\u00f6n\u00fcyle, art\u0131k elimizin eri\u015femeyece\u011fi, akl\u0131m\u0131z\u0131n ermeyece\u011fi bir ge\u00e7mi\u015fte g\u00f6m\u00fclm\u00fc\u015f kalm\u0131\u015f olan, s\u0131radan kahramanlar\u0131n \u00f6yk\u00fcleri. Sokaktan se\u00e7ilmi\u015f bu s\u0131radan insanlar, yazar\u0131n sat\u0131rlar\u0131nda, bir zamanlar i\u00e7inde soluk al\u0131p verdi\u011fimiz iklimin muhkem unsurlar\u0131na d\u00f6n\u00fc\u015f\u00fcyorlar. Bu denemeleri belki de kestirmeden \u015f\u00f6yle tan\u0131mlayabiliriz: Her \u015feyin her \u015feye, her \u015feyin bir \u015feye ba\u011fland\u0131\u011f\u0131 yaz\u0131lar. <\/p>\n","protected":false},"excerpt":{"rendered":"<p>Ahmet Murat, bir t\u00fcr \u201cahir zaman yaz\u0131lar\u0131\u201d yaz\u0131yor. D\u00fcnyan\u0131n ve insan\u0131n de\u011fi\u015fti\u011fine derinden \u015fahitlik eden yaz\u0131lar bunlar. Derinden, \u00e7\u00fcnk\u00fc yazar sulardaki ve bu\u011fdaydaki de\u011fi\u015fimin izlerini, iftar<span class=\"excerpt-hellip\"> [\u2026]<\/span><\/p>\n","protected":false},"featured_media":0,"template":"","meta":{"_monsterinsights_skip_tracking":false,"_monsterinsights_sitenote_active":false,"_monsterinsights_sitenote_note":"","_monsterinsights_sitenote_category":0},"product_brand":[],"product_cat":[12291,12292],"product_tag":[],"class_list":{"0":"post-710683","1":"product","2":"type-product","3":"status-publish","5":"product_cat-edebiyat","6":"product_cat-turk-edebiyati","7":"pa_cilt-ciltsiz","8":"pa_tur-kitap","9":"pa_yayinevi-profil-kitap","10":"pa_yazar-ahmet-murat","12":"first","13":"instock","14":"sale","15":"shipping-taxable","16":"purchasable","17":"product-type-simple"},"_links":{"self":[{"href":"https:\/\/roveyayinevi.com.tr\/index.php\/wp-json\/wp\/v2\/product\/710683","targetHints":{"allow":["GET"]}}],"collection":[{"href":"https:\/\/roveyayinevi.com.tr\/index.php\/wp-json\/wp\/v2\/product"}],"about":[{"href":"https:\/\/roveyayinevi.com.tr\/index.php\/wp-json\/wp\/v2\/types\/product"}],"wp:attachment":[{"href":"https:\/\/roveyayinevi.com.tr\/index.php\/wp-json\/wp\/v2\/media?parent=710683"}],"wp:term":[{"taxonomy":"product_brand","embeddable":true,"href":"https:\/\/roveyayinevi.com.tr\/index.php\/wp-json\/wp\/v2\/product_brand?post=710683"},{"taxonomy":"product_cat","embeddable":true,"href":"https:\/\/roveyayinevi.com.tr\/index.php\/wp-json\/wp\/v2\/product_cat?post=710683"},{"taxonomy":"product_tag","embeddable":true,"href":"https:\/\/roveyayinevi.com.tr\/index.php\/wp-json\/wp\/v2\/product_tag?post=710683"}],"curies":[{"name":"wp","href":"https:\/\/api.w.org\/{rel}","templated":true}]}}