{"id":710682,"date":"2025-08-27T16:38:24","date_gmt":"2025-08-27T13:38:24","guid":{"rendered":"https:\/\/roveyayinevi.com.tr\/index.php\/urun\/rus-bestecileri-piyano-albumu\/"},"modified":"2026-04-16T02:19:23","modified_gmt":"2026-04-15T23:19:23","slug":"rus-bestecileri-piyano-albumu","status":"publish","type":"product","link":"https:\/\/roveyayinevi.com.tr\/index.php\/urun\/rus-bestecileri-piyano-albumu\/","title":{"rendered":"Rus Bestecileri Piyano Alb\u00fcm\u00fc"},"content":{"rendered":"<p>Rus profesyonel m\u00fczik ekol\u00fc d\u00fcnyada sayg\u0131n bir yer almaktad\u0131r. Rusya\u2019n\u0131n geni\u015f co\u011frafyas\u0131 sayesinde bir\u00e7ok farkl\u0131 \u0131rk\u0131n halk m\u00fczi\u011finin ve \u015fehir folklorunun bestelerde etkileri bulunmaktad\u0131r. Rus halk m\u00fczi\u011fine \u00f6zg\u00fc \u015fark\u0131c\u0131l\u0131k ve duygusal derinlik piyano repertuvar\u0131na a\u00e7\u0131k\u00e7a yans\u0131m\u0131\u015ft\u0131r. Bu alb\u00fcmde 18. ve 20. y\u00fczy\u0131llar aras\u0131nda ya\u015fayan Rus bestecilerinin (Glinka, Dargomyzhsky, Varlamov, Gurilev, Mussorgsky, Rubinstein, Tchaikovsky, Pahulsky, Rachmaninov, Shostakovich, Stravinsky, Gretchaninov, Gedicke, Hrennikov, Kabalevsky, Knipper) en \u00e7ok sevilen Rus halk ezgileri ile tan\u0131nm\u0131\u015f Rus opera ve bale m\u00fczi\u011fi uyarlamalar\u0131ndan olu\u015fan toplam 42 piyano eseri yer almaktad\u0131r. Ayr\u0131ca beraber m\u00fczik yapman\u0131n tad\u0131n\u0131 erkenden tan\u0131tmak ad\u0131na 4 tane de d\u00f6rt el piyano yap\u0131t\u0131na yer verilmi\u015ftir. Kolaydan zora do\u011fru s\u0131ralanan eserler yeni ba\u015flayanlardan ileri seviyede piyano \u00e7alanlara kadar geni\u015f bir kitleye hitap etmektedir. <\/p>\n","protected":false},"excerpt":{"rendered":"<p>Rus profesyonel m\u00fczik ekol\u00fc d\u00fcnyada sayg\u0131n bir yer almaktad\u0131r. Rusya\u2019n\u0131n geni\u015f co\u011frafyas\u0131 sayesinde bir\u00e7ok farkl\u0131 \u0131rk\u0131n halk m\u00fczi\u011finin ve \u015fehir folklorunun bestelerde etkileri bulunmaktad\u0131r. Rus halk<span class=\"excerpt-hellip\"> [\u2026]<\/span><\/p>\n","protected":false},"featured_media":0,"template":"","meta":{"_monsterinsights_skip_tracking":false,"_monsterinsights_sitenote_active":false,"_monsterinsights_sitenote_note":"","_monsterinsights_sitenote_category":0},"product_brand":[],"product_cat":[14556,20810],"product_tag":[],"class_list":{"0":"post-710682","1":"product","2":"type-product","3":"status-publish","5":"product_cat-muzik","6":"product_cat-ogrenim-kitaplari","7":"pa_cilt-ciltsiz","8":"pa_tur-kitap","9":"pa_yayinevi-muzik-egitimi-yayinlari","10":"pa_yazar-olga-hasanoglu","12":"first","13":"instock","14":"sale","15":"shipping-taxable","16":"purchasable","17":"product-type-simple"},"_links":{"self":[{"href":"https:\/\/roveyayinevi.com.tr\/index.php\/wp-json\/wp\/v2\/product\/710682","targetHints":{"allow":["GET"]}}],"collection":[{"href":"https:\/\/roveyayinevi.com.tr\/index.php\/wp-json\/wp\/v2\/product"}],"about":[{"href":"https:\/\/roveyayinevi.com.tr\/index.php\/wp-json\/wp\/v2\/types\/product"}],"wp:attachment":[{"href":"https:\/\/roveyayinevi.com.tr\/index.php\/wp-json\/wp\/v2\/media?parent=710682"}],"wp:term":[{"taxonomy":"product_brand","embeddable":true,"href":"https:\/\/roveyayinevi.com.tr\/index.php\/wp-json\/wp\/v2\/product_brand?post=710682"},{"taxonomy":"product_cat","embeddable":true,"href":"https:\/\/roveyayinevi.com.tr\/index.php\/wp-json\/wp\/v2\/product_cat?post=710682"},{"taxonomy":"product_tag","embeddable":true,"href":"https:\/\/roveyayinevi.com.tr\/index.php\/wp-json\/wp\/v2\/product_tag?post=710682"}],"curies":[{"name":"wp","href":"https:\/\/api.w.org\/{rel}","templated":true}]}}