{"id":710678,"date":"2025-08-27T16:38:22","date_gmt":"2025-08-27T13:38:22","guid":{"rendered":"https:\/\/roveyayinevi.com.tr\/index.php\/urun\/film-atolyesi\/"},"modified":"2026-04-16T02:19:23","modified_gmt":"2026-04-15T23:19:23","slug":"film-atolyesi","status":"publish","type":"product","link":"https:\/\/roveyayinevi.com.tr\/index.php\/urun\/film-atolyesi\/","title":{"rendered":"Film At\u00f6lyesi"},"content":{"rendered":"<p>Bu kitap kendisini haz\u0131r form\u00fcllerle, \u0131smarlama tariflerle s\u0131n\u0131rlamak istemeyenler i\u00e7in yaz\u0131ld\u0131. Buradaki ama\u00e7 \u201cBir film nas\u0131l yap\u0131l\u0131r?\u201d sorusunu mu\u011fl\u00e2kla\u015ft\u0131r\u0131p cevaptan ka\u00e7\u0131nmak de\u011fil, aksine soruya ciddiyetle yakla\u015f\u0131p bir yandan verilmi\u015f cevaplar\u0131 \u00f6\u011frenirken, di\u011fer yandan varolagelmi\u015f kurald\u0131\u015f\u0131 \u00f6rnekleri g\u00f6rmezden gelmeyerek ele\u015ftirel perspektifi korumaya \u00e7al\u0131\u015fmak. \u2018Sinematografi\u2019, \u2018Anlat\u0131\u2019, \u2018Kamera\u2019, \u2018Ses\u2019 ve \u2018Montaj\u2019 ba\u015fl\u0131klar\u0131n\u0131 ta\u015f\u0131yan her bir b\u00f6l\u00fcm, kendi b\u00fct\u00fcnl\u00fc\u011f\u00fcn\u00fc olu\u015fturacak \u015fekilde \u00f6zerk birer par\u00e7a bi\u00e7iminde yaz\u0131l\u0131rken, di\u011fer b\u00fct\u00fcn b\u00f6l\u00fcmlerle organik ili\u015fkiler de i\u00e7eriyor. Sinematografinin olanaklar\u0131n\u0131 d\u00fc\u015f\u00fcnmenin bir arac\u0131 olarak kullanmak isteyenler i\u00e7in\u2026 <\/p>\n","protected":false},"excerpt":{"rendered":"<p>Bu kitap kendisini haz\u0131r form\u00fcllerle, \u0131smarlama tariflerle s\u0131n\u0131rlamak istemeyenler i\u00e7in yaz\u0131ld\u0131. Buradaki ama\u00e7 \u201cBir film nas\u0131l yap\u0131l\u0131r?\u201d sorusunu mu\u011fl\u00e2kla\u015ft\u0131r\u0131p cevaptan ka\u00e7\u0131nmak de\u011fil, aksine soruya ciddiyetle yakla\u015f\u0131p<span class=\"excerpt-hellip\"> [\u2026]<\/span><\/p>\n","protected":false},"featured_media":0,"template":"","meta":{"_monsterinsights_skip_tracking":false,"_monsterinsights_sitenote_active":false,"_monsterinsights_sitenote_note":"","_monsterinsights_sitenote_category":0},"product_brand":[],"product_cat":[12409,12408],"product_tag":[],"class_list":{"0":"post-710678","1":"product","2":"type-product","3":"status-publish","5":"product_cat-fotograf-sinema-tiyatro","6":"product_cat-sanat","7":"pa_cilt-ciltsiz","8":"pa_tur-kitap","9":"pa_yayinevi-pharmakon-kitap","10":"pa_yazar-erdem-ilic","12":"first","13":"instock","14":"sale","15":"shipping-taxable","16":"purchasable","17":"product-type-simple"},"_links":{"self":[{"href":"https:\/\/roveyayinevi.com.tr\/index.php\/wp-json\/wp\/v2\/product\/710678","targetHints":{"allow":["GET"]}}],"collection":[{"href":"https:\/\/roveyayinevi.com.tr\/index.php\/wp-json\/wp\/v2\/product"}],"about":[{"href":"https:\/\/roveyayinevi.com.tr\/index.php\/wp-json\/wp\/v2\/types\/product"}],"wp:attachment":[{"href":"https:\/\/roveyayinevi.com.tr\/index.php\/wp-json\/wp\/v2\/media?parent=710678"}],"wp:term":[{"taxonomy":"product_brand","embeddable":true,"href":"https:\/\/roveyayinevi.com.tr\/index.php\/wp-json\/wp\/v2\/product_brand?post=710678"},{"taxonomy":"product_cat","embeddable":true,"href":"https:\/\/roveyayinevi.com.tr\/index.php\/wp-json\/wp\/v2\/product_cat?post=710678"},{"taxonomy":"product_tag","embeddable":true,"href":"https:\/\/roveyayinevi.com.tr\/index.php\/wp-json\/wp\/v2\/product_tag?post=710678"}],"curies":[{"name":"wp","href":"https:\/\/api.w.org\/{rel}","templated":true}]}}