{"id":710677,"date":"2025-08-27T16:38:22","date_gmt":"2025-08-27T13:38:22","guid":{"rendered":"https:\/\/roveyayinevi.com.tr\/index.php\/urun\/ekmek-aslanin-agzinda-osmanli-sehirlerinde-hayatlarini-kazanmak-icin-mucadele-eden-zanaatkarlar\/"},"modified":"2026-04-16T02:19:23","modified_gmt":"2026-04-15T23:19:23","slug":"ekmek-aslanin-agzinda-osmanli-sehirlerinde-hayatlarini-kazanmak-icin-mucadele-eden-zanaatkarlar","status":"publish","type":"product","link":"https:\/\/roveyayinevi.com.tr\/index.php\/urun\/ekmek-aslanin-agzinda-osmanli-sehirlerinde-hayatlarini-kazanmak-icin-mucadele-eden-zanaatkarlar\/","title":{"rendered":"Ekmek Aslan\u0131n A\u011fz\u0131nda: Osmanl\u0131 \u015eehirlerinde Hayatlar\u0131n\u0131 Kazanmak \u0130\u00e7in M\u00fccadele Eden Zanaatkarlar"},"content":{"rendered":"<p>Ekmek Aslan\u0131n A\u011fz\u0131nda, Osmanl\u0131 tarih \u00e7al\u0131\u015fmalar\u0131nda uzun s\u00fcre ihmal edilmi\u015f bir alana, Osmanl\u0131 co\u011frafyas\u0131nda el eme\u011fiyle \u00fcretim yapm\u0131\u015f ve hayat m\u00fccadelesi vermi\u015f \u201czanaatk\u00e2r\u201dlar\u0131n hayatlar\u0131na odaklanan ara\u015ft\u0131rmalardan olu\u015fuyor. \u0130ktisat tarihinin co\u011frafi bilgi sistemi gibi yeni ara\u015ft\u0131rma y\u00f6ntemleriyle, sosyal tarih ve arkeolojiyle yarat\u0131c\u0131 \u015fekillerde birle\u015ftirildi\u011fi bu makalelerden, \u0130stanbul\u2019dan \u015eam\u2019a, Kahire\u2019den K\u00fctahya\u2019ya kadar Osmanl\u0131 \u015fehirlerinin sokak ve \u00e7ar\u015f\u0131lar\u0131nda y\u00fczy\u0131llarca faaliyet g\u00f6stermi\u015f terzihane ve hamamlarda, marangozhane ve kahvehanelerde, f\u0131r\u0131n ve de\u011firmenlerde, ayakkab\u0131c\u0131, berber, b\u0131\u00e7ak\u00e7\u0131, demirci, mumcu,sahaf, kasap, k\u00fcrk\u00e7\u00fc ve att\u00e2r d\u00fckk\u00e2nlar\u0131nda g\u00fcndelik hayat\u0131n neye benzedi\u011fini, esnaf\u0131 birbirine ve devlete kar\u015f\u0131 koruyan idari-ahlaki-manevi \u00f6rg\u00fctlenmenin, yani \u201clonca\u201d sisteminin nas\u0131l i\u015fledi\u011fini, nas\u0131l bir d\u00f6n\u00fc\u015f\u00fcm ge\u00e7irdi\u011fini ve sonunda nas\u0131l \u00e7\u00f6z\u00fcl\u00fcp yok oldu\u011funu \u00f6\u011freniyoruz. Suraiya Faroqhi\u2019nin derledi\u011fi Ekmek Aslan\u0131n A\u011fz\u0131nda, konuyla ilgili yayg\u0131n \u00f6nkabul ve varsay\u0131mlar\u0131 sarsan ar\u015fiv bulgular\u0131 ve yeni, \u015fa\u015f\u0131rt\u0131c\u0131 sorularla dolu bir \u00e7al\u0131\u015fma. Suraiya Faroqhi, \u0130stanbul Bilgi \u00dcniversitesi Tarih B\u00f6l\u00fcm\u00fc\u2019nde profes\u00f6r. <\/p>\n","protected":false},"excerpt":{"rendered":"<p>Ekmek Aslan\u0131n A\u011fz\u0131nda, Osmanl\u0131 tarih \u00e7al\u0131\u015fmalar\u0131nda uzun s\u00fcre ihmal edilmi\u015f bir alana, Osmanl\u0131 co\u011frafyas\u0131nda el eme\u011fiyle \u00fcretim yapm\u0131\u015f ve hayat m\u00fccadelesi vermi\u015f \u201czanaatk\u00e2r\u201dlar\u0131n hayatlar\u0131na odaklanan ara\u015ft\u0131rmalardan<span class=\"excerpt-hellip\"> [\u2026]<\/span><\/p>\n","protected":false},"featured_media":0,"template":"","meta":{"_monsterinsights_skip_tracking":false,"_monsterinsights_sitenote_active":false,"_monsterinsights_sitenote_note":"","_monsterinsights_sitenote_category":0},"product_brand":[],"product_cat":[12312,12304],"product_tag":[],"class_list":{"0":"post-710677","1":"product","2":"type-product","3":"status-publish","5":"product_cat-diger","6":"product_cat-tarih","7":"pa_cilt-ciltsiz","8":"pa_tur-kitap","9":"pa_yayinevi-koc-universitesi-yayinlari","10":"pa_yazar-suraiya-faroqhi","12":"first","13":"instock","14":"sale","15":"shipping-taxable","16":"purchasable","17":"product-type-simple"},"_links":{"self":[{"href":"https:\/\/roveyayinevi.com.tr\/index.php\/wp-json\/wp\/v2\/product\/710677","targetHints":{"allow":["GET"]}}],"collection":[{"href":"https:\/\/roveyayinevi.com.tr\/index.php\/wp-json\/wp\/v2\/product"}],"about":[{"href":"https:\/\/roveyayinevi.com.tr\/index.php\/wp-json\/wp\/v2\/types\/product"}],"wp:attachment":[{"href":"https:\/\/roveyayinevi.com.tr\/index.php\/wp-json\/wp\/v2\/media?parent=710677"}],"wp:term":[{"taxonomy":"product_brand","embeddable":true,"href":"https:\/\/roveyayinevi.com.tr\/index.php\/wp-json\/wp\/v2\/product_brand?post=710677"},{"taxonomy":"product_cat","embeddable":true,"href":"https:\/\/roveyayinevi.com.tr\/index.php\/wp-json\/wp\/v2\/product_cat?post=710677"},{"taxonomy":"product_tag","embeddable":true,"href":"https:\/\/roveyayinevi.com.tr\/index.php\/wp-json\/wp\/v2\/product_tag?post=710677"}],"curies":[{"name":"wp","href":"https:\/\/api.w.org\/{rel}","templated":true}]}}