{"id":710676,"date":"2025-08-27T16:38:21","date_gmt":"2025-08-27T13:38:21","guid":{"rendered":"https:\/\/roveyayinevi.com.tr\/index.php\/urun\/medya-arkeolojisi-nedir\/"},"modified":"2026-04-16T02:19:23","modified_gmt":"2026-04-15T23:19:23","slug":"medya-arkeolojisi-nedir","status":"publish","type":"product","link":"https:\/\/roveyayinevi.com.tr\/index.php\/urun\/medya-arkeolojisi-nedir\/","title":{"rendered":"Medya Arkeolojisi Nedir?"},"content":{"rendered":"<p>Ya\u015fam\u0131m\u0131z\u0131 idame ettirirken kulland\u0131\u011f\u0131m\u0131z \u015fu \u015feyin, bu ifadenin ya da medya arac\u0131l\u0131\u011f\u0131yla ya\u015fanan \u00e7ok say\u0131da prati\u011fin varolu\u015f ko\u015fullar\u0131 nedir? G\u00f6rece yeni bir ara\u015ft\u0131rma alan\u0131 olarak medya arkeolojisi, bu temel sorunun pe\u015fine d\u00fc\u015fm\u00fc\u015f olmas\u0131 bak\u0131m\u0131ndan, g\u00fcndelik hayata k\u00f6k salm\u0131\u015ft\u0131r. Jussi Parikka konuya dair en g\u00fcncel ve kapsaml\u0131 \u00e7al\u0131\u015fma olanMedya Arkeolojisi Nedir?\u2019de bunu ge\u00e7mi\u015f medyayla ba\u011flar kurarak anlat\u0131yor. Medya arkeolojisinin s\u0131kl\u0131kla unutulmu\u015f tuhaf ve a\u00e7\u0131k olmayan ayg\u0131tlar\u0131n, pratiklerin ve icatlar\u0131n vurgulanmas\u0131yla, ge\u00e7mi\u015fteki yeni medyaya ili\u015fkin i\u00e7g\u00f6r\u00fclerle yeni medya k\u00fclt\u00fcrlerini ara\u015ft\u0131rman\u0131n bir yolu olarak ortaya \u00e7\u0131kt\u0131\u011f\u0131n\u0131 g\u00f6steriyor. Bunu yaparken Steampunk k\u00fclt\u00fcr\u00fcnden Kendin Yap ruhuna, geleneksel olarak \u00f6ne \u00e7\u0131kan iki teorisyen Michel Foucault ve Friedrich A. Kittler\u2019den ayr\u0131ks\u0131 Walter Benjamin\u2019e, sosyal medyadan hayali medyaya kadar geni\u015f bir alan\u0131 kaz\u0131yor. Parikka sadece medya arkeolojisinin tarihini anlatm\u0131yor, kendi teorik yakla\u015f\u0131m\u0131n\u0131 da ortaya koyuyor. \u0130leti\u015fim medyas\u0131n\u0131n ileti\u015fim d\u0131\u015f\u0131 olan\u0131n, yani parazit ve g\u00fcr\u00fclt\u00fcn\u00fcn bak\u0131\u015f a\u00e7\u0131s\u0131ndan nas\u0131l g\u00f6r\u00fcnd\u00fc\u011f\u00fc sorusunun pe\u015fine d\u00fc\u015f\u00fcyor. A\u011f toplumu ve dijital k\u00fclt\u00fcr arkeolojilerinde d\u0131\u015far\u0131da b\u0131rak\u0131lanlar\u0131, anomali olarak de\u011ferlendirilenleri konu alan bir medya arkeolojisi kaz\u0131s\u0131 i\u00e7in, ileti\u015fimin yumu\u015fak karn\u0131na bakmak gerekti\u011fini anlat\u0131yor. B\u00f6ylece bizi spam\u2019in, g\u00fcr\u00fclt\u00fc, parazit ve ba\u011flant\u0131 kopuklu\u011funun haritas\u0131n\u0131 \u00e7\u0131karma faaliyetine kat\u0131yor. Jussi Parikka Southampton \u00dcniversitesi Winchester Sanat Okulu\u2019nda profes\u00f6r. <\/p>\n","protected":false},"excerpt":{"rendered":"<p>Ya\u015fam\u0131m\u0131z\u0131 idame ettirirken kulland\u0131\u011f\u0131m\u0131z \u015fu \u015feyin, bu ifadenin ya da medya arac\u0131l\u0131\u011f\u0131yla ya\u015fanan \u00e7ok say\u0131da prati\u011fin varolu\u015f ko\u015fullar\u0131 nedir? G\u00f6rece yeni bir ara\u015ft\u0131rma alan\u0131 olarak medya<span class=\"excerpt-hellip\"> [\u2026]<\/span><\/p>\n","protected":false},"featured_media":0,"template":"","meta":{"_monsterinsights_skip_tracking":false,"_monsterinsights_sitenote_active":false,"_monsterinsights_sitenote_note":"","_monsterinsights_sitenote_category":0},"product_brand":[],"product_cat":[15983,13488],"product_tag":[],"class_list":{"0":"post-710676","1":"product","2":"type-product","3":"status-publish","5":"product_cat-iletisim-ve-medya","6":"product_cat-toplum-ve-insan","7":"pa_cilt-ciltsiz","8":"pa_tur-kitap","9":"pa_yayinevi-koc-universitesi-yayinlari","10":"pa_yazar-jussi-parikka","12":"first","13":"instock","14":"sale","15":"shipping-taxable","16":"purchasable","17":"product-type-simple"},"_links":{"self":[{"href":"https:\/\/roveyayinevi.com.tr\/index.php\/wp-json\/wp\/v2\/product\/710676","targetHints":{"allow":["GET"]}}],"collection":[{"href":"https:\/\/roveyayinevi.com.tr\/index.php\/wp-json\/wp\/v2\/product"}],"about":[{"href":"https:\/\/roveyayinevi.com.tr\/index.php\/wp-json\/wp\/v2\/types\/product"}],"wp:attachment":[{"href":"https:\/\/roveyayinevi.com.tr\/index.php\/wp-json\/wp\/v2\/media?parent=710676"}],"wp:term":[{"taxonomy":"product_brand","embeddable":true,"href":"https:\/\/roveyayinevi.com.tr\/index.php\/wp-json\/wp\/v2\/product_brand?post=710676"},{"taxonomy":"product_cat","embeddable":true,"href":"https:\/\/roveyayinevi.com.tr\/index.php\/wp-json\/wp\/v2\/product_cat?post=710676"},{"taxonomy":"product_tag","embeddable":true,"href":"https:\/\/roveyayinevi.com.tr\/index.php\/wp-json\/wp\/v2\/product_tag?post=710676"}],"curies":[{"name":"wp","href":"https:\/\/api.w.org\/{rel}","templated":true}]}}