{"id":710671,"date":"2025-08-27T16:38:19","date_gmt":"2025-08-27T13:38:19","guid":{"rendered":"https:\/\/roveyayinevi.com.tr\/index.php\/urun\/berk-operaci-oldu\/"},"modified":"2026-04-16T02:19:22","modified_gmt":"2026-04-15T23:19:22","slug":"berk-operaci-oldu","status":"publish","type":"product","link":"https:\/\/roveyayinevi.com.tr\/index.php\/urun\/berk-operaci-oldu\/","title":{"rendered":"Berk Operac\u0131 Oldu"},"content":{"rendered":"<p>Bu kurs denen \u015fey \u0130lk\u00e7a\u011f&#8217;da da var m\u0131yd\u0131?\u0130lk kitab\u0131 Berk Mucit Oldu&#8217;yla b\u00fcy\u00fck ilgi \u00e7eken Kaan Elbingil, okurlar\u0131n\u0131 Berk&#8217;in yepyeni, e\u011flenceli maceras\u0131na davet ediyor. &#8220;Proje \u00e7ocuk&#8221; kavram\u0131n\u0131 mizahi \u00fcslubuyla ele\u015ftiren yazar, okumaya yeni ba\u015flayan \u00e7ocuklara \u00e7okrenkli bir hayal d\u00fcnyas\u0131 sunuyor. Kurstan kursa s\u00fcr\u00fcklenen \u00e7ocuklar\u0131n hissettiklerini ve ba\u015f\u0131ndan ge\u00e7enleri muzip karakterler e\u015fli\u011finde anlatan \u00f6yk\u00fc, ill\u00fcstrat\u00f6r Merve At\u0131lgan&#8217;\u0131n desenleriyle boyutlan\u0131yor. Bu kez operaya heves eden Berk&#8217;in bu yeni maceras\u0131, ilk kitaptan ba\u011f\u0131ms\u0131z da okunabiliyor. Berk&#8217;in tek iste\u011fi, tatile gitmektir. Ancak, \u00e7evredeki \u00e7ocuklar t\u00fcrl\u00fc yeteneklere sahiptir ve o kurs senin, bu kurs benim ko\u015fu\u015fturmaktad\u0131r. Berk yeteneksiz midir yoksa! Kom\u015fular\u0131n da y\u00f6nlendirmesiyle Ritmik Jimnastik kursundan tutun, G\u00fczel Konu\u015fma kursuna kadar, neler neler denenir. Acaba, apartmana yeni ta\u015f\u0131nan opera sanat\u00e7\u0131s\u0131 Alpdo\u011fan Abi&#8217;yle bu kurs seferberli\u011fi son bulacak, Berk i\u00e7indeki gizli yetene\u011fi ke\u015ffedebilecek midir?.. <\/p>\n","protected":false},"excerpt":{"rendered":"<p>Bu kurs denen \u015fey \u0130lk\u00e7a\u011f&#8217;da da var m\u0131yd\u0131?\u0130lk kitab\u0131 Berk Mucit Oldu&#8217;yla b\u00fcy\u00fck ilgi \u00e7eken Kaan Elbingil, okurlar\u0131n\u0131 Berk&#8217;in yepyeni, e\u011flenceli maceras\u0131na davet ediyor. &#8220;Proje \u00e7ocuk&#8221;<span class=\"excerpt-hellip\"> [\u2026]<\/span><\/p>\n","protected":false},"featured_media":0,"template":"","meta":{"_monsterinsights_skip_tracking":false,"_monsterinsights_sitenote_active":false,"_monsterinsights_sitenote_note":"","_monsterinsights_sitenote_category":0},"product_brand":[],"product_cat":[12274,12284],"product_tag":[],"class_list":{"0":"post-710671","1":"product","2":"type-product","3":"status-publish","5":"product_cat-cocuk-ve-genclik-kitaplari","6":"product_cat-hikayeler","7":"pa_cilt-ciltsiz","8":"pa_tur-kitap","9":"pa_yayinevi-gunisigi-kitapligi","10":"pa_yazar-kaan-elbingil","12":"first","13":"instock","14":"sale","15":"shipping-taxable","16":"purchasable","17":"product-type-simple"},"_links":{"self":[{"href":"https:\/\/roveyayinevi.com.tr\/index.php\/wp-json\/wp\/v2\/product\/710671","targetHints":{"allow":["GET"]}}],"collection":[{"href":"https:\/\/roveyayinevi.com.tr\/index.php\/wp-json\/wp\/v2\/product"}],"about":[{"href":"https:\/\/roveyayinevi.com.tr\/index.php\/wp-json\/wp\/v2\/types\/product"}],"wp:attachment":[{"href":"https:\/\/roveyayinevi.com.tr\/index.php\/wp-json\/wp\/v2\/media?parent=710671"}],"wp:term":[{"taxonomy":"product_brand","embeddable":true,"href":"https:\/\/roveyayinevi.com.tr\/index.php\/wp-json\/wp\/v2\/product_brand?post=710671"},{"taxonomy":"product_cat","embeddable":true,"href":"https:\/\/roveyayinevi.com.tr\/index.php\/wp-json\/wp\/v2\/product_cat?post=710671"},{"taxonomy":"product_tag","embeddable":true,"href":"https:\/\/roveyayinevi.com.tr\/index.php\/wp-json\/wp\/v2\/product_tag?post=710671"}],"curies":[{"name":"wp","href":"https:\/\/api.w.org\/{rel}","templated":true}]}}