{"id":710668,"date":"2025-08-27T16:38:17","date_gmt":"2025-08-27T13:38:17","guid":{"rendered":"https:\/\/roveyayinevi.com.tr\/index.php\/urun\/secilmis-makaleler\/"},"modified":"2026-04-16T02:19:22","modified_gmt":"2026-04-15T23:19:22","slug":"secilmis-makaleler","status":"publish","type":"product","link":"https:\/\/roveyayinevi.com.tr\/index.php\/urun\/secilmis-makaleler\/","title":{"rendered":"Se\u00e7ilmi\u015f Makaleler"},"content":{"rendered":"<p>Veblen\u2019in \u00e7al\u0131\u015fmalar\u0131 hakk\u0131nda az da olsa fikir sahibi olan herkes (istisnas\u0131z ve itirazs\u0131z) \u015fu g\u00f6zleme kat\u0131lacakt\u0131r: Veblen, sosyal bilimler alan\u0131ndaki en yetkin, en \u00f6zg\u00fcn ve en besleyici d\u00fc\u015f\u00fcn\u00fcrlerden biridir. Veblen hem iktisat\u00e7\u0131 hem de sosyologdur, k\u0131sacas\u0131 \u201ctotal\u201d bir sosyal bilimcidir. Toplumsal ya\u015fam\u0131n b\u00fct\u00fcn\u00fcn\u00fc dikkate al\u0131r Veblen; \u201ciktisadi olan-olmayan\u201d ikili\u011fine yer yoktur d\u00fc\u015f\u00fcncesinde. Zihinsel bir pas s\u00f6k\u00fcc\u00fc olarak da g\u00f6r\u00fclebilir Veblen. Elinizdeki derleme, muazzam bir entelekt\u00fcel miras b\u0131rakm\u0131\u015f bu zihin a\u00e7\u0131c\u0131 d\u00fc\u015f\u00fcn\u00fcr\u00fcn olduk\u00e7a \u00f6nemli dokuz makalesinden olu\u015fmakta.\u2014 Kad\u0131n Giyiminin \u0130ktisadi Teorisi\u2014 \u00c7al\u0131\u015fma \u0130\u00e7g\u00fcd\u00fcs\u00fc ve Eme\u011fin Usand\u0131r\u0131c\u0131l\u0131\u011f\u0131\u2014 M\u00fclkiyetin Ba\u015flang\u0131c\u0131\u2014 Kad\u0131nlar\u0131n Barbar Stat\u00fcs\u00fc\u2014 \u0130ktisat Neden Evrimsel Bir Bilim De\u011fildir\u2014 \u0130ktisat Biliminin \u00d6n-Kabulleri-I\u2014 \u0130ktisat Biliminin \u00d6n-Kabulleri-II\u2014 \u0130ktisat Biliminin \u00d6n-Kabulleri-III\u2014 Marjinal Faydan\u0131n S\u0131n\u0131rl\u0131l\u0131klar\u0131Elinizdeki derlemeyi olu\u015fturan ve alan\u0131nda olduk\u00e7a referans alm\u0131\u015f bu makaleler nihayet T\u00fcrk\u00e7ede\u2026 <\/p>\n","protected":false},"excerpt":{"rendered":"<p>Veblen\u2019in \u00e7al\u0131\u015fmalar\u0131 hakk\u0131nda az da olsa fikir sahibi olan herkes (istisnas\u0131z ve itirazs\u0131z) \u015fu g\u00f6zleme kat\u0131lacakt\u0131r: Veblen, sosyal bilimler alan\u0131ndaki en yetkin, en \u00f6zg\u00fcn ve en<span class=\"excerpt-hellip\"> [\u2026]<\/span><\/p>\n","protected":false},"featured_media":0,"template":"","meta":{"_monsterinsights_skip_tracking":false,"_monsterinsights_sitenote_active":false,"_monsterinsights_sitenote_note":"","_monsterinsights_sitenote_category":0},"product_brand":[],"product_cat":[12274,14573],"product_tag":[],"class_list":{"0":"post-710668","1":"product","2":"type-product","3":"status-publish","5":"product_cat-cocuk-ve-genclik-kitaplari","6":"product_cat-referans-kitaplar-cocuk-ve-genclik-kitaplari","7":"pa_cilt-ciltsiz","8":"pa_tur-kitap","9":"pa_yayinevi-heretik-yayincilik","10":"pa_yazar-thorstein-bunde-veblen","12":"first","13":"instock","14":"sale","15":"shipping-taxable","16":"purchasable","17":"product-type-simple"},"_links":{"self":[{"href":"https:\/\/roveyayinevi.com.tr\/index.php\/wp-json\/wp\/v2\/product\/710668","targetHints":{"allow":["GET"]}}],"collection":[{"href":"https:\/\/roveyayinevi.com.tr\/index.php\/wp-json\/wp\/v2\/product"}],"about":[{"href":"https:\/\/roveyayinevi.com.tr\/index.php\/wp-json\/wp\/v2\/types\/product"}],"wp:attachment":[{"href":"https:\/\/roveyayinevi.com.tr\/index.php\/wp-json\/wp\/v2\/media?parent=710668"}],"wp:term":[{"taxonomy":"product_brand","embeddable":true,"href":"https:\/\/roveyayinevi.com.tr\/index.php\/wp-json\/wp\/v2\/product_brand?post=710668"},{"taxonomy":"product_cat","embeddable":true,"href":"https:\/\/roveyayinevi.com.tr\/index.php\/wp-json\/wp\/v2\/product_cat?post=710668"},{"taxonomy":"product_tag","embeddable":true,"href":"https:\/\/roveyayinevi.com.tr\/index.php\/wp-json\/wp\/v2\/product_tag?post=710668"}],"curies":[{"name":"wp","href":"https:\/\/api.w.org\/{rel}","templated":true}]}}