{"id":710658,"date":"2025-08-27T16:38:13","date_gmt":"2025-08-27T13:38:13","guid":{"rendered":"https:\/\/roveyayinevi.com.tr\/index.php\/urun\/arap-dilinin-100u\/"},"modified":"2026-04-16T02:19:22","modified_gmt":"2026-04-15T23:19:22","slug":"arap-dilinin-100u","status":"publish","type":"product","link":"https:\/\/roveyayinevi.com.tr\/index.php\/urun\/arap-dilinin-100u\/","title":{"rendered":"Arap Dilinin 100&#8217;\u00fc"},"content":{"rendered":"<p>\u0130SLAM K\u00dcLT\u00dcR\u00dcN\u00dcN Z\u0130H\u0130N EVREN\u0130 Arap Dilinin 100\u2019\u00fc,  \u201cKavram Haritalar\u0131 Serisi\u201dnin kitaplar\u0131ndan biri olarak haz\u0131rland\u0131. Bu seri, din\u00ee ilimlere ait kavramlar\u0131 100, 200 ve 300 kelimelik b\u00f6l\u00fcmlere ay\u0131rarak a\u00e7\u0131klamay\u0131 hedeflemektedir. \u2022 Arap dilinin temel kavramlar\u0131n\u0131, s\u0131k\u0131lmadan ve ak\u0131c\u0131 bir bi\u00e7imde okuyabileceksiniz. \u2022 Kavramlar\u0131 k\u0131sa ve net bir bi\u00e7imde \u00f6\u011frenmenin keyfine varacaks\u0131n\u0131z. \u2022 Harf s\u0131ras\u0131na g\u00f6re de\u011fil, \u00f6nem s\u0131ras\u0131na g\u00f6re bir ak\u0131\u015f tercih edildi\u011fi i\u00e7in kavramlar\u0131 kolayca anlayabileceksiniz. \u2022 Kavramlar\u0131n farkl\u0131 dillerdeki kar\u015f\u0131l\u0131klar\u0131n\u0131 bulabileceksiniz. \u2022 Sizlere sundu\u011fumuz bu seriyle, alanla ilgili ciddi bir birikime ve \u0130slam k\u00fclt\u00fcr\u00fcn\u00fcn zihin evrenine sahip olacaks\u0131n\u0131z.<\/p>\n","protected":false},"excerpt":{"rendered":"<p>\u0130SLAM K\u00dcLT\u00dcR\u00dcN\u00dcN Z\u0130H\u0130N EVREN\u0130 Arap Dilinin 100\u2019\u00fc, \u201cKavram Haritalar\u0131 Serisi\u201dnin kitaplar\u0131ndan biri olarak haz\u0131rland\u0131. Bu seri, din\u00ee ilimlere ait kavramlar\u0131 100, 200 ve 300 kelimelik b\u00f6l\u00fcmlere<span class=\"excerpt-hellip\"> [\u2026]<\/span><\/p>\n","protected":false},"featured_media":0,"template":"","meta":{"_monsterinsights_skip_tracking":false,"_monsterinsights_sitenote_active":false,"_monsterinsights_sitenote_note":"","_monsterinsights_sitenote_category":0},"product_brand":[],"product_cat":[12718,12719],"product_tag":[],"class_list":{"0":"post-710658","1":"product","2":"type-product","3":"status-publish","5":"product_cat-din","6":"product_cat-islam","7":"pa_cilt-ciltsiz","8":"pa_tur-kitap","9":"pa_yayinevi-otto-yayinlari","10":"pa_yazar-m-mucahit-asutay","12":"first","13":"instock","14":"sale","15":"shipping-taxable","16":"purchasable","17":"product-type-simple"},"_links":{"self":[{"href":"https:\/\/roveyayinevi.com.tr\/index.php\/wp-json\/wp\/v2\/product\/710658","targetHints":{"allow":["GET"]}}],"collection":[{"href":"https:\/\/roveyayinevi.com.tr\/index.php\/wp-json\/wp\/v2\/product"}],"about":[{"href":"https:\/\/roveyayinevi.com.tr\/index.php\/wp-json\/wp\/v2\/types\/product"}],"wp:attachment":[{"href":"https:\/\/roveyayinevi.com.tr\/index.php\/wp-json\/wp\/v2\/media?parent=710658"}],"wp:term":[{"taxonomy":"product_brand","embeddable":true,"href":"https:\/\/roveyayinevi.com.tr\/index.php\/wp-json\/wp\/v2\/product_brand?post=710658"},{"taxonomy":"product_cat","embeddable":true,"href":"https:\/\/roveyayinevi.com.tr\/index.php\/wp-json\/wp\/v2\/product_cat?post=710658"},{"taxonomy":"product_tag","embeddable":true,"href":"https:\/\/roveyayinevi.com.tr\/index.php\/wp-json\/wp\/v2\/product_tag?post=710658"}],"curies":[{"name":"wp","href":"https:\/\/api.w.org\/{rel}","templated":true}]}}