{"id":710653,"date":"2025-08-27T16:38:10","date_gmt":"2025-08-27T13:38:10","guid":{"rendered":"https:\/\/roveyayinevi.com.tr\/index.php\/urun\/anadilin-topraginda\/"},"modified":"2026-04-16T02:19:22","modified_gmt":"2026-04-15T23:19:22","slug":"anadilin-topraginda","status":"publish","type":"product","link":"https:\/\/roveyayinevi.com.tr\/index.php\/urun\/anadilin-topraginda\/","title":{"rendered":"Anadilin Topra\u011f\u0131nda"},"content":{"rendered":"<p>T\u00fcrk\u00e7eyi sevme, onun topra\u011f\u0131nda gezip dola\u015fmay\u0131, havas\u0131n\u0131 solumay\u0131, s\u00f6z de\u011ferlerini tan\u0131may\u0131 gerektirir. Dilda\u015fl\u0131k duygusu, anadil bilinci, anadil duyarl\u0131\u011f\u0131 kazanma da\u2026 Bu kitap, Emin \u00d6zdemir\u2019in anadilin topra\u011f\u0131n\u0131 bir \u201ckirizma\u201ddan ge\u00e7irmeyi, yabanc\u0131 \u00f6\u011felerden ar\u0131nd\u0131r\u0131p \u00f6zle\u015ftirmeyi ama\u00e7layan \u00e7al\u0131\u015fmalar hakk\u0131nda 1960\u2019l\u0131 y\u0131llardan g\u00fcn\u00fcm\u00fcze de\u011fin yazd\u0131\u011f\u0131 yaz\u0131lardan bir se\u00e7meyi i\u00e7eriyor. Yaz\u0131lar\u0131n b\u00fcy\u00fck b\u00f6l\u00fcm\u00fc, dil devriminin getirdi\u011fi yeni s\u00f6z de\u011ferlerini betimlerken, dilimizin vars\u0131ll\u0131\u011f\u0131 ve anlat\u0131m g\u00fcc\u00fcn\u00fcn nereden kaynakland\u0131\u011f\u0131, s\u00f6z varl\u0131\u011f\u0131m\u0131zdaki de\u011fi\u015fme ve yenile\u015fmeyi besleyen etkenlerin neler oldu\u011fu gibi sorular\u0131n oda\u011f\u0131nda yo\u011funla\u015farak okuru sorgulamaya ve d\u00fc\u015f\u00fcnmeye itiyor. T\u00fcrk\u00e7eyi \u00f6zle\u015ftirme ve vars\u0131lla\u015ft\u0131rma konusu, \u00fclkenin ana sorunlar\u0131ndan biri olarak varl\u0131\u011f\u0131n\u0131 bug\u00fcn de s\u00fcrd\u00fcrmektedir. Dolay\u0131s\u0131yla, kitapta yer alan ve yay\u0131mlan\u0131\u015flar\u0131n\u0131n \u00fczerinden epey zaman ge\u00e7en yaz\u0131lar\u0131n bile i\u00e7erdi\u011fi ve savundu\u011fu ger\u00e7ekler a\u00e7\u0131s\u0131ndan g\u00fcncelliklerinden hi\u00e7bir \u015fey yitirmemi\u015f oldu\u011funu s\u00f6ylemek m\u00fcmk\u00fcn. Anadilin Topra\u011f\u0131nda, dil sorunumuzu pek \u00e7ok boyutuyla farkl\u0131 bir a\u00e7\u0131dan ele al\u0131p de\u011ferlendirirken, okuyanlar\u0131 anadilin topra\u011f\u0131nda bir geziye \u00e7\u0131kar\u0131yor. <\/p>\n","protected":false},"excerpt":{"rendered":"<p>T\u00fcrk\u00e7eyi sevme, onun topra\u011f\u0131nda gezip dola\u015fmay\u0131, havas\u0131n\u0131 solumay\u0131, s\u00f6z de\u011ferlerini tan\u0131may\u0131 gerektirir. Dilda\u015fl\u0131k duygusu, anadil bilinci, anadil duyarl\u0131\u011f\u0131 kazanma da\u2026 Bu kitap, Emin \u00d6zdemir\u2019in anadilin topra\u011f\u0131n\u0131<span class=\"excerpt-hellip\"> [\u2026]<\/span><\/p>\n","protected":false},"featured_media":0,"template":"","meta":{"_monsterinsights_skip_tracking":false,"_monsterinsights_sitenote_active":false,"_monsterinsights_sitenote_note":"","_monsterinsights_sitenote_category":0},"product_brand":[],"product_cat":[12777,12291],"product_tag":[],"class_list":{"0":"post-710653","1":"product","2":"type-product","3":"status-publish","5":"product_cat-deneme","6":"product_cat-edebiyat","7":"pa_cilt-ciltsiz","8":"pa_tur-kitap","9":"pa_yayinevi-akil-celen-kitaplar","10":"pa_yazar-emin-ozdemir","12":"first","13":"instock","14":"sale","15":"shipping-taxable","16":"purchasable","17":"product-type-simple"},"_links":{"self":[{"href":"https:\/\/roveyayinevi.com.tr\/index.php\/wp-json\/wp\/v2\/product\/710653","targetHints":{"allow":["GET"]}}],"collection":[{"href":"https:\/\/roveyayinevi.com.tr\/index.php\/wp-json\/wp\/v2\/product"}],"about":[{"href":"https:\/\/roveyayinevi.com.tr\/index.php\/wp-json\/wp\/v2\/types\/product"}],"wp:attachment":[{"href":"https:\/\/roveyayinevi.com.tr\/index.php\/wp-json\/wp\/v2\/media?parent=710653"}],"wp:term":[{"taxonomy":"product_brand","embeddable":true,"href":"https:\/\/roveyayinevi.com.tr\/index.php\/wp-json\/wp\/v2\/product_brand?post=710653"},{"taxonomy":"product_cat","embeddable":true,"href":"https:\/\/roveyayinevi.com.tr\/index.php\/wp-json\/wp\/v2\/product_cat?post=710653"},{"taxonomy":"product_tag","embeddable":true,"href":"https:\/\/roveyayinevi.com.tr\/index.php\/wp-json\/wp\/v2\/product_tag?post=710653"}],"curies":[{"name":"wp","href":"https:\/\/api.w.org\/{rel}","templated":true}]}}