{"id":710652,"date":"2025-08-27T16:38:10","date_gmt":"2025-08-27T13:38:10","guid":{"rendered":"https:\/\/roveyayinevi.com.tr\/index.php\/urun\/musteri-deneyimi-tasarim-yonetim-donusum\/"},"modified":"2025-09-24T11:02:55","modified_gmt":"2025-09-24T08:02:55","slug":"musteri-deneyimi-tasarim-yonetim-donusum","status":"publish","type":"product","link":"https:\/\/roveyayinevi.com.tr\/index.php\/urun\/musteri-deneyimi-tasarim-yonetim-donusum\/","title":{"rendered":"M\u00fc\u015fteri Deneyimi (Tasar\u0131m, Y\u00f6netim, D\u00f6n\u00fc\u015f\u00fcm)"},"content":{"rendered":"<p>Kaan hoca, her zaman oldu\u011fu gibi yine dillere h\u0131zla pelesenk olmu\u015f bir kavram\u0131 ustal\u0131kla somutla\u015ft\u0131r\u0131yor. M\u00fc\u015fteri yolculu\u011fu yakla\u015f\u0131m\u0131n\u0131n nas\u0131l hayata ge\u00e7irilebilece\u011fini etkili \u00f6rneklerle aktar\u0131yor. Prof. Dr. Kerem R\u0131zvano\u011flu, Galatasaray \u00dcniversitesi    Kaan Varnal\u0131 ile y\u00fcr\u00fctt\u00fc\u011f\u00fcm\u00fcz \u00e7al\u0131\u015fmalarda, teoriyle desteklenen bir metodolojik \u00e7er\u00e7eve olu\u015ftururken, sistematik bir ele\u015ftirel bak\u0131\u015f a\u00e7\u0131s\u0131 da kazand\u0131k. Hem akademik gelene\u011fe hem de pratik d\u00fcnya ger\u00e7eklerine birlikte hakim olmas\u0131n\u0131n katk\u0131s\u0131 \u00e7ok b\u00fcy\u00fck&#8230; H\u00fclya T\u00fcrkmen, Garanti Bankas\u0131 <\/p>\n","protected":false},"excerpt":{"rendered":"<p>Kaan hoca, her zaman oldu\u011fu gibi yine dillere h\u0131zla pelesenk olmu\u015f bir kavram\u0131 ustal\u0131kla somutla\u015ft\u0131r\u0131yor. M\u00fc\u015fteri yolculu\u011fu yakla\u015f\u0131m\u0131n\u0131n nas\u0131l hayata ge\u00e7irilebilece\u011fini etkili \u00f6rneklerle aktar\u0131yor. Prof. Dr.<span class=\"excerpt-hellip\"> [\u2026]<\/span><\/p>\n","protected":false},"featured_media":0,"template":"","meta":{"_monsterinsights_skip_tracking":false,"_monsterinsights_sitenote_active":false,"_monsterinsights_sitenote_note":"","_monsterinsights_sitenote_category":0},"product_brand":[],"product_cat":[13043,17647],"product_tag":[],"class_list":{"0":"post-710652","1":"product","2":"type-product","3":"status-publish","5":"product_cat-ekonomi","6":"product_cat-is-dunyasi","7":"pa_cilt-ciltsiz","8":"pa_tur-kitap","9":"pa_yayinevi-mediacat-kitaplari","10":"pa_yazar-kaan-varnali","12":"first","13":"instock","14":"sale","15":"shipping-taxable","16":"purchasable","17":"product-type-simple"},"_links":{"self":[{"href":"https:\/\/roveyayinevi.com.tr\/index.php\/wp-json\/wp\/v2\/product\/710652","targetHints":{"allow":["GET"]}}],"collection":[{"href":"https:\/\/roveyayinevi.com.tr\/index.php\/wp-json\/wp\/v2\/product"}],"about":[{"href":"https:\/\/roveyayinevi.com.tr\/index.php\/wp-json\/wp\/v2\/types\/product"}],"wp:attachment":[{"href":"https:\/\/roveyayinevi.com.tr\/index.php\/wp-json\/wp\/v2\/media?parent=710652"}],"wp:term":[{"taxonomy":"product_brand","embeddable":true,"href":"https:\/\/roveyayinevi.com.tr\/index.php\/wp-json\/wp\/v2\/product_brand?post=710652"},{"taxonomy":"product_cat","embeddable":true,"href":"https:\/\/roveyayinevi.com.tr\/index.php\/wp-json\/wp\/v2\/product_cat?post=710652"},{"taxonomy":"product_tag","embeddable":true,"href":"https:\/\/roveyayinevi.com.tr\/index.php\/wp-json\/wp\/v2\/product_tag?post=710652"}],"curies":[{"name":"wp","href":"https:\/\/api.w.org\/{rel}","templated":true}]}}