{"id":710651,"date":"2025-08-27T16:38:09","date_gmt":"2025-08-27T13:38:09","guid":{"rendered":"https:\/\/roveyayinevi.com.tr\/index.php\/urun\/yaraticilik-firtinasi\/"},"modified":"2026-04-16T02:19:22","modified_gmt":"2026-04-15T23:19:22","slug":"yaraticilik-firtinasi","status":"publish","type":"product","link":"https:\/\/roveyayinevi.com.tr\/index.php\/urun\/yaraticilik-firtinasi\/","title":{"rendered":"Yarat\u0131c\u0131l\u0131k F\u0131rt\u0131nas\u0131"},"content":{"rendered":"<p>Yarat\u0131c\u0131 kaosun ortas\u0131nda bize k\u0131lavuzluk eden Yarat\u0131c\u0131l\u0131k F\u0131rt\u0131nas\u0131, d\u00fcnyaya yeni ve \u00f6zg\u00fcn fikirler getirirken, zorlanmadan ve ak\u0131\u015f\u0131n i\u00e7inde kalarak nas\u0131l yol alabilece\u011fimizi g\u00f6steriyor.                                                                                                               Joe Gebbia, Airbnb, CPO ve kurucu ortak Yarat\u0131c\u0131l\u0131k tekildir, ki\u015fiye \u00f6zg\u00fcd\u00fcr, kural tan\u0131maz ve ortaya \u00e7\u0131kan eser de do\u011fum an\u0131ndan itibaren biriciktir. Peki bu kadar ele avuca s\u0131\u011fmaz bir olgunun evrensel kurallar\u0131 olabilir mi? Rhode Island Tasar\u0131m Okulu profes\u00f6rlerinden, yazar KynaLeski\u2019ye g\u00f6re evet. Leski\u2019ye g\u00f6re sanat\u00e7\u0131lar, mimarlar, \u015fairler, mucitler, bilim insanlar\u0131 ve yarat\u0131c\u0131 bir i\u015fe imza atan herkes, daha \u00f6nce var olmayan bir \u015feyi v\u00fccuda getirirken ayn\u0131 yollardan ge\u00e7iyor. Ve yazar s\u00f6z konusu s\u00fcreci f\u0131rt\u0131na metaforuyla a\u00e7\u0131kl\u0131yor: Yarat\u0131c\u0131 bir eser de t\u0131pk\u0131 f\u0131rt\u0131na gibi bir sessizli\u011fin ard\u0131ndan ortaya \u00e7\u0131kar; yarat\u0131c\u0131 s\u00fcre\u00e7 dinamiktir, s\u00fcrekli hareket halindedir, ak\u0131\u015fkand\u0131r. \u0130nsanlar yarat\u0131c\u0131 bir s\u00fcrecin i\u00e7indeyken \u00f6nce \u00f6nyarg\u0131lar\u0131ndan s\u0131yr\u0131l\u0131r, veri toplar, ara\u015ft\u0131rma yapar, nesneleri bir araya getirir, kimi zaman yolunu kaybeder, yeni ba\u011flant\u0131lar kurar; durur, dinlenir, bazen pes etmenin e\u015fi\u011fine gelir, yeniden ba\u015flar\u2026 KynaLeski\u2019nin sat\u0131rlar\u0131n\u0131 okurken, yarat\u0131c\u0131 bir s\u00fcrecin e\u015flik etti\u011fi f\u0131rt\u0131nan\u0131n i\u00e7inde kaybolup gitmemeyi \u00f6\u011freniyor, f\u0131rt\u0131na dindi\u011finde ortaya \u00e7\u0131kan berrak g\u00fcn do\u011fumlar\u0131n\u0131n \u0131\u015f\u0131\u011f\u0131nda y\u0131kanan yeni bir d\u00fcnya ile tan\u0131\u015f\u0131yoruz. <\/p>\n","protected":false},"excerpt":{"rendered":"<p>Yarat\u0131c\u0131 kaosun ortas\u0131nda bize k\u0131lavuzluk eden Yarat\u0131c\u0131l\u0131k F\u0131rt\u0131nas\u0131, d\u00fcnyaya yeni ve \u00f6zg\u00fcn fikirler getirirken, zorlanmadan ve ak\u0131\u015f\u0131n i\u00e7inde kalarak nas\u0131l yol alabilece\u011fimizi g\u00f6steriyor. Joe Gebbia, Airbnb,<span class=\"excerpt-hellip\"> [\u2026]<\/span><\/p>\n","protected":false},"featured_media":0,"template":"","meta":{"_monsterinsights_skip_tracking":false,"_monsterinsights_sitenote_active":false,"_monsterinsights_sitenote_note":"","_monsterinsights_sitenote_category":0},"product_brand":[],"product_cat":[13043,17647],"product_tag":[],"class_list":{"0":"post-710651","1":"product","2":"type-product","3":"status-publish","5":"product_cat-ekonomi","6":"product_cat-is-dunyasi","7":"pa_cilt-ciltsiz","8":"pa_tur-kitap","9":"pa_yayinevi-mediacat-kitaplari","10":"pa_yazar-kyna-leski","12":"first","13":"instock","14":"sale","15":"shipping-taxable","16":"purchasable","17":"product-type-simple"},"_links":{"self":[{"href":"https:\/\/roveyayinevi.com.tr\/index.php\/wp-json\/wp\/v2\/product\/710651","targetHints":{"allow":["GET"]}}],"collection":[{"href":"https:\/\/roveyayinevi.com.tr\/index.php\/wp-json\/wp\/v2\/product"}],"about":[{"href":"https:\/\/roveyayinevi.com.tr\/index.php\/wp-json\/wp\/v2\/types\/product"}],"wp:attachment":[{"href":"https:\/\/roveyayinevi.com.tr\/index.php\/wp-json\/wp\/v2\/media?parent=710651"}],"wp:term":[{"taxonomy":"product_brand","embeddable":true,"href":"https:\/\/roveyayinevi.com.tr\/index.php\/wp-json\/wp\/v2\/product_brand?post=710651"},{"taxonomy":"product_cat","embeddable":true,"href":"https:\/\/roveyayinevi.com.tr\/index.php\/wp-json\/wp\/v2\/product_cat?post=710651"},{"taxonomy":"product_tag","embeddable":true,"href":"https:\/\/roveyayinevi.com.tr\/index.php\/wp-json\/wp\/v2\/product_tag?post=710651"}],"curies":[{"name":"wp","href":"https:\/\/api.w.org\/{rel}","templated":true}]}}