{"id":710650,"date":"2025-08-27T16:38:09","date_gmt":"2025-08-27T13:38:09","guid":{"rendered":"https:\/\/roveyayinevi.com.tr\/index.php\/urun\/dostluk-uzerine\/"},"modified":"2026-04-16T02:19:22","modified_gmt":"2026-04-15T23:19:22","slug":"dostluk-uzerine","status":"publish","type":"product","link":"https:\/\/roveyayinevi.com.tr\/index.php\/urun\/dostluk-uzerine\/","title":{"rendered":"Dostluk \u00dczerine"},"content":{"rendered":"<p>Roma\u2019n\u0131n cumhuriyet rejiminden uzakla\u015farak imparatorluk d\u00fczenine ad\u0131m ad\u0131m yakla\u015ft\u0131\u011f\u0131 \u0130\u00d6 1. y\u00fczy\u0131lda ya\u015fayan ve bu \u00e7alkant\u0131l\u0131 siyasi ortamda Roma\u2019n\u0131n soylu ideallerini ve cumhuriyet fikrini her f\u0131rsatta savunmaktan geri durmayan, hatta bu u\u011furda can\u0131n\u0131 vermekten bile \u00e7ekinmeyen b\u00fcy\u00fck hatip, devlet adam\u0131 ve filozof Cicero\u2019nun \u00f6mr\u00fcn\u00fcn son demlerinde, siyasetten elini ete\u011fini \u00e7ekti\u011fi d\u00f6nemde kaleme ald\u0131\u011f\u0131 felsefe konulu eserlerinin ba\u015f\u0131nda gelir De Amicitia (Dostluk \u00dczerine). Zihnini Yunan k\u00fclt\u00fcr\u00fcyle yo\u011furmu\u015f, Platon\u2019un Akademeia\u2019s\u0131ndan Aristoteles\u2019in Peripatos\u2019una, hatta Epikuros\u00e7u ve Stoac\u0131 okullara de\u011fin Yunan d\u00fc\u015f\u00fcncesini sat\u0131r sat\u0131r \u00f6z\u00fcmsemi\u015f bir filozof olan Cicero, bu eserinde Yunan ahlak felsefesinin en temel kavramlar\u0131ndan biri olan dostlu\u011fu Romal\u0131 bir bak\u0131\u015f a\u00e7\u0131s\u0131yla ele alm\u0131\u015f ve bu kavram\u0131 Roma\u2019n\u0131n siyaset arenas\u0131na ta\u015f\u0131yarak fikir ve eylem yolda\u015fl\u0131\u011f\u0131na d\u00f6n\u00fc\u015ft\u00fcrm\u00fc\u015ft\u00fcr. <\/p>\n","protected":false},"excerpt":{"rendered":"<p>Roma\u2019n\u0131n cumhuriyet rejiminden uzakla\u015farak imparatorluk d\u00fczenine ad\u0131m ad\u0131m yakla\u015ft\u0131\u011f\u0131 \u0130\u00d6 1. y\u00fczy\u0131lda ya\u015fayan ve bu \u00e7alkant\u0131l\u0131 siyasi ortamda Roma\u2019n\u0131n soylu ideallerini ve cumhuriyet fikrini her f\u0131rsatta<span class=\"excerpt-hellip\"> [\u2026]<\/span><\/p>\n","protected":false},"featured_media":0,"template":"","meta":{"_monsterinsights_skip_tracking":false,"_monsterinsights_sitenote_active":false,"_monsterinsights_sitenote_note":"","_monsterinsights_sitenote_category":0},"product_brand":[],"product_cat":[12291,13872],"product_tag":[],"class_list":{"0":"post-710650","1":"product","2":"type-product","3":"status-publish","5":"product_cat-edebiyat","6":"product_cat-klasikler","7":"pa_cilt-ciltsiz","8":"pa_tur-kitap","9":"pa_yayinevi-alfa-yayinlari","10":"pa_yazar-cicero","12":"first","13":"instock","14":"sale","15":"shipping-taxable","16":"purchasable","17":"product-type-simple"},"_links":{"self":[{"href":"https:\/\/roveyayinevi.com.tr\/index.php\/wp-json\/wp\/v2\/product\/710650","targetHints":{"allow":["GET"]}}],"collection":[{"href":"https:\/\/roveyayinevi.com.tr\/index.php\/wp-json\/wp\/v2\/product"}],"about":[{"href":"https:\/\/roveyayinevi.com.tr\/index.php\/wp-json\/wp\/v2\/types\/product"}],"wp:attachment":[{"href":"https:\/\/roveyayinevi.com.tr\/index.php\/wp-json\/wp\/v2\/media?parent=710650"}],"wp:term":[{"taxonomy":"product_brand","embeddable":true,"href":"https:\/\/roveyayinevi.com.tr\/index.php\/wp-json\/wp\/v2\/product_brand?post=710650"},{"taxonomy":"product_cat","embeddable":true,"href":"https:\/\/roveyayinevi.com.tr\/index.php\/wp-json\/wp\/v2\/product_cat?post=710650"},{"taxonomy":"product_tag","embeddable":true,"href":"https:\/\/roveyayinevi.com.tr\/index.php\/wp-json\/wp\/v2\/product_tag?post=710650"}],"curies":[{"name":"wp","href":"https:\/\/api.w.org\/{rel}","templated":true}]}}