{"id":710648,"date":"2025-08-27T16:38:08","date_gmt":"2025-08-27T13:38:08","guid":{"rendered":"https:\/\/roveyayinevi.com.tr\/index.php\/urun\/satranc-12\/"},"modified":"2026-04-16T02:19:22","modified_gmt":"2026-04-15T23:19:22","slug":"satranc-12","status":"publish","type":"product","link":"https:\/\/roveyayinevi.com.tr\/index.php\/urun\/satranc-12\/","title":{"rendered":"Satran\u00e7"},"content":{"rendered":"<p>\u0130mk\u00e2ns\u0131z olan ger\u00e7ekle\u015fir ve d\u00fcnya satran\u00e7 \u015fampiyonu Mirko Czentovic, yirmi yirmi be\u015f y\u0131ld\u0131r hi\u00e7bir satran\u00e7 tahtas\u0131na elini s\u00fcrmemi\u015f olan yabanc\u0131ya kar\u015f\u0131 yenilir. Kim oldu\u011fu bilinmeyen bu adam, d\u00fcnyadaki en g\u00fc\u00e7l\u00fc satran\u00e7 oyuncusunu a\u00e7\u0131k arayla yener. Avusturya g\u00f6\u00e7meni Dr. B., New York\u2019tan Buenos Aires\u2019e do\u011fru yola \u00e7\u0131kan bir yolcu gemisinde satran\u00e7 \u015fampiyonuyla tamamen tesad\u00fcf eseri m\u00fccadeleye oturdu\u011funda b\u00fcy\u00fck bir \u015fa\u015fk\u0131nl\u0131k ya\u015fan\u0131r. Tecr\u00fcbeli rakibini b\u00fcy\u00fck bir rahatl\u0131kla yenen yabanc\u0131, oyundan \u00f6nce, nasyonal sosyalistler taraf\u0131ndan tutukland\u0131\u011f\u0131 d\u00f6neme ait \u00fcz\u00fcc\u00fc an\u0131lar\u0131n\u0131 anlatarak, psikolojisini yeniden tehdit etmeye ba\u015flayacak olan ruhsal yaras\u0131n\u0131 kanat\u0131r. <\/p>\n","protected":false},"excerpt":{"rendered":"<p>\u0130mk\u00e2ns\u0131z olan ger\u00e7ekle\u015fir ve d\u00fcnya satran\u00e7 \u015fampiyonu Mirko Czentovic, yirmi yirmi be\u015f y\u0131ld\u0131r hi\u00e7bir satran\u00e7 tahtas\u0131na elini s\u00fcrmemi\u015f olan yabanc\u0131ya kar\u015f\u0131 yenilir. Kim oldu\u011fu bilinmeyen bu<span class=\"excerpt-hellip\"> [\u2026]<\/span><\/p>\n","protected":false},"featured_media":0,"template":"","meta":{"_monsterinsights_skip_tracking":false,"_monsterinsights_sitenote_active":false,"_monsterinsights_sitenote_note":"","_monsterinsights_sitenote_category":0},"product_brand":[],"product_cat":[12782,12291],"product_tag":[],"class_list":{"0":"post-710648","1":"product","2":"type-product","3":"status-publish","5":"product_cat-alman-edebiyati","6":"product_cat-edebiyat","7":"pa_cilt-ciltsiz","8":"pa_tur-kitap","9":"pa_yayinevi-alfa-yayinlari","10":"pa_yazar-stefan-zweig","12":"first","13":"instock","14":"sale","15":"shipping-taxable","16":"purchasable","17":"product-type-simple"},"_links":{"self":[{"href":"https:\/\/roveyayinevi.com.tr\/index.php\/wp-json\/wp\/v2\/product\/710648","targetHints":{"allow":["GET"]}}],"collection":[{"href":"https:\/\/roveyayinevi.com.tr\/index.php\/wp-json\/wp\/v2\/product"}],"about":[{"href":"https:\/\/roveyayinevi.com.tr\/index.php\/wp-json\/wp\/v2\/types\/product"}],"wp:attachment":[{"href":"https:\/\/roveyayinevi.com.tr\/index.php\/wp-json\/wp\/v2\/media?parent=710648"}],"wp:term":[{"taxonomy":"product_brand","embeddable":true,"href":"https:\/\/roveyayinevi.com.tr\/index.php\/wp-json\/wp\/v2\/product_brand?post=710648"},{"taxonomy":"product_cat","embeddable":true,"href":"https:\/\/roveyayinevi.com.tr\/index.php\/wp-json\/wp\/v2\/product_cat?post=710648"},{"taxonomy":"product_tag","embeddable":true,"href":"https:\/\/roveyayinevi.com.tr\/index.php\/wp-json\/wp\/v2\/product_tag?post=710648"}],"curies":[{"name":"wp","href":"https:\/\/api.w.org\/{rel}","templated":true}]}}