{"id":710643,"date":"2025-08-27T16:38:05","date_gmt":"2025-08-27T13:38:05","guid":{"rendered":"https:\/\/roveyayinevi.com.tr\/index.php\/urun\/cirkin-besli\/"},"modified":"2026-04-16T02:19:22","modified_gmt":"2026-04-15T23:19:22","slug":"cirkin-besli","status":"publish","type":"product","link":"https:\/\/roveyayinevi.com.tr\/index.php\/urun\/cirkin-besli\/","title":{"rendered":"\u00c7irkin Be\u015fli"},"content":{"rendered":"<p>\u00c7irkiniz biz, \u00e7irkin be\u015fliyiz, \u00c7irkiniz biz, \u00e7irkin be\u015fliyiz. Herkes tabanlar\u0131 ya\u011flar bizi g\u00f6r\u00fcnce Dudaklar\u0131 u\u00e7uklar yak\u0131n\u0131m\u0131za gelince Afrika Antilobu, Sark\u0131k Yanakl\u0131 Akbaba, Marabu Ku\u015fu, Benekli S\u0131rtlan ve de Afrika Domuzu\u2026 Onlar genellikle \u00c7irkin Be\u015fli diye bilinir\u2026 Ama acaba herkes ayn\u0131 fikirde midir? <\/p>\n","protected":false},"excerpt":{"rendered":"<p>\u00c7irkiniz biz, \u00e7irkin be\u015fliyiz, \u00c7irkiniz biz, \u00e7irkin be\u015fliyiz. Herkes tabanlar\u0131 ya\u011flar bizi g\u00f6r\u00fcnce Dudaklar\u0131 u\u00e7uklar yak\u0131n\u0131m\u0131za gelince Afrika Antilobu, Sark\u0131k Yanakl\u0131 Akbaba, Marabu Ku\u015fu, Benekli S\u0131rtlan<span class=\"excerpt-hellip\"> [\u2026]<\/span><\/p>\n","protected":false},"featured_media":0,"template":"","meta":{"_monsterinsights_skip_tracking":false,"_monsterinsights_sitenote_active":false,"_monsterinsights_sitenote_note":"","_monsterinsights_sitenote_category":0},"product_brand":[],"product_cat":[12274,12284],"product_tag":[],"class_list":{"0":"post-710643","1":"product","2":"type-product","3":"status-publish","5":"product_cat-cocuk-ve-genclik-kitaplari","6":"product_cat-hikayeler","7":"pa_cilt-ciltli","8":"pa_tur-kitap","9":"pa_yayinevi-is-bankasi-kultur-yayinlari","10":"pa_yazar-julia-donaldson","12":"first","13":"instock","14":"sale","15":"shipping-taxable","16":"purchasable","17":"product-type-simple"},"_links":{"self":[{"href":"https:\/\/roveyayinevi.com.tr\/index.php\/wp-json\/wp\/v2\/product\/710643","targetHints":{"allow":["GET"]}}],"collection":[{"href":"https:\/\/roveyayinevi.com.tr\/index.php\/wp-json\/wp\/v2\/product"}],"about":[{"href":"https:\/\/roveyayinevi.com.tr\/index.php\/wp-json\/wp\/v2\/types\/product"}],"wp:attachment":[{"href":"https:\/\/roveyayinevi.com.tr\/index.php\/wp-json\/wp\/v2\/media?parent=710643"}],"wp:term":[{"taxonomy":"product_brand","embeddable":true,"href":"https:\/\/roveyayinevi.com.tr\/index.php\/wp-json\/wp\/v2\/product_brand?post=710643"},{"taxonomy":"product_cat","embeddable":true,"href":"https:\/\/roveyayinevi.com.tr\/index.php\/wp-json\/wp\/v2\/product_cat?post=710643"},{"taxonomy":"product_tag","embeddable":true,"href":"https:\/\/roveyayinevi.com.tr\/index.php\/wp-json\/wp\/v2\/product_tag?post=710643"}],"curies":[{"name":"wp","href":"https:\/\/api.w.org\/{rel}","templated":true}]}}