{"id":710639,"date":"2025-08-27T16:38:03","date_gmt":"2025-08-27T13:38:03","guid":{"rendered":"https:\/\/roveyayinevi.com.tr\/index.php\/urun\/asla-pes-etme\/"},"modified":"2026-04-16T02:19:22","modified_gmt":"2026-04-15T23:19:22","slug":"asla-pes-etme","status":"publish","type":"product","link":"https:\/\/roveyayinevi.com.tr\/index.php\/urun\/asla-pes-etme\/","title":{"rendered":"Asla Pes Etme"},"content":{"rendered":"<p>Profes\u00f6r Stephen Westaby kalp cerrahisinde s\u0131n\u0131rlar\u0131 zorluyor. 35 y\u0131ll\u0131k mesleki hayat\u0131nda 12.000 ameliyat ger\u00e7ekle\u015ftiren Profes\u00f6r bir\u00e7ok hastas\u0131n\u0131 \u00f6l\u00fcmden d\u00f6nd\u00fcrd\u00fc. Westaby an\u0131lar\u0131nda okuyucular\u0131 \u015fa\u015f\u0131rtmaktan bir saniye bile geri kalm\u0131yor.Say\u0131s\u0131z kalp krizi ge\u00e7iren alt\u0131 ayl\u0131k bir bebek, \u201ckilitli kalma\u201d sendromundan mustarip gen\u00e7 bir kad\u0131n ve sekiz y\u0131l boyunca hayat\u0131 pile ba\u011fl\u0131 olan bir adam\u2026G\u00fc\u00e7l\u00fc, \u00f6nemli ve ak\u0131l almaz derecede etkileyici bir kitap Asla Pes Etme! Bize kalp cerrahisinin \u00f6zel mi \u00f6zel, hareketli mi hareketli ama bazen de trajik d\u00fcnyas\u0131n\u0131n kap\u0131lar\u0131n\u0131 a\u00e7\u0131yor ve bir insan hayat\u0131n\u0131 elinde tutman\u0131n ne demek oldu\u011funu anlat\u0131yor.. Profes\u00f6r Stephen Westaby, \u0130ngiliz kalp cerrah\u0131. Charing Cross Hastanesi T\u0131p Fak\u00fcltesi mezunu profes\u00f6r, \u00f6\u011frencili\u011finde ve mezun olduktan sonra bir s\u00fcreli\u011fine Royal Brompton Hastanesi\u2019nde \u00e7al\u0131\u015ft\u0131. Ard\u0131ndan uzun y\u0131llar Oxford\u2019daki John Radcliffe Hastanesi\u2019nde g\u00f6rev yapt\u0131. 2002 y\u0131l\u0131nda Midlander of the Year \u00f6d\u00fcl\u00fcne lay\u0131k g\u00f6r\u00fcld\u00fc. Profes\u00f6r Stephen Westaby, Royal College of Surgeons \u00fcyesi. <\/p>\n","protected":false},"excerpt":{"rendered":"<p>Profes\u00f6r Stephen Westaby kalp cerrahisinde s\u0131n\u0131rlar\u0131 zorluyor. 35 y\u0131ll\u0131k mesleki hayat\u0131nda 12.000 ameliyat ger\u00e7ekle\u015ftiren Profes\u00f6r bir\u00e7ok hastas\u0131n\u0131 \u00f6l\u00fcmden d\u00f6nd\u00fcrd\u00fc. Westaby an\u0131lar\u0131nda okuyucular\u0131 \u015fa\u015f\u0131rtmaktan bir saniye bile<span class=\"excerpt-hellip\"> [\u2026]<\/span><\/p>\n","protected":false},"featured_media":0,"template":"","meta":{"_monsterinsights_skip_tracking":false,"_monsterinsights_sitenote_active":false,"_monsterinsights_sitenote_note":"","_monsterinsights_sitenote_category":0},"product_brand":[],"product_cat":[13701,12291],"product_tag":[],"class_list":{"0":"post-710639","1":"product","2":"type-product","3":"status-publish","5":"product_cat-ani-mektup-gunluk","6":"product_cat-edebiyat","7":"pa_cilt-ciltsiz","8":"pa_tur-kitap","9":"pa_yayinevi-hep-kitap","10":"pa_yazar-stephen-westaby","12":"first","13":"instock","14":"sale","15":"shipping-taxable","16":"purchasable","17":"product-type-simple"},"_links":{"self":[{"href":"https:\/\/roveyayinevi.com.tr\/index.php\/wp-json\/wp\/v2\/product\/710639","targetHints":{"allow":["GET"]}}],"collection":[{"href":"https:\/\/roveyayinevi.com.tr\/index.php\/wp-json\/wp\/v2\/product"}],"about":[{"href":"https:\/\/roveyayinevi.com.tr\/index.php\/wp-json\/wp\/v2\/types\/product"}],"wp:attachment":[{"href":"https:\/\/roveyayinevi.com.tr\/index.php\/wp-json\/wp\/v2\/media?parent=710639"}],"wp:term":[{"taxonomy":"product_brand","embeddable":true,"href":"https:\/\/roveyayinevi.com.tr\/index.php\/wp-json\/wp\/v2\/product_brand?post=710639"},{"taxonomy":"product_cat","embeddable":true,"href":"https:\/\/roveyayinevi.com.tr\/index.php\/wp-json\/wp\/v2\/product_cat?post=710639"},{"taxonomy":"product_tag","embeddable":true,"href":"https:\/\/roveyayinevi.com.tr\/index.php\/wp-json\/wp\/v2\/product_tag?post=710639"}],"curies":[{"name":"wp","href":"https:\/\/api.w.org\/{rel}","templated":true}]}}