{"id":710637,"date":"2025-08-27T16:38:02","date_gmt":"2025-08-27T13:38:02","guid":{"rendered":"https:\/\/roveyayinevi.com.tr\/index.php\/urun\/iste-gaudi\/"},"modified":"2026-04-16T02:19:22","modified_gmt":"2026-04-15T23:19:22","slug":"iste-gaudi","status":"publish","type":"product","link":"https:\/\/roveyayinevi.com.tr\/index.php\/urun\/iste-gaudi\/","title":{"rendered":"\u0130\u015fte Gaudi"},"content":{"rendered":"<p>Bacon, Caravaggio, C\u00e9zanne, Dal\u00ed, Gaud\u00ed, Gauguin, Goya, Kandinsky, Leonardo da Vinci, Magritte, Matisse, Monet, Pollock, Rembrandt, Van Gogh, Warhol, Frank Lloyd Wright. Farkl\u0131 \u00fclkelerden, farkl\u0131 ak\u0131mlardan, sanat d\u00fcnyas\u0131nda iz b\u0131rakm\u0131\u015f on yedi sanat\u00e7\u0131. \u00d6d\u00fcll\u00fc \u00e7izerlerin kitaplara \u00f6zel \u00e7izdikleri ill\u00fcstrasyonlarla her biri kendi ba\u015f\u0131na da bir sanat eseri aday\u0131 olan on yedi kitap. hep kitap \u201c\u0130\u015fte\u201d dizisiyle sanatseverleri keyifli bir yolculu\u011fa \u00e7\u0131kar\u0131yor. Dizinin son iki kitab\u0131 ise \u0130\u015fte Frank Lloyd Wright ve \u0130\u015fte Gaud\u00ed.Modern zamanlar\u0131n en ayk\u0131r\u0131 ve en s\u0131ra d\u0131\u015f\u0131 miraslar\u0131ndan birinin sahibi\u2026 \u00d6mr\u00fc boyunca \u201c\u015fu deli, sofu mimar\u201d olarak tan\u0131nsa da g\u00fcn\u00fcm\u00fczde b\u0131rakt\u0131\u011f\u0131 eserlerle t\u00fcm d\u00fcnyay\u0131 etkilemeye devam eden bir yetenek. Do\u011fa sevgisini, yaratt\u0131\u011f\u0131 binalar\u0131n her detay\u0131na \u00f6zenle yerle\u015ftiren, hayat\u0131n\u0131 adad\u0131\u011f\u0131 Sagrada Fam\u00edlia projesinin tamamlanmam\u0131\u015f haliyle bile g\u00f6renleri hayrete d\u00fc\u015f\u00fcren bir d\u00e2hi: Gaud\u00ed.Mimarl\u0131k tarih\u00e7isi Mollie Claypool\u2019un bilgi birikimi ve Christina Christoforou\u2019nun birbirinden g\u00fczel ill\u00fcstrasyonlar\u0131 birle\u015fip kendini sanat\u0131na adayan bir mimar\u0131n k\u00fc\u00e7\u00fck odas\u0131na kadar hayat\u0131n\u0131n her an\u0131n\u0131 g\u00f6zler \u00f6n\u00fcne seriyor. Ve kar\u015f\u0131n\u0131za \u0130\u015fte Gaudi \u00e7\u0131k\u0131yor. <\/p>\n","protected":false},"excerpt":{"rendered":"<p>Bacon, Caravaggio, C\u00e9zanne, Dal\u00ed, Gaud\u00ed, Gauguin, Goya, Kandinsky, Leonardo da Vinci, Magritte, Matisse, Monet, Pollock, Rembrandt, Van Gogh, Warhol, Frank Lloyd Wright. Farkl\u0131 \u00fclkelerden, farkl\u0131 ak\u0131mlardan,<span class=\"excerpt-hellip\"> [\u2026]<\/span><\/p>\n","protected":false},"featured_media":0,"template":"","meta":{"_monsterinsights_skip_tracking":false,"_monsterinsights_sitenote_active":false,"_monsterinsights_sitenote_note":"","_monsterinsights_sitenote_category":0},"product_brand":[],"product_cat":[12274,14573],"product_tag":[],"class_list":{"0":"post-710637","1":"product","2":"type-product","3":"status-publish","5":"product_cat-cocuk-ve-genclik-kitaplari","6":"product_cat-referans-kitaplar-cocuk-ve-genclik-kitaplari","7":"pa_cilt-ciltsiz","8":"pa_tur-kitap","9":"pa_yayinevi-hep-kitap","10":"pa_yazar-mollie-claypool","12":"first","13":"instock","14":"sale","15":"shipping-taxable","16":"purchasable","17":"product-type-simple"},"_links":{"self":[{"href":"https:\/\/roveyayinevi.com.tr\/index.php\/wp-json\/wp\/v2\/product\/710637","targetHints":{"allow":["GET"]}}],"collection":[{"href":"https:\/\/roveyayinevi.com.tr\/index.php\/wp-json\/wp\/v2\/product"}],"about":[{"href":"https:\/\/roveyayinevi.com.tr\/index.php\/wp-json\/wp\/v2\/types\/product"}],"wp:attachment":[{"href":"https:\/\/roveyayinevi.com.tr\/index.php\/wp-json\/wp\/v2\/media?parent=710637"}],"wp:term":[{"taxonomy":"product_brand","embeddable":true,"href":"https:\/\/roveyayinevi.com.tr\/index.php\/wp-json\/wp\/v2\/product_brand?post=710637"},{"taxonomy":"product_cat","embeddable":true,"href":"https:\/\/roveyayinevi.com.tr\/index.php\/wp-json\/wp\/v2\/product_cat?post=710637"},{"taxonomy":"product_tag","embeddable":true,"href":"https:\/\/roveyayinevi.com.tr\/index.php\/wp-json\/wp\/v2\/product_tag?post=710637"}],"curies":[{"name":"wp","href":"https:\/\/api.w.org\/{rel}","templated":true}]}}