{"id":710636,"date":"2025-08-27T16:37:56","date_gmt":"2025-08-27T13:37:56","guid":{"rendered":"https:\/\/roveyayinevi.com.tr\/index.php\/urun\/aleviligin-politiklesme-sureci-kimlik-siyasetinin-kisitliliklari-ve-imkanlari\/"},"modified":"2026-04-16T02:19:22","modified_gmt":"2026-04-15T23:19:22","slug":"aleviligin-politiklesme-sureci-kimlik-siyasetinin-kisitliliklari-ve-imkanlari","status":"publish","type":"product","link":"https:\/\/roveyayinevi.com.tr\/index.php\/urun\/aleviligin-politiklesme-sureci-kimlik-siyasetinin-kisitliliklari-ve-imkanlari\/","title":{"rendered":"Alevili\u011fin Politikle\u015fme S\u00fcreci (Kimlik Siyasetinin K\u0131s\u0131tl\u0131l\u0131klar\u0131 ve \u0130mkanlar\u0131)"},"content":{"rendered":"<p>\u201cAlevili\u011fin 1990\u2019larda bir kimlik siyaseti bi\u00e7iminde \u00f6rg\u00fctlenmesi siyasetin k\u00fclt\u00fcrel d\u00f6n\u00fc\u015f\u00fcm\u00fcn\u00fcn do\u011frudan bir sonucu olsa bile, Alevi hareketinin seyri, onun y\u00fcr\u00fctt\u00fc\u011f\u00fc m\u00fccadeleyi klasik bir kimlik siyasetinden farkl\u0131 k\u0131lmaktad\u0131r. Alevi hareketi, M\u00fcsl\u00fcmanlar\u0131n \u0130sl\u00e2m\u00ee de\u011ferler \u00fczenine bina edilen bir kamusal alanda kendi dinlerini ya\u015famas\u0131n\u0131 savunan siyasal \u0130sl\u00e2m\u2019dan veya anadilde e\u011fitim ve \u00f6zy\u00f6netim gibi kavramlar etraf\u0131nda K\u00fcrtlerin K\u00fcrt kimliklerini \u00f6zg\u00fcrce ya\u015fayabilece\u011fi bir sosyo-politik d\u00fczlemi hedefleyen K\u00fcrt hareketinden farkl\u0131 bir politikle\u015fme seyri izledi. Alevi hareketi, b\u00fcy\u00fck \u00f6l\u00e7\u00fcde, Alevilerin tikel kimliklerine vurgu yapan ve farkl\u0131l\u0131klar\u0131n\u0131 \u00f6zg\u00fcrce ya\u015famas\u0131n\u0131 ama\u00e7layan bir siyas\u00ee dil yerine, Alevilerin toplumsal ya\u015fama, Alevi olmayanlarla e\u015fit d\u00fczlemde kat\u0131lmas\u0131n\u0131 savunan bir siyas\u00ee hat izledi.\u201dModern T\u00fcrkiye tarihinde Alevili\u011fin politikle\u015fmesinin 1960\u2019lardan ba\u015flat\u0131labilecek olan seyrinde, ne gibi a\u015famalar tespit edebiliriz?Mehmet Ertan, 1960-1980 d\u00f6nemini, \u201c\u00f6rt\u00fcl\u00fc politikle\u015fme\u201d olarak ele al\u0131yor. 1980\u2019lerden \u201990\u2019lara ge\u00e7erken ise, kimlik politikas\u0131n\u0131n belirleyici hale geldi\u011fini ve Alevili\u011fin m\u00fcstakil bir sosyal harekete kaynakl\u0131k etti\u011fini g\u00f6zl\u00fcyor.Peki, \u201cAlevi uyan\u0131\u015f\u0131\u201d olarak da adland\u0131r\u0131lan bu politikle\u015fme hangi dinamiklerle, hangi tart\u0131\u015fmalarla ilerledi? Alevili\u011fin dinsel k\u00fclt\u00fcr\u00fcn\u00fcn, uzun ve k\u0131sa d\u00f6nemli ma\u011fduriyet haf\u0131zas\u0131 (u\u011frad\u0131\u011f\u0131 katliamlar), etno-k\u00fclt\u00fcrel \u00e7o\u011fulluk ve co\u011frafi da\u011f\u0131n\u0131kl\u0131k gibi \u00f6zg\u00fcl etkenlerin bu s\u00fcre\u00e7teki etkisi nedir? Bu gibi sorular etraf\u0131nda, Alevi sosyal ve siyas\u00ee hareketinin son yirmi-otuz y\u0131ldaki geli\u015fiminin ayr\u0131nt\u0131l\u0131 bir incelemesi&#8230; Dernekler etraf\u0131nda \u015fekillenen siyaset ve tart\u0131\u015fmalar\u0131n yan\u0131 s\u0131ra, Bar\u0131\u015f Partisi tecr\u00fcbesinin g\u00f6sterdiklerine de bakarak&#8230; <\/p>\n","protected":false},"excerpt":{"rendered":"<p>\u201cAlevili\u011fin 1990\u2019larda bir kimlik siyaseti bi\u00e7iminde \u00f6rg\u00fctlenmesi siyasetin k\u00fclt\u00fcrel d\u00f6n\u00fc\u015f\u00fcm\u00fcn\u00fcn do\u011frudan bir sonucu olsa bile, Alevi hareketinin seyri, onun y\u00fcr\u00fctt\u00fc\u011f\u00fc m\u00fccadeleyi klasik bir kimlik siyasetinden farkl\u0131<span class=\"excerpt-hellip\"> [\u2026]<\/span><\/p>\n","protected":false},"featured_media":0,"template":"","meta":{"_monsterinsights_skip_tracking":false,"_monsterinsights_sitenote_active":false,"_monsterinsights_sitenote_note":"","_monsterinsights_sitenote_category":0},"product_brand":[],"product_cat":[13575,12718,12719],"product_tag":[],"class_list":{"0":"post-710636","1":"product","2":"type-product","3":"status-publish","5":"product_cat-alevilik-bektasilik","6":"product_cat-din","7":"product_cat-islam","8":"pa_cilt-ciltsiz","9":"pa_tur-kitap","10":"pa_yayinevi-iletisim-yayinlari","11":"pa_yazar-mehmet-ertan","13":"first","14":"instock","15":"sale","16":"shipping-taxable","17":"purchasable","18":"product-type-simple"},"_links":{"self":[{"href":"https:\/\/roveyayinevi.com.tr\/index.php\/wp-json\/wp\/v2\/product\/710636","targetHints":{"allow":["GET"]}}],"collection":[{"href":"https:\/\/roveyayinevi.com.tr\/index.php\/wp-json\/wp\/v2\/product"}],"about":[{"href":"https:\/\/roveyayinevi.com.tr\/index.php\/wp-json\/wp\/v2\/types\/product"}],"wp:attachment":[{"href":"https:\/\/roveyayinevi.com.tr\/index.php\/wp-json\/wp\/v2\/media?parent=710636"}],"wp:term":[{"taxonomy":"product_brand","embeddable":true,"href":"https:\/\/roveyayinevi.com.tr\/index.php\/wp-json\/wp\/v2\/product_brand?post=710636"},{"taxonomy":"product_cat","embeddable":true,"href":"https:\/\/roveyayinevi.com.tr\/index.php\/wp-json\/wp\/v2\/product_cat?post=710636"},{"taxonomy":"product_tag","embeddable":true,"href":"https:\/\/roveyayinevi.com.tr\/index.php\/wp-json\/wp\/v2\/product_tag?post=710636"}],"curies":[{"name":"wp","href":"https:\/\/api.w.org\/{rel}","templated":true}]}}