{"id":710635,"date":"2025-08-27T16:37:55","date_gmt":"2025-08-27T13:37:55","guid":{"rendered":"https:\/\/roveyayinevi.com.tr\/index.php\/urun\/orada-bir-arada\/"},"modified":"2026-04-16T02:19:22","modified_gmt":"2026-04-15T23:19:22","slug":"orada-bir-arada","status":"publish","type":"product","link":"https:\/\/roveyayinevi.com.tr\/index.php\/urun\/orada-bir-arada\/","title":{"rendered":"Orada, Bir Arada"},"content":{"rendered":"<p>Meslek hayat\u0131 boyunca, otuz y\u0131l\u0131 a\u015fk\u0131n bir zaman s\u00fcrd\u00fcrd\u00fc\u011f\u00fc grup psikoterapi seanslar\u0131ndan karakteristik bir kesit aktar\u0131yor Engin Ge\u00e7tan. S\u00fcrecin kendine has dinamiklerine i\u015faret ederken, baz\u0131 temel prensiplerin de alt\u0131n\u0131 \u00e7iziyor. Grup psikoterapide \u201cgrubun b\u00fct\u00fcnle\u015fmesi\u201d denen ba\u015flang\u0131\u00e7 evresine odaklanan bu metin merakl\u0131 okura bir \u00f6rnek sunmay\u0131 ama\u00e7l\u0131yor.  \u201cBu grup \u00e7al\u0131\u015fmas\u0131na kat\u0131lan sizler, birliktelik ya\u015fant\u0131lar\u0131 yaratma ve bunu ger\u00e7ekle\u015ftirirken her birinizin kendisini daha iyi tan\u0131mas\u0131na zemin haz\u0131rlama amac\u0131yla bir araya geldiniz. Toplumumuzda kar\u015f\u0131l\u0131kl\u0131 ya da tek tarafl\u0131 dert anlatmay\u0131 ili\u015fki zanneden \u00e7ok insan var. Ancak buras\u0131 dertle\u015fme ya da d\u0131\u015f d\u00fcnyada ya\u015fad\u0131klar\u0131n\u0131z\u0131 payla\u015fma yeri de\u011fil. Amac\u0131m\u0131z bu odan\u0131n s\u0131n\u0131rlar\u0131 i\u00e7inde olabildi\u011fince b\u00fct\u00fcnl\u00fck yaratmak, bu da sizlerin buraya yapt\u0131\u011f\u0131n\u0131z katk\u0131larla ger\u00e7ekle\u015ftirilebilir. Dolay\u0131s\u0131yla \u015fu andan itibaren ben kenara \u00e7ekilerek sizleri ba\u015f ba\u015fa b\u0131rak\u0131yorum.\u201d<\/p>\n","protected":false},"excerpt":{"rendered":"<p>Meslek hayat\u0131 boyunca, otuz y\u0131l\u0131 a\u015fk\u0131n bir zaman s\u00fcrd\u00fcrd\u00fc\u011f\u00fc grup psikoterapi seanslar\u0131ndan karakteristik bir kesit aktar\u0131yor Engin Ge\u00e7tan. S\u00fcrecin kendine has dinamiklerine i\u015faret ederken, baz\u0131 temel<span class=\"excerpt-hellip\"> [\u2026]<\/span><\/p>\n","protected":false},"featured_media":0,"template":"","meta":{"_monsterinsights_skip_tracking":false,"_monsterinsights_sitenote_active":false,"_monsterinsights_sitenote_note":"","_monsterinsights_sitenote_category":0},"product_brand":[],"product_cat":[12312,12304],"product_tag":[],"class_list":{"0":"post-710635","1":"product","2":"type-product","3":"status-publish","5":"product_cat-diger","6":"product_cat-tarih","7":"pa_cilt-ciltsiz","8":"pa_tur-kitap","9":"pa_yayinevi-metis-yayinlari","10":"pa_yazar-engin-gectan","12":"first","13":"instock","14":"sale","15":"shipping-taxable","16":"purchasable","17":"product-type-simple"},"_links":{"self":[{"href":"https:\/\/roveyayinevi.com.tr\/index.php\/wp-json\/wp\/v2\/product\/710635","targetHints":{"allow":["GET"]}}],"collection":[{"href":"https:\/\/roveyayinevi.com.tr\/index.php\/wp-json\/wp\/v2\/product"}],"about":[{"href":"https:\/\/roveyayinevi.com.tr\/index.php\/wp-json\/wp\/v2\/types\/product"}],"wp:attachment":[{"href":"https:\/\/roveyayinevi.com.tr\/index.php\/wp-json\/wp\/v2\/media?parent=710635"}],"wp:term":[{"taxonomy":"product_brand","embeddable":true,"href":"https:\/\/roveyayinevi.com.tr\/index.php\/wp-json\/wp\/v2\/product_brand?post=710635"},{"taxonomy":"product_cat","embeddable":true,"href":"https:\/\/roveyayinevi.com.tr\/index.php\/wp-json\/wp\/v2\/product_cat?post=710635"},{"taxonomy":"product_tag","embeddable":true,"href":"https:\/\/roveyayinevi.com.tr\/index.php\/wp-json\/wp\/v2\/product_tag?post=710635"}],"curies":[{"name":"wp","href":"https:\/\/api.w.org\/{rel}","templated":true}]}}