{"id":710634,"date":"2025-08-27T16:37:55","date_gmt":"2025-08-27T13:37:55","guid":{"rendered":"https:\/\/roveyayinevi.com.tr\/index.php\/urun\/gok-derinin-altinda\/"},"modified":"2026-04-16T02:19:22","modified_gmt":"2026-04-15T23:19:22","slug":"gok-derinin-altinda","status":"publish","type":"product","link":"https:\/\/roveyayinevi.com.tr\/index.php\/urun\/gok-derinin-altinda\/","title":{"rendered":"G\u00f6k Derinin Alt\u0131nda"},"content":{"rendered":"<p>G\u00f6k Derinin Alt\u0131nda zaman ve mek\u00e2nla ba\u011flar\u0131 gev\u015femi\u015f insanlar\u0131n modern \u00e7a\u011fda efsanelere s\u0131\u011f\u0131nmas\u0131n\u0131n anlat\u0131s\u0131. Bildik sokaklardan Sibirya\u2019ya, arka bah\u00e7elerden Yakutistan\u2019daki \u00e7ad\u0131rlara ula\u015fan; ayn\u0131 yerden kanay\u0131p k\u0131r\u0131lan ama kendilerini saran ve iyile\u015ftirenlerin \u00f6yk\u00fcleri. Harflerden \u00e7ok r\u00fczg\u00e2r\u0131, kelimelerden \u00e7ok hisleri duyuran Nazl\u0131 Karab\u0131y\u0131ko\u011flu, bedenin ve cinsiyetin \u00f6tesine ge\u00e7en bir dil kurarken bamba\u015fka g\u00f6zlerle evrene yeniden bakabilece\u011fimizi g\u00f6steriyor. &#8220;Siz bizi \u00e7izdiniz tarihten g\u00fcn\u00fcn\u00fcze do\u011fru, sfenkslerimizi yapt\u0131n\u0131z. Tabutumuz yoktu. Vah\u015fili\u011fimizi b\u00f6l\u00fc\u015ft\u00fcrd\u00fck, yery\u00fcz\u00fcn\u00fcn t\u00fcm kad\u0131nlar\u0131ndan paralel. Y\u00fczlerine g\u00f6lge d\u00fc\u015fmesin diye hepsine i\u00e7imizden, derimizden bir amazos koyduk. Hayvanlar\u0131 katt\u0131k organlar\u0131m\u0131za, karn\u0131m\u0131zdan yararken \u00e7ocu\u011fu hep hayvanlara benzettik. Ben s\u00fcr\u00fcld\u00fcm, orman\u0131m\u0131zda tektim. Hem eri, hem di\u015fiyi sen ta\u015f\u0131 dediler.\u201d <\/p>\n","protected":false},"excerpt":{"rendered":"<p>G\u00f6k Derinin Alt\u0131nda zaman ve mek\u00e2nla ba\u011flar\u0131 gev\u015femi\u015f insanlar\u0131n modern \u00e7a\u011fda efsanelere s\u0131\u011f\u0131nmas\u0131n\u0131n anlat\u0131s\u0131. Bildik sokaklardan Sibirya\u2019ya, arka bah\u00e7elerden Yakutistan\u2019daki \u00e7ad\u0131rlara ula\u015fan; ayn\u0131 yerden kanay\u0131p k\u0131r\u0131lan<span class=\"excerpt-hellip\"> [\u2026]<\/span><\/p>\n","protected":false},"featured_media":0,"template":"","meta":{"_monsterinsights_skip_tracking":false,"_monsterinsights_sitenote_active":false,"_monsterinsights_sitenote_note":"","_monsterinsights_sitenote_category":0},"product_brand":[],"product_cat":[12291,12711],"product_tag":[],"class_list":{"0":"post-710634","1":"product","2":"type-product","3":"status-publish","5":"product_cat-edebiyat","6":"product_cat-roman-oyku","7":"pa_cilt-ciltsiz","8":"pa_tur-kitap","9":"pa_yayinevi-ithaki-yayinlari","10":"pa_yazar-nazli-karabiyikoglu","12":"first","13":"instock","14":"sale","15":"shipping-taxable","16":"purchasable","17":"product-type-simple"},"_links":{"self":[{"href":"https:\/\/roveyayinevi.com.tr\/index.php\/wp-json\/wp\/v2\/product\/710634","targetHints":{"allow":["GET"]}}],"collection":[{"href":"https:\/\/roveyayinevi.com.tr\/index.php\/wp-json\/wp\/v2\/product"}],"about":[{"href":"https:\/\/roveyayinevi.com.tr\/index.php\/wp-json\/wp\/v2\/types\/product"}],"wp:attachment":[{"href":"https:\/\/roveyayinevi.com.tr\/index.php\/wp-json\/wp\/v2\/media?parent=710634"}],"wp:term":[{"taxonomy":"product_brand","embeddable":true,"href":"https:\/\/roveyayinevi.com.tr\/index.php\/wp-json\/wp\/v2\/product_brand?post=710634"},{"taxonomy":"product_cat","embeddable":true,"href":"https:\/\/roveyayinevi.com.tr\/index.php\/wp-json\/wp\/v2\/product_cat?post=710634"},{"taxonomy":"product_tag","embeddable":true,"href":"https:\/\/roveyayinevi.com.tr\/index.php\/wp-json\/wp\/v2\/product_tag?post=710634"}],"curies":[{"name":"wp","href":"https:\/\/api.w.org\/{rel}","templated":true}]}}